{"id":15603,"date":"2022-03-22T13:59:10","date_gmt":"2022-03-22T13:59:10","guid":{"rendered":"https:\/\/cochi.cl\/web\/?post_type=product&#038;p=15603"},"modified":"2022-03-22T14:12:25","modified_gmt":"2022-03-22T14:12:25","slug":"audifonos-gamer-onikuma-k2-pro","status":"publish","type":"product","link":"https:\/\/cochi.cl\/web\/producto\/audifonos-gamer-onikuma-k2-pro\/","title":{"rendered":"AUDIFONOS GAMER ONIKUMA K2 PRO"},"content":{"rendered":"<p><span>Los auriculares para juegos ONIKUMA K2 Pro (K2A) te brindar\u00e1n un sonido de m\u00e1xima calidad.\u00a0El micr\u00f3fono est\u00e1 dise\u00f1ado para permitirle comunicarse con sus compa\u00f1eros de juego.\u00a0Le brinda un sonido de alta calidad y reduce el ruido para usted.<\/span><\/p>\n<p><span>caracter\u00edstica:<\/span><\/p>\n<p><span>1. Operaci\u00f3n de sonido claro Lat\u00f3n fuerte, excelente aislamiento de ruido ambiental, unidad magn\u00e9tica de 50 mm de alta precisi\u00f3n, que proporciona est\u00e9reo de alta calidad.<\/span><\/p>\n<p><span>2. La tecnolog\u00eda de reducci\u00f3n de ruido omnidireccional garantiza que el micr\u00f3fono escuche su voz con claridad en el juego o en el chat en l\u00ednea.<\/span><\/p>\n<p><span>3. La direcci\u00f3n del micr\u00f3fono se puede ajustar libremente.<\/span><\/p>\n<p><span>4. Comodidad superior, prote\u00edna transpirable sobre la almohadilla del o\u00eddo, haz de m\u00faltiples cabezales.\u00a0Es muy c\u00f3modo incluso si se usa durante mucho tiempo.<\/span><\/p>\n<p><span>5. Admite PlayStation 4 y Xbox One S (requiere adaptador), PS4, nueva Xbox One, Xbox one X, PS4 Pro, PC, Nintendo Switch 3DS, computadora port\u00e1til, PSP, tableta, iPad, computadora, tel\u00e9fono m\u00f3vil.<\/span><\/p>\n<p><span>Especificaciones del producto:<\/span><\/p>\n<p><span>Di\u00e1metro de la unidad: 50 mm<\/span><\/p>\n<p><span>Color: negro rojo, negro azul<\/span><\/p>\n<p><span>Sensibilidad: 117dB +\/- 3dB<\/span><\/p>\n<p><span>Impedancia: 20 ohmios +\/- 15%<\/span><\/p>\n<p><span>Rango de frecuencia: 20Hz-20KHz<\/span><\/p>\n<p><span>Tama\u00f1o del micr\u00f3fono: 6.0 * 2.7 mm<\/span><\/p>\n<p><span>Sensibilidad del micr\u00f3fono: -36dB +\/- 1dB<\/span><\/p>\n<p><span>Impedancia del micr\u00f3fono: 2.2kohm<\/span><\/p>\n<p><span>Voltaje de funcionamiento del LED: DC5V + \/ &#8211; 5%<\/span><\/p>\n<p><span>Toma de auriculares: USB<\/span><\/p>\n<p><span>Longitud del cable: aprox.\u00a02,2 metros \/ 7,22 pies<\/span><\/p>\n<p><span>Tama\u00f1o de los auriculares: aprox.\u00a021.3 * 11 * 21.5cm \/ 8.4 * 4.3 * 8.5in<\/span><\/p>\n<p><span>Peso de los auriculares: 338g \/ 11.9oz<\/span><\/p>\n<p><span>Tama\u00f1o del\u00a0paquete\u00a0: 21.5 * 11.2 * 21.7cm \/ 8.5 * 4.4 * 8.6in<\/span><\/p>\n<p><span>Peso del paquete: 569 g \/ 1.25 lbs<\/span><\/p>\n<p><span>Contenido del paquete:<\/span><\/p>\n<p><span>1 ONIKUMA K2A auriculares<\/span><\/p>\n<p><span>1 x cable dividido<\/span><\/p>\n<p><span>1 manual de usuario<\/span><img decoding=\"async\" loading=\"lazy\" class=\"aligncenter size-medium wp-image-15604\" src=\"http:\/\/cochi.cl\/web\/wp-content\/uploads\/2022\/03\/60821a29e7049-300x300.jpg\" alt=\"\" width=\"300\" height=\"300\" srcset=\"https:\/\/cochi.cl\/web\/wp-content\/uploads\/2022\/03\/60821a29e7049-300x300.jpg 300w, https:\/\/cochi.cl\/web\/wp-content\/uploads\/2022\/03\/60821a29e7049-1024x1024.jpg 1024w, https:\/\/cochi.cl\/web\/wp-content\/uploads\/2022\/03\/60821a29e7049-150x150.jpg 150w, https:\/\/cochi.cl\/web\/wp-content\/uploads\/2022\/03\/60821a29e7049-768x768.jpg 768w, https:\/\/cochi.cl\/web\/wp-content\/uploads\/2022\/03\/60821a29e7049-600x600.jpg 600w, https:\/\/cochi.cl\/web\/wp-content\/uploads\/2022\/03\/60821a29e7049-100x100.jpg 100w, https:\/\/cochi.cl\/web\/wp-content\/uploads\/2022\/03\/60821a29e7049.jpg 1500w\" sizes=\"(max-width: 300px) 100vw, 300px\" \/> <img decoding=\"async\" loading=\"lazy\" class=\"aligncenter size-medium wp-image-15605\" src=\"http:\/\/cochi.cl\/web\/wp-content\/uploads\/2022\/03\/60821a29ed4af-300x300.jpg\" alt=\"\" width=\"300\" height=\"300\" srcset=\"https:\/\/cochi.cl\/web\/wp-content\/uploads\/2022\/03\/60821a29ed4af-300x300.jpg 300w, https:\/\/cochi.cl\/web\/wp-content\/uploads\/2022\/03\/60821a29ed4af-1024x1024.jpg 1024w, https:\/\/cochi.cl\/web\/wp-content\/uploads\/2022\/03\/60821a29ed4af-150x150.jpg 150w, https:\/\/cochi.cl\/web\/wp-content\/uploads\/2022\/03\/60821a29ed4af-768x768.jpg 768w, https:\/\/cochi.cl\/web\/wp-content\/uploads\/2022\/03\/60821a29ed4af-600x600.jpg 600w, https:\/\/cochi.cl\/web\/wp-content\/uploads\/2022\/03\/60821a29ed4af-100x100.jpg 100w, https:\/\/cochi.cl\/web\/wp-content\/uploads\/2022\/03\/60821a29ed4af.jpg 1500w\" sizes=\"(max-width: 300px) 100vw, 300px\" \/> <img decoding=\"async\" loading=\"lazy\" class=\"aligncenter size-medium wp-image-15606\" src=\"http:\/\/cochi.cl\/web\/wp-content\/uploads\/2022\/03\/60821a29007bd-300x300.jpg\" alt=\"\" width=\"300\" height=\"300\" srcset=\"https:\/\/cochi.cl\/web\/wp-content\/uploads\/2022\/03\/60821a29007bd-300x300.jpg 300w, https:\/\/cochi.cl\/web\/wp-content\/uploads\/2022\/03\/60821a29007bd-1024x1024.jpg 1024w, https:\/\/cochi.cl\/web\/wp-content\/uploads\/2022\/03\/60821a29007bd-150x150.jpg 150w, https:\/\/cochi.cl\/web\/wp-content\/uploads\/2022\/03\/60821a29007bd-768x768.jpg 768w, https:\/\/cochi.cl\/web\/wp-content\/uploads\/2022\/03\/60821a29007bd-600x600.jpg 600w, https:\/\/cochi.cl\/web\/wp-content\/uploads\/2022\/03\/60821a29007bd-100x100.jpg 100w, https:\/\/cochi.cl\/web\/wp-content\/uploads\/2022\/03\/60821a29007bd.jpg 1500w\" sizes=\"(max-width: 300px) 100vw, 300px\" \/><\/p>\n","protected":false},"excerpt":{"rendered":"<p>Los auriculares para juegos ONIKUMA K2 Pro (K2A) te brindar\u00e1n un sonido de m\u00e1xima calidad.\u00a0El micr\u00f3fono est\u00e1 dise\u00f1ado para permitirle comunicarse con sus compa\u00f1eros de juego.\u00a0Le brinda un sonido de alta calidad y reduce el ruido para usted..<\/p>\n","protected":false},"featured_media":15605,"template":"","meta":[],"product_cat":[98,99],"product_tag":[],"_links":{"self":[{"href":"https:\/\/cochi.cl\/web\/wp-json\/wp\/v2\/product\/15603"}],"collection":[{"href":"https:\/\/cochi.cl\/web\/wp-json\/wp\/v2\/product"}],"about":[{"href":"https:\/\/cochi.cl\/web\/wp-json\/wp\/v2\/types\/product"}],"wp:featuredmedia":[{"embeddable":true,"href":"https:\/\/cochi.cl\/web\/wp-json\/wp\/v2\/media\/15605"}],"wp:attachment":[{"href":"https:\/\/cochi.cl\/web\/wp-json\/wp\/v2\/media?parent=15603"}],"wp:term":[{"taxonomy":"product_cat","embeddable":true,"href":"https:\/\/cochi.cl\/web\/wp-json\/wp\/v2\/product_cat?post=15603"},{"taxonomy":"product_tag","embeddable":true,"href":"https:\/\/cochi.cl\/web\/wp-json\/wp\/v2\/product_tag?post=15603"}],"curies":[{"name":"wp","href":"https:\/\/api.w.org\/{rel}","templated":true}]}}