{"id":15609,"date":"2022-03-22T14:11:42","date_gmt":"2022-03-22T14:11:42","guid":{"rendered":"https:\/\/cochi.cl\/web\/?post_type=product&#038;p=15609"},"modified":"2022-03-22T14:11:42","modified_gmt":"2022-03-22T14:11:42","slug":"audifonos-gamer-onikuma-k8-camuflaje-verde-con-luz-rgb","status":"publish","type":"product","link":"https:\/\/cochi.cl\/web\/producto\/audifonos-gamer-onikuma-k8-camuflaje-verde-con-luz-rgb\/","title":{"rendered":"AUD\u00cdFONOS GAMER ONIKUMA K8 CAMUFLAJE VERDE CON LUZ RGB"},"content":{"rendered":"<div class=\"mb-6\">\n<div class=\"mt-5 mb-3 font-bold uppercase text-13px text-ek-green-500\">RESUMEN<\/div>\n<p class=\"\">Su cabezal tiene un dise\u00f1o ergon\u00f3mico con 3 segmentos separados para liberar presi\u00f3n y aliviar el dolor de los jugadores mientras juegan durante mucho tiempo; adem\u00e1s, las orejeras est\u00e1n hechas de material suave y de alta calidad para mejorar la comodidad, para que los jugadores puedan disfrutar sin presi\u00f3n o problemas por m\u00e1s tiempo.<\/p>\n<\/div>\n<div class=\"mb-6\">\n<div class=\"mt-5 mb-3 font-bold uppercase text-13px text-ek-green-500\">DETALLES DEL PRODUCTO<\/div>\n<p class=\"\"><span class=\"font-400 text-tiny \">N\u00famero de modelo: K8 Nombre de la marca:ONIKUMA es inal\u00e1mbrico: No<br \/>\nPrincipio de vocalismo: Din\u00e1mica<br \/>\nControl del volumen: s\u00ed<br \/>\nBot\u00f3n de control: s\u00ed<br \/>\nEstilo: Venda<br \/>\nComunicaci\u00f3n : cableado<br \/>\nUsar: Tel\u00e9fono m\u00f3vil, COMPUTADORA, Juegos<br \/>\nFunci\u00f3n: Micr\u00f3fono<br \/>\nLugar de origen: China<br \/>\nLongitud del cable: 2,2 m<br \/>\nEst\u00e1ndar a prueba de agua: IPX-3<\/span><\/p>\n<\/div>\n<div class=\"mb-6\">\n<div class=\"mt-5 mb-3 font-bold uppercase text-13px text-ek-green-500\">MODELO<\/div>\n<p class=\"\">K8<\/p>\n<\/div>\n<div class=\"mb-6\">\n<div class=\"mt-5 mb-3 font-bold uppercase text-13px text-ek-green-500\">DETALLES ADICIONALES<\/div>\n<div class=\"\"><span class=\"font-400 text-tiny\">Con los Onikuma K8 no te pierdes ning\u00fan detalle y escuchas el audio tal y como fue dise\u00f1ado por los creadores.<\/p>\n<p>El formato perfecto para ti<br \/>\nEl dise\u00f1o over-ear genera una comodidad insuperable gracias a sus suaves almohadillas. Al mismo tiempo, su sonido envolvente del m\u00e1s alto nivel se convierte en el protagonista de la escena.<\/span><\/div>\n<\/div>\n<div class=\"mb-6\">\n<div class=\"mt-5 mb-3 font-bold uppercase text-13px text-ek-green-500\">EDAD RECOMENDADA<\/div>\n<p class=\"m-b-10 h2-text\">Edad recomendada: 7 &#8211; 12 a\u00f1os<img decoding=\"async\" loading=\"lazy\" class=\"aligncenter size-medium wp-image-15610\" src=\"http:\/\/cochi.cl\/web\/wp-content\/uploads\/2022\/03\/61f84c00cc261037042601-300x300.jpg\" alt=\"\" width=\"300\" height=\"300\" srcset=\"https:\/\/cochi.cl\/web\/wp-content\/uploads\/2022\/03\/61f84c00cc261037042601-300x300.jpg 300w, https:\/\/cochi.cl\/web\/wp-content\/uploads\/2022\/03\/61f84c00cc261037042601-150x150.jpg 150w, https:\/\/cochi.cl\/web\/wp-content\/uploads\/2022\/03\/61f84c00cc261037042601-768x768.jpg 768w, https:\/\/cochi.cl\/web\/wp-content\/uploads\/2022\/03\/61f84c00cc261037042601-600x600.jpg 600w, https:\/\/cochi.cl\/web\/wp-content\/uploads\/2022\/03\/61f84c00cc261037042601-100x100.jpg 100w, https:\/\/cochi.cl\/web\/wp-content\/uploads\/2022\/03\/61f84c00cc261037042601.jpg 800w\" sizes=\"(max-width: 300px) 100vw, 300px\" \/> <img decoding=\"async\" loading=\"lazy\" class=\"aligncenter size-medium wp-image-15611\" src=\"http:\/\/cochi.cl\/web\/wp-content\/uploads\/2022\/03\/61f84c017e1f0365585999-300x300.jpg\" alt=\"\" width=\"300\" height=\"300\" srcset=\"https:\/\/cochi.cl\/web\/wp-content\/uploads\/2022\/03\/61f84c017e1f0365585999-300x300.jpg 300w, https:\/\/cochi.cl\/web\/wp-content\/uploads\/2022\/03\/61f84c017e1f0365585999-150x150.jpg 150w, https:\/\/cochi.cl\/web\/wp-content\/uploads\/2022\/03\/61f84c017e1f0365585999-768x768.jpg 768w, https:\/\/cochi.cl\/web\/wp-content\/uploads\/2022\/03\/61f84c017e1f0365585999-600x600.jpg 600w, https:\/\/cochi.cl\/web\/wp-content\/uploads\/2022\/03\/61f84c017e1f0365585999-100x100.jpg 100w, https:\/\/cochi.cl\/web\/wp-content\/uploads\/2022\/03\/61f84c017e1f0365585999.jpg 800w\" sizes=\"(max-width: 300px) 100vw, 300px\" \/> <img decoding=\"async\" loading=\"lazy\" class=\"aligncenter size-medium wp-image-15612\" src=\"http:\/\/cochi.cl\/web\/wp-content\/uploads\/2022\/03\/61f84c013360d779718847-300x300.jpg\" alt=\"\" width=\"300\" height=\"300\" srcset=\"https:\/\/cochi.cl\/web\/wp-content\/uploads\/2022\/03\/61f84c013360d779718847-300x300.jpg 300w, https:\/\/cochi.cl\/web\/wp-content\/uploads\/2022\/03\/61f84c013360d779718847-150x150.jpg 150w, https:\/\/cochi.cl\/web\/wp-content\/uploads\/2022\/03\/61f84c013360d779718847-768x768.jpg 768w, https:\/\/cochi.cl\/web\/wp-content\/uploads\/2022\/03\/61f84c013360d779718847-600x600.jpg 600w, https:\/\/cochi.cl\/web\/wp-content\/uploads\/2022\/03\/61f84c013360d779718847-100x100.jpg 100w, https:\/\/cochi.cl\/web\/wp-content\/uploads\/2022\/03\/61f84c013360d779718847.jpg 800w\" sizes=\"(max-width: 300px) 100vw, 300px\" \/><\/p>\n<\/div>\n","protected":false},"excerpt":{"rendered":"<p>Su cabezal tiene un dise\u00f1o ergon\u00f3mico con 3 segmentos separados para liberar presi\u00f3n y aliviar el dolor de los jugadores mientras juegan durante mucho tiempo; adem\u00e1s, las orejeras est\u00e1n hechas de material suave y de alta calidad para mejorar la comodidad, para que los jugadores puedan disfrutar sin presi\u00f3n o problemas por m\u00e1s tiempo<\/p>\n","protected":false},"featured_media":15611,"template":"","meta":[],"product_cat":[98,99],"product_tag":[],"_links":{"self":[{"href":"https:\/\/cochi.cl\/web\/wp-json\/wp\/v2\/product\/15609"}],"collection":[{"href":"https:\/\/cochi.cl\/web\/wp-json\/wp\/v2\/product"}],"about":[{"href":"https:\/\/cochi.cl\/web\/wp-json\/wp\/v2\/types\/product"}],"wp:featuredmedia":[{"embeddable":true,"href":"https:\/\/cochi.cl\/web\/wp-json\/wp\/v2\/media\/15611"}],"wp:attachment":[{"href":"https:\/\/cochi.cl\/web\/wp-json\/wp\/v2\/media?parent=15609"}],"wp:term":[{"taxonomy":"product_cat","embeddable":true,"href":"https:\/\/cochi.cl\/web\/wp-json\/wp\/v2\/product_cat?post=15609"},{"taxonomy":"product_tag","embeddable":true,"href":"https:\/\/cochi.cl\/web\/wp-json\/wp\/v2\/product_tag?post=15609"}],"curies":[{"name":"wp","href":"https:\/\/api.w.org\/{rel}","templated":true}]}}