{"id":15614,"date":"2022-03-22T14:28:54","date_gmt":"2022-03-22T14:28:54","guid":{"rendered":"https:\/\/cochi.cl\/web\/?post_type=product&#038;p=15614"},"modified":"2022-03-22T14:28:54","modified_gmt":"2022-03-22T14:28:54","slug":"mouse-pad-onikuma-gaming-rgb-rosado-g5mp005-80x30","status":"publish","type":"product","link":"https:\/\/cochi.cl\/web\/producto\/mouse-pad-onikuma-gaming-rgb-rosado-g5mp005-80x30\/","title":{"rendered":"MOUSE PAD ONIKUMA GAMING RGB ROSADO G5MP005 80X30"},"content":{"rendered":"<div id=\"productInfoContainer\" class=\"jsx-4151168483 productInfoContainer\">\n<div class=\"jsx-4151168483 specification specification-1-column\">\n<section class=\"jsx-1944012472 container\">\n<div class=\"jsx-1944012472 bodyContainer\">\n<table class=\"jsx-428502957 specification-table\">\n<tbody class=\"jsx-428502957\">\n<tr class=\"jsx-428502957\">\n<td class=\"jsx-428502957 property-value\">Mouse Pad Gamer Onikuma RGB G5 Pink. Alfombrilla de rat\u00f3n RGB Rosa Camuflaje, para juegos con luz LED, antideslizante, alfombrilla de rat\u00f3n extra grande de 800 x 300 x 4 mm, ideal para jugadores. Mouse Pad para juegos con m\u00e1s de 12 modos de iluminaci\u00f3n: La fibra super brillante proporciona un excelente efecto de retroiluminaci\u00f3n RGB. Se adapta perfectamente a tu mouse y proporciona suficiente espacio para el movimiento, adecuado para todo tipo de ratones. Plug and play f\u00e1cil de usar, esta alfombrilla de rat\u00f3n extendida funciona con USB, plug and play, no requiere controlador. Los botones de control se han probado 10 millones de veces y son muy duraderos. Solo tienes que pulsar para seleccionar el modo de iluminaci\u00f3n deseado. Mantenga presionado durante 3 segundos para encender\/apagar. Tiene una funci\u00f3n de memoria de apagado, que puede recordar el modo que seleccion\u00f3 la \u00faltima vez. Antideslizante y a prueba de agua: La duradera base de goma antideslizante est\u00e1 dise\u00f1ada para eliminar movimientos innecesarios y proporcionar una plataforma s\u00f3lida para juegos. La superficie de recubrimiento impermeable previene eficazmente los da\u00f1os accidentales causados por el desbordamiento de l\u00edquidos. No se calienta cuando se activa . Superficie s\u00faper suave y Lisa: el dise\u00f1o de material tejido de fibra Super fina permite que el rat\u00f3n se mueva con mayor precisi\u00f3n. Muy c\u00f3modo cuando la mu\u00f1eca toca la superficie, es la mejor opci\u00f3n para jugar o trabajar. Contenido: 1 X Mouse Pad Camuflaje Rosa Onikuma G5 Pink 80 x 30 cm.<\/td>\n<\/tr>\n<\/tbody>\n<\/table>\n<\/div>\n<\/section>\n<\/div>\n<\/div>\n<p><button id=\"testId-ExpandableSwatch-expand-btn\" class=\"jsx-3459521287 mkp-swatchButton mkp-swatchButton-expandButton\" type=\"button\"><span class=\"jsx-3459521287\">Ver menos<\/span><\/button><img decoding=\"async\" loading=\"lazy\" class=\"aligncenter size-medium wp-image-15615\" src=\"http:\/\/cochi.cl\/web\/wp-content\/uploads\/2022\/03\/15714476_1-300x300.jpg\" alt=\"\" width=\"300\" height=\"300\" srcset=\"https:\/\/cochi.cl\/web\/wp-content\/uploads\/2022\/03\/15714476_1-300x300.jpg 300w, https:\/\/cochi.cl\/web\/wp-content\/uploads\/2022\/03\/15714476_1-1024x1024.jpg 1024w, https:\/\/cochi.cl\/web\/wp-content\/uploads\/2022\/03\/15714476_1-150x150.jpg 150w, https:\/\/cochi.cl\/web\/wp-content\/uploads\/2022\/03\/15714476_1-768x768.jpg 768w, https:\/\/cochi.cl\/web\/wp-content\/uploads\/2022\/03\/15714476_1-600x600.jpg 600w, https:\/\/cochi.cl\/web\/wp-content\/uploads\/2022\/03\/15714476_1-100x100.jpg 100w, https:\/\/cochi.cl\/web\/wp-content\/uploads\/2022\/03\/15714476_1.jpg 1500w\" sizes=\"(max-width: 300px) 100vw, 300px\" \/> <img decoding=\"async\" loading=\"lazy\" class=\"aligncenter size-medium wp-image-15616\" src=\"http:\/\/cochi.cl\/web\/wp-content\/uploads\/2022\/03\/15714476_2-300x300.jpg\" alt=\"\" width=\"300\" height=\"300\" srcset=\"https:\/\/cochi.cl\/web\/wp-content\/uploads\/2022\/03\/15714476_2-300x300.jpg 300w, https:\/\/cochi.cl\/web\/wp-content\/uploads\/2022\/03\/15714476_2-1024x1024.jpg 1024w, https:\/\/cochi.cl\/web\/wp-content\/uploads\/2022\/03\/15714476_2-150x150.jpg 150w, https:\/\/cochi.cl\/web\/wp-content\/uploads\/2022\/03\/15714476_2-768x768.jpg 768w, https:\/\/cochi.cl\/web\/wp-content\/uploads\/2022\/03\/15714476_2-600x600.jpg 600w, https:\/\/cochi.cl\/web\/wp-content\/uploads\/2022\/03\/15714476_2-100x100.jpg 100w, https:\/\/cochi.cl\/web\/wp-content\/uploads\/2022\/03\/15714476_2.jpg 1500w\" sizes=\"(max-width: 300px) 100vw, 300px\" \/> <img decoding=\"async\" loading=\"lazy\" class=\"aligncenter size-medium wp-image-15617\" src=\"http:\/\/cochi.cl\/web\/wp-content\/uploads\/2022\/03\/15714476_4-300x300.jpg\" alt=\"\" width=\"300\" height=\"300\" srcset=\"https:\/\/cochi.cl\/web\/wp-content\/uploads\/2022\/03\/15714476_4-300x300.jpg 300w, https:\/\/cochi.cl\/web\/wp-content\/uploads\/2022\/03\/15714476_4-1024x1024.jpg 1024w, https:\/\/cochi.cl\/web\/wp-content\/uploads\/2022\/03\/15714476_4-150x150.jpg 150w, https:\/\/cochi.cl\/web\/wp-content\/uploads\/2022\/03\/15714476_4-768x768.jpg 768w, https:\/\/cochi.cl\/web\/wp-content\/uploads\/2022\/03\/15714476_4-600x600.jpg 600w, https:\/\/cochi.cl\/web\/wp-content\/uploads\/2022\/03\/15714476_4-100x100.jpg 100w, https:\/\/cochi.cl\/web\/wp-content\/uploads\/2022\/03\/15714476_4.jpg 1500w\" sizes=\"(max-width: 300px) 100vw, 300px\" \/> <img decoding=\"async\" loading=\"lazy\" class=\"aligncenter size-medium wp-image-15618\" src=\"http:\/\/cochi.cl\/web\/wp-content\/uploads\/2022\/03\/15714476_5-300x300.jpg\" alt=\"\" width=\"300\" height=\"300\" srcset=\"https:\/\/cochi.cl\/web\/wp-content\/uploads\/2022\/03\/15714476_5-300x300.jpg 300w, https:\/\/cochi.cl\/web\/wp-content\/uploads\/2022\/03\/15714476_5-1024x1024.jpg 1024w, https:\/\/cochi.cl\/web\/wp-content\/uploads\/2022\/03\/15714476_5-150x150.jpg 150w, https:\/\/cochi.cl\/web\/wp-content\/uploads\/2022\/03\/15714476_5-768x768.jpg 768w, https:\/\/cochi.cl\/web\/wp-content\/uploads\/2022\/03\/15714476_5-600x600.jpg 600w, https:\/\/cochi.cl\/web\/wp-content\/uploads\/2022\/03\/15714476_5-100x100.jpg 100w, https:\/\/cochi.cl\/web\/wp-content\/uploads\/2022\/03\/15714476_5.jpg 1500w\" sizes=\"(max-width: 300px) 100vw, 300px\" \/><\/p>\n","protected":false},"excerpt":{"rendered":"<p>Mouse Pad Gamer Xl Rgb Onikuma Pink Edition<\/p>\n","protected":false},"featured_media":15616,"template":"","meta":[],"product_cat":[98,99],"product_tag":[],"_links":{"self":[{"href":"https:\/\/cochi.cl\/web\/wp-json\/wp\/v2\/product\/15614"}],"collection":[{"href":"https:\/\/cochi.cl\/web\/wp-json\/wp\/v2\/product"}],"about":[{"href":"https:\/\/cochi.cl\/web\/wp-json\/wp\/v2\/types\/product"}],"wp:featuredmedia":[{"embeddable":true,"href":"https:\/\/cochi.cl\/web\/wp-json\/wp\/v2\/media\/15616"}],"wp:attachment":[{"href":"https:\/\/cochi.cl\/web\/wp-json\/wp\/v2\/media?parent=15614"}],"wp:term":[{"taxonomy":"product_cat","embeddable":true,"href":"https:\/\/cochi.cl\/web\/wp-json\/wp\/v2\/product_cat?post=15614"},{"taxonomy":"product_tag","embeddable":true,"href":"https:\/\/cochi.cl\/web\/wp-json\/wp\/v2\/product_tag?post=15614"}],"curies":[{"name":"wp","href":"https:\/\/api.w.org\/{rel}","templated":true}]}}