{"id":15625,"date":"2022-03-22T14:46:22","date_gmt":"2022-03-22T14:46:22","guid":{"rendered":"https:\/\/cochi.cl\/web\/?post_type=product&#038;p=15625"},"modified":"2022-03-22T14:46:22","modified_gmt":"2022-03-22T14:46:22","slug":"audifonos-gamer-para-ps4-pc-xbox-one-onikuma-k19-diseno","status":"publish","type":"product","link":"https:\/\/cochi.cl\/web\/producto\/audifonos-gamer-para-ps4-pc-xbox-one-onikuma-k19-diseno\/","title":{"rendered":"AUD\u00cdFONOS GAMER PARA PS4 PC XBOX ONE ONIKUMA K19 DISE\u00d1O"},"content":{"rendered":"<p>Aud\u00edfonos Gamer para Ps4 Pc Xbox One Onikuma K19 Dise\u00f1o<\/p>\n<ul>\n<li>Los auriculares para juegos ONIKUMA K19 son los mejores auriculares\u00a0para juegos profesionales tanto para los entusiastas de los juegos como para los jugadores dom\u00e9sticos. Perfecto para muchos tipos de juegos como Fortnite, Halo 5 Guardians, PUBG, Metal Gear Solid, CS: GO, Call of Duty, Star Wars Battlefront, EA Sports UFC, Overwatch, World of Warcraft Legion, etc.<\/li>\n<li><\/li>\n<li>Caracter\u00edsticas:<\/li>\n<li>1.La unidad de producci\u00f3n de sonido de alta calidad ofrece una experiencia de audio alta, media y baja;<\/li>\n<li>2. orejera de prote\u00edna tipo piel, protecci\u00f3n del medio ambiente, resistente al desgaste y c\u00f3moda de llevar;<\/li>\n<li>3.Dise\u00f1o ligero, dise\u00f1o de haz de cabeza autoajustable, la mejor experiencia de uso para juegos;<\/li>\n<li>4.El micr\u00f3fono de alta sensibilidad ofrece una voz m\u00e1s precisa, clara y suave;<\/li>\n<li>5. Bot\u00f3n de control de volumen;<\/li>\n<li>6. Bot\u00f3n de encendido y apagado del micr\u00f3fono;<\/li>\n<li>7.3.5MM Interfaz de dispositivo est\u00e1ndar internacional (CTIA) (canal derecho + \/ tierra- \/ canal izquierdo + \/ micr\u00f3fono +);<\/li>\n<li>8. Utilizado para la interfaz de un solo agujero;<\/li>\n<li>9.Utilizado para uno a dos tieline<\/li>\n<li><\/li>\n<li>Presupuesto:<\/li>\n<li>Tama\u00f1o del altavoz: 50 mm<\/li>\n<li>Impedancia: 32\u03a9 \u00b1 15%<\/li>\n<li>Sensibilidad: 108 \u00b1 3dB<\/li>\n<li>Rango de frecuencia: 20Hz-20 kHz<\/li>\n<li>Sensibilidad de micr\u00f3fono: -36 \u00b1 3dB<\/li>\n<li>Impedancia de micr\u00f3fono: 2.2K \u03a9<\/li>\n<li>Direccionalidad: omnidireccional<\/li>\n<li>Longitud del cable: 2 M \u00b1 0.15<\/li>\n<li>Tensi\u00f3n de trabajo LED: DC5V \u00b1 5%<\/li>\n<li>Corriente de trabajo: \u2264100mA<\/li>\n<li>Conector para auriculares: USB + 3.5 mm<\/li>\n<li><\/li>\n<li>Amplia compatibilidad:<\/li>\n<li>Funciona para\u00a0Xbox\u00a0One anterior (se necesita adaptador) Xbox Nueva\u00a0Xbox\u00a0One \u3001 PlayStation 4 \u3001 PS vita \u3001 PSP \u3001 Nintendo Switch \u3001 Nintendo New 3DS LL \/ 3DS \u3001 Nintendo 3DS LL \/ 3DS \u3001 PC \u3001 Computadora port\u00e1til \u3001\u00a0Dispositivo iOS\u00a0\u3001\u00a0Dispositivo Android, etc<\/li>\n<li>especificaci\u00f3n:<\/li>\n<li>Auriculares para juegos Xbox One, PS4, auriculares para PC con micr\u00f3fono con anulaci\u00f3n de ruido, tableta port\u00e1til Nintendo Switch, tel\u00e9fono inteligente, controlador de volumen LED<\/li>\n<li>Los auriculares ONIKUMA K19 est\u00e1n hechos de materiales c\u00f3modos y est\u00e1n dise\u00f1ados para jugadores que desean un sonido ligero, de calidad superior y auriculares para juegos sofisticados. Su tecnolog\u00eda de sonido profesional y artesan\u00eda exquisita y apariencia \u00fanica.<\/li>\n<li>Cada jugador disfrutar\u00e1 de la escena de juego m\u00e1s emocionante y de una experiencia auditiva incomparable.<\/li>\n<li>caracter\u00edstica<\/li>\n<li>Excelente calidad de sonido] Los auriculares para juegos K19 utilizan un potente sonido envolvente de 50 mm sumergible a 7.1, que puede producir un posicionamiento m\u00e1s preciso en el juego y proporcionar una experiencia de mayor sensibilidad al sonido. Escuchar\u00e1s cada acci\u00f3n del enemigo y sentir\u00e1s la escena del juego m\u00e1s realista. El auricular tiene efectos de sonido v\u00edvidos, claros e inmersivos, lo que es muy adecuado para juegos, trabajo, estudio, chat, uso de Skype, etc.<\/li>\n<li>Compatibilidad] Este auricular para juegos multiplataforma es adecuado para todos los dispositivos de interfaz de 3.5 mm. Admite PlayStation 4, nueva Xbox One, PC, Nintendo 3DS, computadora port\u00e1til, PSP, tableta, iPad, computadora, tel\u00e9fono m\u00f3vil. Nota: Cuando se conecta a una versi\u00f3n anterior del controlador Xbox One, Xbox 360 y PS3 no son compatibles, se requiere un adaptador adicional de Microsoft (no incluido).<\/li>\n<li>Reducci\u00f3n de ruido y micr\u00f3fono ajustable El micr\u00f3fono avanzado utiliza un controlador magn\u00e9tico de neodimio magn\u00e9tico de alta precisi\u00f3n y un chip de reducci\u00f3n de ruido, que puede reducir efectivamente el ruido ambiental y proporcionar a sus socios un sonido m\u00e1s claro. El micr\u00f3fono ajustable de 120 \u00b0 se puede fijar en cualquier posici\u00f3n para lograr una transmisi\u00f3n de voz m\u00e1s precisa. El controlador integrado con control de volumen y bot\u00f3n de silencio hace que sea f\u00e1cil ajustar el volumen y encender \/ apagar el micr\u00f3fono durante el juego.<\/li>\n<li>Dise\u00f1o c\u00f3modo] Este auricular tiene memoria de esponja suave y transpirable, auriculares grandes y diadema ergon\u00f3mica. Su dise\u00f1o se ajusta a las especificaciones ergon\u00f3micas, que pueden reducir los problemas de audici\u00f3n y la generaci\u00f3n de calor. Los materiales de cuero livianos y amigables con la piel y las diademas acolchadas ajustables aseguran su comodidad extrema incluso cuando se usan por largos per\u00edodos de tiempo.<\/li>\n<li>LED Cool LED Light\u3011 El auricular adopta un dise\u00f1o cl\u00e1sico negro puro y elegante, adecuado para hombres y mujeres. El efecto de iluminaci\u00f3n LED de respiraci\u00f3n fresca tiene 7 colores que cambian autom\u00e1ticamente, lo que mejora enormemente la atm\u00f3sfera del juego, y sentir\u00e1s escenas de juego m\u00e1s emocionantes. Nota: El puerto USB solo se usa para iluminaci\u00f3n LED.<\/li>\n<li>Paquete incluido:<\/li>\n<li>1 auricular para juegos<\/li>\n<li>1 x cable divisor<\/li>\n<li>1 x manual de usuario<img decoding=\"async\" loading=\"lazy\" class=\"aligncenter size-medium wp-image-15626\" src=\"http:\/\/cochi.cl\/web\/wp-content\/uploads\/2022\/03\/X_k19-1c4055-300x300.jpg\" alt=\"\" width=\"300\" height=\"300\" srcset=\"https:\/\/cochi.cl\/web\/wp-content\/uploads\/2022\/03\/X_k19-1c4055-300x300.jpg 300w, https:\/\/cochi.cl\/web\/wp-content\/uploads\/2022\/03\/X_k19-1c4055-1024x1024.jpg 1024w, https:\/\/cochi.cl\/web\/wp-content\/uploads\/2022\/03\/X_k19-1c4055-150x150.jpg 150w, https:\/\/cochi.cl\/web\/wp-content\/uploads\/2022\/03\/X_k19-1c4055-768x768.jpg 768w, https:\/\/cochi.cl\/web\/wp-content\/uploads\/2022\/03\/X_k19-1c4055-600x600.jpg 600w, https:\/\/cochi.cl\/web\/wp-content\/uploads\/2022\/03\/X_k19-1c4055-100x100.jpg 100w, https:\/\/cochi.cl\/web\/wp-content\/uploads\/2022\/03\/X_k19-1c4055.jpg 1200w\" sizes=\"(max-width: 300px) 100vw, 300px\" \/> <img decoding=\"async\" loading=\"lazy\" class=\"aligncenter size-medium wp-image-15627\" src=\"http:\/\/cochi.cl\/web\/wp-content\/uploads\/2022\/03\/X_k20-24134-300x300.jpg\" alt=\"\" width=\"300\" height=\"300\" srcset=\"https:\/\/cochi.cl\/web\/wp-content\/uploads\/2022\/03\/X_k20-24134-300x300.jpg 300w, https:\/\/cochi.cl\/web\/wp-content\/uploads\/2022\/03\/X_k20-24134-1024x1024.jpg 1024w, https:\/\/cochi.cl\/web\/wp-content\/uploads\/2022\/03\/X_k20-24134-150x150.jpg 150w, https:\/\/cochi.cl\/web\/wp-content\/uploads\/2022\/03\/X_k20-24134-768x768.jpg 768w, https:\/\/cochi.cl\/web\/wp-content\/uploads\/2022\/03\/X_k20-24134-600x600.jpg 600w, https:\/\/cochi.cl\/web\/wp-content\/uploads\/2022\/03\/X_k20-24134-100x100.jpg 100w, https:\/\/cochi.cl\/web\/wp-content\/uploads\/2022\/03\/X_k20-24134.jpg 1200w\" sizes=\"(max-width: 300px) 100vw, 300px\" \/> <img decoding=\"async\" loading=\"lazy\" class=\"aligncenter size-medium wp-image-15628\" src=\"http:\/\/cochi.cl\/web\/wp-content\/uploads\/2022\/03\/X_k-20-34101-300x300.jpg\" alt=\"\" width=\"300\" height=\"300\" srcset=\"https:\/\/cochi.cl\/web\/wp-content\/uploads\/2022\/03\/X_k-20-34101-300x300.jpg 300w, https:\/\/cochi.cl\/web\/wp-content\/uploads\/2022\/03\/X_k-20-34101-1024x1024.jpg 1024w, https:\/\/cochi.cl\/web\/wp-content\/uploads\/2022\/03\/X_k-20-34101-150x150.jpg 150w, https:\/\/cochi.cl\/web\/wp-content\/uploads\/2022\/03\/X_k-20-34101-768x768.jpg 768w, https:\/\/cochi.cl\/web\/wp-content\/uploads\/2022\/03\/X_k-20-34101-600x600.jpg 600w, https:\/\/cochi.cl\/web\/wp-content\/uploads\/2022\/03\/X_k-20-34101-100x100.jpg 100w, https:\/\/cochi.cl\/web\/wp-content\/uploads\/2022\/03\/X_k-20-34101.jpg 1200w\" sizes=\"(max-width: 300px) 100vw, 300px\" \/> <img decoding=\"async\" loading=\"lazy\" class=\"aligncenter size-medium wp-image-15629\" src=\"http:\/\/cochi.cl\/web\/wp-content\/uploads\/2022\/03\/X_k-20-64073-300x300.jpg\" alt=\"\" width=\"300\" height=\"300\" srcset=\"https:\/\/cochi.cl\/web\/wp-content\/uploads\/2022\/03\/X_k-20-64073-300x300.jpg 300w, https:\/\/cochi.cl\/web\/wp-content\/uploads\/2022\/03\/X_k-20-64073-1024x1024.jpg 1024w, https:\/\/cochi.cl\/web\/wp-content\/uploads\/2022\/03\/X_k-20-64073-150x150.jpg 150w, https:\/\/cochi.cl\/web\/wp-content\/uploads\/2022\/03\/X_k-20-64073-768x768.jpg 768w, https:\/\/cochi.cl\/web\/wp-content\/uploads\/2022\/03\/X_k-20-64073-600x600.jpg 600w, https:\/\/cochi.cl\/web\/wp-content\/uploads\/2022\/03\/X_k-20-64073-100x100.jpg 100w, https:\/\/cochi.cl\/web\/wp-content\/uploads\/2022\/03\/X_k-20-64073.jpg 1200w\" sizes=\"(max-width: 300px) 100vw, 300px\" \/> <img decoding=\"async\" loading=\"lazy\" class=\"aligncenter size-medium wp-image-15630\" src=\"http:\/\/cochi.cl\/web\/wp-content\/uploads\/2022\/03\/X_k2044120-300x300.jpg\" alt=\"\" width=\"300\" height=\"300\" srcset=\"https:\/\/cochi.cl\/web\/wp-content\/uploads\/2022\/03\/X_k2044120-300x300.jpg 300w, https:\/\/cochi.cl\/web\/wp-content\/uploads\/2022\/03\/X_k2044120-1024x1024.jpg 1024w, https:\/\/cochi.cl\/web\/wp-content\/uploads\/2022\/03\/X_k2044120-150x150.jpg 150w, https:\/\/cochi.cl\/web\/wp-content\/uploads\/2022\/03\/X_k2044120-768x768.jpg 768w, https:\/\/cochi.cl\/web\/wp-content\/uploads\/2022\/03\/X_k2044120-600x600.jpg 600w, https:\/\/cochi.cl\/web\/wp-content\/uploads\/2022\/03\/X_k2044120-100x100.jpg 100w, https:\/\/cochi.cl\/web\/wp-content\/uploads\/2022\/03\/X_k2044120.jpg 1200w\" sizes=\"(max-width: 300px) 100vw, 300px\" \/> <img decoding=\"async\" loading=\"lazy\" class=\"aligncenter size-medium wp-image-15631\" src=\"http:\/\/cochi.cl\/web\/wp-content\/uploads\/2022\/03\/X_microfonopng4157-300x300.jpg\" alt=\"\" width=\"300\" height=\"300\" srcset=\"https:\/\/cochi.cl\/web\/wp-content\/uploads\/2022\/03\/X_microfonopng4157-300x300.jpg 300w, https:\/\/cochi.cl\/web\/wp-content\/uploads\/2022\/03\/X_microfonopng4157-1024x1024.jpg 1024w, https:\/\/cochi.cl\/web\/wp-content\/uploads\/2022\/03\/X_microfonopng4157-150x150.jpg 150w, https:\/\/cochi.cl\/web\/wp-content\/uploads\/2022\/03\/X_microfonopng4157-768x768.jpg 768w, https:\/\/cochi.cl\/web\/wp-content\/uploads\/2022\/03\/X_microfonopng4157-600x600.jpg 600w, https:\/\/cochi.cl\/web\/wp-content\/uploads\/2022\/03\/X_microfonopng4157-100x100.jpg 100w, https:\/\/cochi.cl\/web\/wp-content\/uploads\/2022\/03\/X_microfonopng4157.jpg 1200w\" sizes=\"(max-width: 300px) 100vw, 300px\" \/><\/li>\n<\/ul>\n","protected":false},"excerpt":{"rendered":"<p>Aud\u00edfonos Gamer para Ps4 Pc Xbox One Onikuma K19 Dise\u00f1o Los auriculares para juegos ONIKUMA K19 son los mejores auriculares\u00a0para juegos profesionales tanto para los entusiastas de los juegos como para los jugadores dom\u00e9sticos. Perfecto para muchos tipos de juegos como Fortnite, Halo 5 Guardians, PUBG, Metal Gear Solid, CS: GO, Call of Duty, Star [&hellip;]<\/p>\n","protected":false},"featured_media":15631,"template":"","meta":[],"product_cat":[98,99],"product_tag":[],"_links":{"self":[{"href":"https:\/\/cochi.cl\/web\/wp-json\/wp\/v2\/product\/15625"}],"collection":[{"href":"https:\/\/cochi.cl\/web\/wp-json\/wp\/v2\/product"}],"about":[{"href":"https:\/\/cochi.cl\/web\/wp-json\/wp\/v2\/types\/product"}],"wp:featuredmedia":[{"embeddable":true,"href":"https:\/\/cochi.cl\/web\/wp-json\/wp\/v2\/media\/15631"}],"wp:attachment":[{"href":"https:\/\/cochi.cl\/web\/wp-json\/wp\/v2\/media?parent=15625"}],"wp:term":[{"taxonomy":"product_cat","embeddable":true,"href":"https:\/\/cochi.cl\/web\/wp-json\/wp\/v2\/product_cat?post=15625"},{"taxonomy":"product_tag","embeddable":true,"href":"https:\/\/cochi.cl\/web\/wp-json\/wp\/v2\/product_tag?post=15625"}],"curies":[{"name":"wp","href":"https:\/\/api.w.org\/{rel}","templated":true}]}}