{"id":15637,"date":"2022-04-13T16:43:25","date_gmt":"2022-04-13T16:43:25","guid":{"rendered":"https:\/\/cochi.cl\/web\/?post_type=product&#038;p=15637"},"modified":"2022-04-13T16:49:54","modified_gmt":"2022-04-13T16:49:54","slug":"mouse-pad-onikuma-g4","status":"publish","type":"product","link":"https:\/\/cochi.cl\/web\/producto\/mouse-pad-onikuma-g4\/","title":{"rendered":"MOUSE PAD ONIKUMA G4"},"content":{"rendered":"<p style=\"text-align: center\"><strong>MOUSE PAD ONIKUMA G4<\/strong><\/p>\n<p style=\"text-align: center\"><strong>DESCRIPCION:<\/strong><\/p>\n<ul>\n<li>Superficie suave y c\u00f3moda: dise\u00f1ado con una superficie suave y suave, que lo ayuda a mover el mouse r\u00e1pidamente y rastrear el mouse con precisi\u00f3n, disfrutando de una mejor experiencia de trabajo y juego.<\/li>\n<li>Base de goma antideslizante: hecha de goma natural antideslizante para la parte inferior, sujeta firmemente su escritorio. Simplemente disfrute de su trabajo y juegos con un funcionamiento estable del teclado y el mouse.<\/li>\n<li>Bordes cosidos y duraderos: Bordes cosidos duraderos y textura premium de alta densidad. Por lo tanto, puede usarlo durante mucho tiempo sin preocuparse por el desgaste y el desgomado de la almohadilla del mouse.<\/li>\n<\/ul>\n<p style=\"text-align: center\"><img decoding=\"async\" loading=\"lazy\" class=\"alignnone size-medium wp-image-15638\" src=\"http:\/\/cochi.cl\/web\/wp-content\/uploads\/2022\/04\/MOUSE-PAD-1-300x300.jpg\" alt=\"\" width=\"300\" height=\"300\" srcset=\"https:\/\/cochi.cl\/web\/wp-content\/uploads\/2022\/04\/MOUSE-PAD-1-300x300.jpg 300w, https:\/\/cochi.cl\/web\/wp-content\/uploads\/2022\/04\/MOUSE-PAD-1-1024x1024.jpg 1024w, https:\/\/cochi.cl\/web\/wp-content\/uploads\/2022\/04\/MOUSE-PAD-1-150x150.jpg 150w, https:\/\/cochi.cl\/web\/wp-content\/uploads\/2022\/04\/MOUSE-PAD-1-768x768.jpg 768w, https:\/\/cochi.cl\/web\/wp-content\/uploads\/2022\/04\/MOUSE-PAD-1-600x600.jpg 600w, https:\/\/cochi.cl\/web\/wp-content\/uploads\/2022\/04\/MOUSE-PAD-1-100x100.jpg 100w, https:\/\/cochi.cl\/web\/wp-content\/uploads\/2022\/04\/MOUSE-PAD-1.jpg 1500w\" sizes=\"(max-width: 300px) 100vw, 300px\" \/> <img decoding=\"async\" loading=\"lazy\" class=\"alignnone size-medium wp-image-15639\" src=\"http:\/\/cochi.cl\/web\/wp-content\/uploads\/2022\/04\/MOUSE-PAD-2-300x300.jpg\" alt=\"\" width=\"300\" height=\"300\" srcset=\"https:\/\/cochi.cl\/web\/wp-content\/uploads\/2022\/04\/MOUSE-PAD-2-300x300.jpg 300w, https:\/\/cochi.cl\/web\/wp-content\/uploads\/2022\/04\/MOUSE-PAD-2-1024x1024.jpg 1024w, https:\/\/cochi.cl\/web\/wp-content\/uploads\/2022\/04\/MOUSE-PAD-2-150x150.jpg 150w, https:\/\/cochi.cl\/web\/wp-content\/uploads\/2022\/04\/MOUSE-PAD-2-768x768.jpg 768w, https:\/\/cochi.cl\/web\/wp-content\/uploads\/2022\/04\/MOUSE-PAD-2-600x600.jpg 600w, https:\/\/cochi.cl\/web\/wp-content\/uploads\/2022\/04\/MOUSE-PAD-2-100x100.jpg 100w, https:\/\/cochi.cl\/web\/wp-content\/uploads\/2022\/04\/MOUSE-PAD-2.jpg 1500w\" sizes=\"(max-width: 300px) 100vw, 300px\" \/> <img decoding=\"async\" loading=\"lazy\" class=\"alignnone size-medium wp-image-15640\" src=\"http:\/\/cochi.cl\/web\/wp-content\/uploads\/2022\/04\/MOUSE-PAD-3-300x300.jpg\" alt=\"\" width=\"300\" height=\"300\" srcset=\"https:\/\/cochi.cl\/web\/wp-content\/uploads\/2022\/04\/MOUSE-PAD-3-300x300.jpg 300w, https:\/\/cochi.cl\/web\/wp-content\/uploads\/2022\/04\/MOUSE-PAD-3-1024x1024.jpg 1024w, https:\/\/cochi.cl\/web\/wp-content\/uploads\/2022\/04\/MOUSE-PAD-3-150x150.jpg 150w, https:\/\/cochi.cl\/web\/wp-content\/uploads\/2022\/04\/MOUSE-PAD-3-768x768.jpg 768w, https:\/\/cochi.cl\/web\/wp-content\/uploads\/2022\/04\/MOUSE-PAD-3-600x600.jpg 600w, https:\/\/cochi.cl\/web\/wp-content\/uploads\/2022\/04\/MOUSE-PAD-3-100x100.jpg 100w, https:\/\/cochi.cl\/web\/wp-content\/uploads\/2022\/04\/MOUSE-PAD-3.jpg 1500w\" sizes=\"(max-width: 300px) 100vw, 300px\" \/> <img decoding=\"async\" loading=\"lazy\" class=\"alignnone size-medium wp-image-15641\" src=\"http:\/\/cochi.cl\/web\/wp-content\/uploads\/2022\/04\/MOUSE-PAD-4-300x300.jpg\" alt=\"\" width=\"300\" height=\"300\" srcset=\"https:\/\/cochi.cl\/web\/wp-content\/uploads\/2022\/04\/MOUSE-PAD-4-300x300.jpg 300w, https:\/\/cochi.cl\/web\/wp-content\/uploads\/2022\/04\/MOUSE-PAD-4-1024x1024.jpg 1024w, https:\/\/cochi.cl\/web\/wp-content\/uploads\/2022\/04\/MOUSE-PAD-4-150x150.jpg 150w, https:\/\/cochi.cl\/web\/wp-content\/uploads\/2022\/04\/MOUSE-PAD-4-768x768.jpg 768w, https:\/\/cochi.cl\/web\/wp-content\/uploads\/2022\/04\/MOUSE-PAD-4-600x600.jpg 600w, https:\/\/cochi.cl\/web\/wp-content\/uploads\/2022\/04\/MOUSE-PAD-4-100x100.jpg 100w, https:\/\/cochi.cl\/web\/wp-content\/uploads\/2022\/04\/MOUSE-PAD-4.jpg 1500w\" sizes=\"(max-width: 300px) 100vw, 300px\" \/> <img decoding=\"async\" loading=\"lazy\" class=\"alignnone size-medium wp-image-15642\" src=\"http:\/\/cochi.cl\/web\/wp-content\/uploads\/2022\/04\/MOUSE-PAD-5-300x300.jpg\" alt=\"\" width=\"300\" height=\"300\" srcset=\"https:\/\/cochi.cl\/web\/wp-content\/uploads\/2022\/04\/MOUSE-PAD-5-300x300.jpg 300w, https:\/\/cochi.cl\/web\/wp-content\/uploads\/2022\/04\/MOUSE-PAD-5-1024x1024.jpg 1024w, https:\/\/cochi.cl\/web\/wp-content\/uploads\/2022\/04\/MOUSE-PAD-5-150x150.jpg 150w, https:\/\/cochi.cl\/web\/wp-content\/uploads\/2022\/04\/MOUSE-PAD-5-768x768.jpg 768w, https:\/\/cochi.cl\/web\/wp-content\/uploads\/2022\/04\/MOUSE-PAD-5-600x600.jpg 600w, https:\/\/cochi.cl\/web\/wp-content\/uploads\/2022\/04\/MOUSE-PAD-5-100x100.jpg 100w, https:\/\/cochi.cl\/web\/wp-content\/uploads\/2022\/04\/MOUSE-PAD-5.jpg 1500w\" sizes=\"(max-width: 300px) 100vw, 300px\" \/><\/p>\n","protected":false},"excerpt":{"rendered":"<p>Alfombrilla de rat\u00f3n para juegos ONIKUMA G4, alfombrilla de rat\u00f3n negra con bordes cosidos duraderos, alfombrilla de teclado de escritorio extendida.<\/p>\n","protected":false},"featured_media":15642,"template":"","meta":[],"product_cat":[101],"product_tag":[],"_links":{"self":[{"href":"https:\/\/cochi.cl\/web\/wp-json\/wp\/v2\/product\/15637"}],"collection":[{"href":"https:\/\/cochi.cl\/web\/wp-json\/wp\/v2\/product"}],"about":[{"href":"https:\/\/cochi.cl\/web\/wp-json\/wp\/v2\/types\/product"}],"wp:featuredmedia":[{"embeddable":true,"href":"https:\/\/cochi.cl\/web\/wp-json\/wp\/v2\/media\/15642"}],"wp:attachment":[{"href":"https:\/\/cochi.cl\/web\/wp-json\/wp\/v2\/media?parent=15637"}],"wp:term":[{"taxonomy":"product_cat","embeddable":true,"href":"https:\/\/cochi.cl\/web\/wp-json\/wp\/v2\/product_cat?post=15637"},{"taxonomy":"product_tag","embeddable":true,"href":"https:\/\/cochi.cl\/web\/wp-json\/wp\/v2\/product_tag?post=15637"}],"curies":[{"name":"wp","href":"https:\/\/api.w.org\/{rel}","templated":true}]}}