{"id":15656,"date":"2022-04-13T19:38:01","date_gmt":"2022-04-13T19:38:01","guid":{"rendered":"https:\/\/cochi.cl\/web\/?post_type=product&#038;p=15656"},"modified":"2022-04-13T19:38:07","modified_gmt":"2022-04-13T19:38:07","slug":"mouse-gaming-onikuma-cw906-rgb","status":"publish","type":"product","link":"https:\/\/cochi.cl\/web\/producto\/mouse-gaming-onikuma-cw906-rgb\/","title":{"rendered":"MOUSE GAMING ONIKUMA CW906 RGB"},"content":{"rendered":"<p style=\"text-align: center\"><strong>MOUSE GAMING ONIKUMA CW906 RGB<\/strong><\/p>\n<ul>\n<li><strong>Dise\u00f1o bi\u00f3nico de panal:<\/strong> Elegante y antideslizante.<\/li>\n<li><strong>Modo de conexi\u00f3n por cable: <\/strong>Con cable USB, fuente de alimentaci\u00f3n m\u00e1s estable, f\u00e1cil de conectar, enchufar y usar.<\/li>\n<li><strong>Sistema retroiluminado RGB colorido: <\/strong>Equipado con luz RGB, m\u00faltiples efectos de luz para su opci\u00f3n.<\/li>\n<li><strong>Botones programables: <\/strong>La configuraci\u00f3n de 8 botones, m\u00e1s conveniente de usar y tiene m\u00e1s funciones.<\/li>\n<li><strong>Resoluci\u00f3n ajustable de 6 velocidades: <\/strong>Admite 6 velocidades DPI ajustables, 1200-1600-2400-3200-4800-7200DPI, puede controlar la velocidad de forma m\u00e1s libre y sencilla.<\/li>\n<li><strong>Dise\u00f1o ligero: <\/strong>Dise\u00f1o de apariencia de panal, el peso neto del mouse es inferior a 110 g, f\u00e1cil control y experiencia de juego fluida.<\/li>\n<\/ul>\n<p><img decoding=\"async\" loading=\"lazy\" class=\"alignnone size-medium wp-image-15657\" src=\"http:\/\/cochi.cl\/web\/wp-content\/uploads\/2022\/04\/CW906-1-300x300.jpg\" alt=\"\" width=\"300\" height=\"300\" srcset=\"https:\/\/cochi.cl\/web\/wp-content\/uploads\/2022\/04\/CW906-1-300x300.jpg 300w, https:\/\/cochi.cl\/web\/wp-content\/uploads\/2022\/04\/CW906-1-150x150.jpg 150w, https:\/\/cochi.cl\/web\/wp-content\/uploads\/2022\/04\/CW906-1-768x771.jpg 768w, https:\/\/cochi.cl\/web\/wp-content\/uploads\/2022\/04\/CW906-1-600x602.jpg 600w, https:\/\/cochi.cl\/web\/wp-content\/uploads\/2022\/04\/CW906-1-100x100.jpg 100w, https:\/\/cochi.cl\/web\/wp-content\/uploads\/2022\/04\/CW906-1.jpg 833w\" sizes=\"(max-width: 300px) 100vw, 300px\" \/> <img decoding=\"async\" loading=\"lazy\" class=\"alignnone size-medium wp-image-15658\" src=\"http:\/\/cochi.cl\/web\/wp-content\/uploads\/2022\/04\/CW906-2-300x300.jpg\" alt=\"\" width=\"300\" height=\"300\" srcset=\"https:\/\/cochi.cl\/web\/wp-content\/uploads\/2022\/04\/CW906-2-300x300.jpg 300w, https:\/\/cochi.cl\/web\/wp-content\/uploads\/2022\/04\/CW906-2-1024x1024.jpg 1024w, https:\/\/cochi.cl\/web\/wp-content\/uploads\/2022\/04\/CW906-2-150x150.jpg 150w, https:\/\/cochi.cl\/web\/wp-content\/uploads\/2022\/04\/CW906-2-768x768.jpg 768w, https:\/\/cochi.cl\/web\/wp-content\/uploads\/2022\/04\/CW906-2-1536x1536.jpg 1536w, https:\/\/cochi.cl\/web\/wp-content\/uploads\/2022\/04\/CW906-2-600x600.jpg 600w, https:\/\/cochi.cl\/web\/wp-content\/uploads\/2022\/04\/CW906-2-100x100.jpg 100w, https:\/\/cochi.cl\/web\/wp-content\/uploads\/2022\/04\/CW906-2.jpg 1600w\" sizes=\"(max-width: 300px) 100vw, 300px\" \/> <img decoding=\"async\" loading=\"lazy\" class=\"alignnone size-medium wp-image-15659\" src=\"http:\/\/cochi.cl\/web\/wp-content\/uploads\/2022\/04\/CW906-3-300x300.jpg\" alt=\"\" width=\"300\" height=\"300\" srcset=\"https:\/\/cochi.cl\/web\/wp-content\/uploads\/2022\/04\/CW906-3-300x300.jpg 300w, https:\/\/cochi.cl\/web\/wp-content\/uploads\/2022\/04\/CW906-3-1024x1024.jpg 1024w, https:\/\/cochi.cl\/web\/wp-content\/uploads\/2022\/04\/CW906-3-150x150.jpg 150w, https:\/\/cochi.cl\/web\/wp-content\/uploads\/2022\/04\/CW906-3-768x768.jpg 768w, https:\/\/cochi.cl\/web\/wp-content\/uploads\/2022\/04\/CW906-3-1536x1536.jpg 1536w, https:\/\/cochi.cl\/web\/wp-content\/uploads\/2022\/04\/CW906-3-600x600.jpg 600w, https:\/\/cochi.cl\/web\/wp-content\/uploads\/2022\/04\/CW906-3-100x100.jpg 100w, https:\/\/cochi.cl\/web\/wp-content\/uploads\/2022\/04\/CW906-3.jpg 1600w\" sizes=\"(max-width: 300px) 100vw, 300px\" \/> <img decoding=\"async\" loading=\"lazy\" class=\"alignnone size-medium wp-image-15660\" src=\"http:\/\/cochi.cl\/web\/wp-content\/uploads\/2022\/04\/CW906-4-300x300.jpg\" alt=\"\" width=\"300\" height=\"300\" srcset=\"https:\/\/cochi.cl\/web\/wp-content\/uploads\/2022\/04\/CW906-4-300x300.jpg 300w, https:\/\/cochi.cl\/web\/wp-content\/uploads\/2022\/04\/CW906-4-1024x1024.jpg 1024w, https:\/\/cochi.cl\/web\/wp-content\/uploads\/2022\/04\/CW906-4-150x150.jpg 150w, https:\/\/cochi.cl\/web\/wp-content\/uploads\/2022\/04\/CW906-4-768x768.jpg 768w, https:\/\/cochi.cl\/web\/wp-content\/uploads\/2022\/04\/CW906-4-1536x1536.jpg 1536w, https:\/\/cochi.cl\/web\/wp-content\/uploads\/2022\/04\/CW906-4-600x600.jpg 600w, https:\/\/cochi.cl\/web\/wp-content\/uploads\/2022\/04\/CW906-4-100x100.jpg 100w, https:\/\/cochi.cl\/web\/wp-content\/uploads\/2022\/04\/CW906-4.jpg 1600w\" sizes=\"(max-width: 300px) 100vw, 300px\" \/> <img decoding=\"async\" loading=\"lazy\" class=\"alignnone size-medium wp-image-15661\" src=\"http:\/\/cochi.cl\/web\/wp-content\/uploads\/2022\/04\/CW906-5-300x300.jpg\" alt=\"\" width=\"300\" height=\"300\" srcset=\"https:\/\/cochi.cl\/web\/wp-content\/uploads\/2022\/04\/CW906-5-300x300.jpg 300w, https:\/\/cochi.cl\/web\/wp-content\/uploads\/2022\/04\/CW906-5-1024x1024.jpg 1024w, https:\/\/cochi.cl\/web\/wp-content\/uploads\/2022\/04\/CW906-5-150x150.jpg 150w, https:\/\/cochi.cl\/web\/wp-content\/uploads\/2022\/04\/CW906-5-768x768.jpg 768w, https:\/\/cochi.cl\/web\/wp-content\/uploads\/2022\/04\/CW906-5-1536x1536.jpg 1536w, https:\/\/cochi.cl\/web\/wp-content\/uploads\/2022\/04\/CW906-5-600x600.jpg 600w, https:\/\/cochi.cl\/web\/wp-content\/uploads\/2022\/04\/CW906-5-100x100.jpg 100w, https:\/\/cochi.cl\/web\/wp-content\/uploads\/2022\/04\/CW906-5.jpg 1600w\" sizes=\"(max-width: 300px) 100vw, 300px\" \/><\/p>\n","protected":false},"excerpt":{"rendered":"<p>Rat\u00f3n con cable ONIKUMA CW906, carcasa de nido de abeja hueca, 8 botones de programaci\u00f3n, 1200-7200DPI, colorido, RGB, retroiluminado, rat\u00f3n para juegos<\/p>\n","protected":false},"featured_media":15657,"template":"","meta":[],"product_cat":[102],"product_tag":[],"_links":{"self":[{"href":"https:\/\/cochi.cl\/web\/wp-json\/wp\/v2\/product\/15656"}],"collection":[{"href":"https:\/\/cochi.cl\/web\/wp-json\/wp\/v2\/product"}],"about":[{"href":"https:\/\/cochi.cl\/web\/wp-json\/wp\/v2\/types\/product"}],"wp:featuredmedia":[{"embeddable":true,"href":"https:\/\/cochi.cl\/web\/wp-json\/wp\/v2\/media\/15657"}],"wp:attachment":[{"href":"https:\/\/cochi.cl\/web\/wp-json\/wp\/v2\/media?parent=15656"}],"wp:term":[{"taxonomy":"product_cat","embeddable":true,"href":"https:\/\/cochi.cl\/web\/wp-json\/wp\/v2\/product_cat?post=15656"},{"taxonomy":"product_tag","embeddable":true,"href":"https:\/\/cochi.cl\/web\/wp-json\/wp\/v2\/product_tag?post=15656"}],"curies":[{"name":"wp","href":"https:\/\/api.w.org\/{rel}","templated":true}]}}