{"id":15662,"date":"2022-04-13T20:03:14","date_gmt":"2022-04-13T20:03:14","guid":{"rendered":"https:\/\/cochi.cl\/web\/?post_type=product&#038;p=15662"},"modified":"2022-04-13T20:03:25","modified_gmt":"2022-04-13T20:03:25","slug":"mouse-gaming-onikuma-cw903-rgb","status":"publish","type":"product","link":"https:\/\/cochi.cl\/web\/producto\/mouse-gaming-onikuma-cw903-rgb\/","title":{"rendered":"MOUSE GAMING ONIKUMA CW903 RGB"},"content":{"rendered":"<p style=\"text-align: center\"><strong>MOUSE GAMING ONIKUMA CW903 RGB<\/strong><\/p>\n<p style=\"text-align: center\"><strong>Voltaje de trabajo<\/strong>: 5V<\/p>\n<p style=\"text-align: center\"><strong>Corriente de funcionamiento:<\/strong> menos de 100MA<\/p>\n<p style=\"text-align: center\"><strong>Longitud del cable:<\/strong> 1,5 m<\/p>\n<p style=\"text-align: center\"><strong>Interfaz:<\/strong> USB<\/p>\n<p style=\"text-align: center\"><strong>Modo de operaci\u00f3n:<\/strong> fotoel\u00e9ctrico<\/p>\n<p style=\"text-align: center\"><strong>Tama\u00f1o del rat\u00f3n:<\/strong> \u00a0(mayor o igual a 120 mm)<\/p>\n<p style=\"text-align: center\"><strong>N\u00famero de llaves:<\/strong> 6 (teclas)<\/p>\n<p style=\"text-align: center\"><strong>Resoluci\u00f3n ajustable:<\/strong> seis velocidades<\/p>\n<p style=\"text-align: center\"><strong>Direcci\u00f3n de la rueda:<\/strong> rueda de cuatro direcciones<\/p>\n<p style=\"text-align: center\"><strong>Resoluci\u00f3n \u00f3ptica:<\/strong> 600-6400 (ppp)<\/p>\n<p style=\"text-align: center\"><strong>Frecuencia de transmisi\u00f3n inal\u00e1mbrica:<\/strong> 2,4 GHz<\/p>\n<p style=\"text-align: center\"><strong>Distancia operativa:<\/strong> 2 (m)<\/p>\n<p style=\"text-align: center\"><strong>Color claro:<\/strong> RGB<\/p>\n<p style=\"text-align: center\"><strong>Tipo:<\/strong> Rat\u00f3n para juegos con cable para PC\/port\u00e1til<\/p>\n<p style=\"text-align: center\"><strong>Sistema de apoyo:<\/strong> Windows XP\/7\/8\/10\/MAC o sistema nuevo<\/p>\n<p style=\"text-align: center\"><strong>PPP est\u00e1ndar:<\/strong> 800 verde\/1600 violeta\/2400 azul\/3200 rojo\/4800 azul\/6400 amarillo<\/p>\n<p style=\"text-align: center\"><strong>Color:<\/strong> Negro<\/p>\n<p style=\"text-align: center\"><strong>Material:<\/strong> ordenador personal<\/p>\n<p style=\"text-align: center\"><strong>Medida:<\/strong> 130x78x38mm<\/p>\n<p>&nbsp;<\/p>\n<p><img decoding=\"async\" loading=\"lazy\" class=\"alignnone size-medium wp-image-15663 aligncenter\" src=\"http:\/\/cochi.cl\/web\/wp-content\/uploads\/2022\/04\/CW903-1-300x300.jpg\" alt=\"\" width=\"300\" height=\"300\" srcset=\"https:\/\/cochi.cl\/web\/wp-content\/uploads\/2022\/04\/CW903-1-300x300.jpg 300w, https:\/\/cochi.cl\/web\/wp-content\/uploads\/2022\/04\/CW903-1-1024x1024.jpg 1024w, https:\/\/cochi.cl\/web\/wp-content\/uploads\/2022\/04\/CW903-1-150x150.jpg 150w, https:\/\/cochi.cl\/web\/wp-content\/uploads\/2022\/04\/CW903-1-768x768.jpg 768w, https:\/\/cochi.cl\/web\/wp-content\/uploads\/2022\/04\/CW903-1-600x600.jpg 600w, https:\/\/cochi.cl\/web\/wp-content\/uploads\/2022\/04\/CW903-1-100x100.jpg 100w, https:\/\/cochi.cl\/web\/wp-content\/uploads\/2022\/04\/CW903-1.jpg 1500w\" sizes=\"(max-width: 300px) 100vw, 300px\" \/> <img decoding=\"async\" loading=\"lazy\" class=\"alignnone size-medium wp-image-15664 aligncenter\" src=\"http:\/\/cochi.cl\/web\/wp-content\/uploads\/2022\/04\/CW903-2-300x214.jpg\" alt=\"\" width=\"300\" height=\"214\" srcset=\"https:\/\/cochi.cl\/web\/wp-content\/uploads\/2022\/04\/CW903-2-300x214.jpg 300w, https:\/\/cochi.cl\/web\/wp-content\/uploads\/2022\/04\/CW903-2-1024x729.jpg 1024w, https:\/\/cochi.cl\/web\/wp-content\/uploads\/2022\/04\/CW903-2-768x547.jpg 768w, https:\/\/cochi.cl\/web\/wp-content\/uploads\/2022\/04\/CW903-2-1536x1094.jpg 1536w, https:\/\/cochi.cl\/web\/wp-content\/uploads\/2022\/04\/CW903-2-600x427.jpg 600w, https:\/\/cochi.cl\/web\/wp-content\/uploads\/2022\/04\/CW903-2.jpg 2048w\" sizes=\"(max-width: 300px) 100vw, 300px\" \/> <img decoding=\"async\" loading=\"lazy\" class=\"alignnone size-medium wp-image-15665 aligncenter\" src=\"http:\/\/cochi.cl\/web\/wp-content\/uploads\/2022\/04\/CW903-3-300x230.jpg\" alt=\"\" width=\"300\" height=\"230\" srcset=\"https:\/\/cochi.cl\/web\/wp-content\/uploads\/2022\/04\/CW903-3-300x230.jpg 300w, https:\/\/cochi.cl\/web\/wp-content\/uploads\/2022\/04\/CW903-3-1024x784.jpg 1024w, https:\/\/cochi.cl\/web\/wp-content\/uploads\/2022\/04\/CW903-3-768x588.jpg 768w, https:\/\/cochi.cl\/web\/wp-content\/uploads\/2022\/04\/CW903-3-1536x1176.jpg 1536w, https:\/\/cochi.cl\/web\/wp-content\/uploads\/2022\/04\/CW903-3-600x459.jpg 600w, https:\/\/cochi.cl\/web\/wp-content\/uploads\/2022\/04\/CW903-3.jpg 2048w\" sizes=\"(max-width: 300px) 100vw, 300px\" \/> <img decoding=\"async\" loading=\"lazy\" class=\"alignnone size-medium wp-image-15666 aligncenter\" src=\"http:\/\/cochi.cl\/web\/wp-content\/uploads\/2022\/04\/CW903-4-300x300.jpg\" alt=\"\" width=\"300\" height=\"300\" srcset=\"https:\/\/cochi.cl\/web\/wp-content\/uploads\/2022\/04\/CW903-4-300x300.jpg 300w, https:\/\/cochi.cl\/web\/wp-content\/uploads\/2022\/04\/CW903-4-150x150.jpg 150w, https:\/\/cochi.cl\/web\/wp-content\/uploads\/2022\/04\/CW903-4-768x768.jpg 768w, https:\/\/cochi.cl\/web\/wp-content\/uploads\/2022\/04\/CW903-4-600x600.jpg 600w, https:\/\/cochi.cl\/web\/wp-content\/uploads\/2022\/04\/CW903-4-100x100.jpg 100w, https:\/\/cochi.cl\/web\/wp-content\/uploads\/2022\/04\/CW903-4.jpg 800w\" sizes=\"(max-width: 300px) 100vw, 300px\" \/> <img decoding=\"async\" loading=\"lazy\" class=\"alignnone size-medium wp-image-15667 aligncenter\" src=\"http:\/\/cochi.cl\/web\/wp-content\/uploads\/2022\/04\/CW903-5-300x300.jpg\" alt=\"\" width=\"300\" height=\"300\" srcset=\"https:\/\/cochi.cl\/web\/wp-content\/uploads\/2022\/04\/CW903-5-300x300.jpg 300w, https:\/\/cochi.cl\/web\/wp-content\/uploads\/2022\/04\/CW903-5-150x150.jpg 150w, https:\/\/cochi.cl\/web\/wp-content\/uploads\/2022\/04\/CW903-5-768x768.jpg 768w, https:\/\/cochi.cl\/web\/wp-content\/uploads\/2022\/04\/CW903-5-600x600.jpg 600w, https:\/\/cochi.cl\/web\/wp-content\/uploads\/2022\/04\/CW903-5-100x100.jpg 100w, https:\/\/cochi.cl\/web\/wp-content\/uploads\/2022\/04\/CW903-5.jpg 800w\" sizes=\"(max-width: 300px) 100vw, 300px\" \/> <img decoding=\"async\" loading=\"lazy\" class=\"alignnone size-medium wp-image-15668 aligncenter\" src=\"http:\/\/cochi.cl\/web\/wp-content\/uploads\/2022\/04\/CW903-6-300x300.jpg\" alt=\"\" width=\"300\" height=\"300\" srcset=\"https:\/\/cochi.cl\/web\/wp-content\/uploads\/2022\/04\/CW903-6-300x300.jpg 300w, https:\/\/cochi.cl\/web\/wp-content\/uploads\/2022\/04\/CW903-6-150x150.jpg 150w, https:\/\/cochi.cl\/web\/wp-content\/uploads\/2022\/04\/CW903-6-768x768.jpg 768w, https:\/\/cochi.cl\/web\/wp-content\/uploads\/2022\/04\/CW903-6-600x600.jpg 600w, https:\/\/cochi.cl\/web\/wp-content\/uploads\/2022\/04\/CW903-6-100x100.jpg 100w, https:\/\/cochi.cl\/web\/wp-content\/uploads\/2022\/04\/CW903-6.jpg 800w\" sizes=\"(max-width: 300px) 100vw, 300px\" \/><\/p>\n","protected":false},"excerpt":{"rendered":"<p>Rat\u00f3n para juegos por cable ONIKUMA CW903, rat\u00f3n \u00f3ptico USB para juegos de deportes electr\u00f3nicos, 6 luces LED de respiraci\u00f3n, colores RGB para ordenador port\u00e1til, PC y Gamer.<\/p>\n","protected":false},"featured_media":15663,"template":"","meta":[],"product_cat":[102],"product_tag":[],"_links":{"self":[{"href":"https:\/\/cochi.cl\/web\/wp-json\/wp\/v2\/product\/15662"}],"collection":[{"href":"https:\/\/cochi.cl\/web\/wp-json\/wp\/v2\/product"}],"about":[{"href":"https:\/\/cochi.cl\/web\/wp-json\/wp\/v2\/types\/product"}],"wp:featuredmedia":[{"embeddable":true,"href":"https:\/\/cochi.cl\/web\/wp-json\/wp\/v2\/media\/15663"}],"wp:attachment":[{"href":"https:\/\/cochi.cl\/web\/wp-json\/wp\/v2\/media?parent=15662"}],"wp:term":[{"taxonomy":"product_cat","embeddable":true,"href":"https:\/\/cochi.cl\/web\/wp-json\/wp\/v2\/product_cat?post=15662"},{"taxonomy":"product_tag","embeddable":true,"href":"https:\/\/cochi.cl\/web\/wp-json\/wp\/v2\/product_tag?post=15662"}],"curies":[{"name":"wp","href":"https:\/\/api.w.org\/{rel}","templated":true}]}}