{"id":15669,"date":"2022-04-13T20:29:58","date_gmt":"2022-04-13T20:29:58","guid":{"rendered":"https:\/\/cochi.cl\/web\/?post_type=product&#038;p=15669"},"modified":"2022-04-13T20:29:58","modified_gmt":"2022-04-13T20:29:58","slug":"mouse-gaming-onikuma-cw905-rgb","status":"publish","type":"product","link":"https:\/\/cochi.cl\/web\/producto\/mouse-gaming-onikuma-cw905-rgb\/","title":{"rendered":"MOUSE GAMING ONIKUMA CW905 RGB"},"content":{"rendered":"<p style=\"text-align: center\"><strong>MOUSE GAMING ONIKUMA CW905 RGB<\/strong><\/p>\n<ul>\n<li>7 modos de retroiluminaci\u00f3n RGB, 6 DPI ajustables por defecto: 800 verde\/1600 rosa\/2400 azul\/3200 rojo\/4800 cian\/6400 amarillo.<\/li>\n<li>Dise\u00f1o sim\u00e9trico ergon\u00f3mico: para una excelente sensaci\u00f3n en la mano y un uso sin estr\u00e9s: resistente a las huellas dactilares\/resistente a la grasa\/resistente al sudor.<\/li>\n<li>7 Duttons: Rat\u00f3n \u00f3ptico para juegos: Izquierda\/Derecha\/Medio\/Adelante\/Atr\u00e1s\/DPI +\/DPI-. Funci\u00f3n de pulgar r\u00e1pido: avance o retroceso r\u00e1pido al navegar por la web, avance o retroceso en la misma ventana de carpeta.<\/li>\n<\/ul>\n<p style=\"text-align: center\"><strong>N\u00famero de modelo:<\/strong> Rat\u00f3n para juegos con cable CW905<\/p>\n<p style=\"text-align: center\"><strong>Modo de operaci\u00f3n:<\/strong> optoelectr\u00f3nico<\/p>\n<p style=\"text-align: center\"><strong>Tipo:<\/strong> cableado<\/p>\n<p style=\"text-align: center\"><strong>Tipo de interfaz:<\/strong> USB<\/p>\n<p style=\"text-align: center\"><strong>N\u00famero de botones:<\/strong> 7<\/p>\n<p style=\"text-align: center\"><strong>Longitud del cable:<\/strong> Acerca de 1,5 M<\/p>\n<p style=\"text-align: center\"><strong>Peso:<\/strong> alrededor de 132g<\/p>\n<p style=\"text-align: center\"><strong>Dimensi\u00f3n del producto:<\/strong> 127*71*40mm<\/p>\n<p style=\"text-align: center\"><strong>Corriente de trabajo:<\/strong> Menos de 100MA<\/p>\n<p style=\"text-align: center\"><strong>Tensi\u00f3n de trabajo:<\/strong> 5V<\/p>\n<p>&nbsp;<\/p>\n<p><img decoding=\"async\" loading=\"lazy\" class=\"alignnone size-medium wp-image-15670\" src=\"http:\/\/cochi.cl\/web\/wp-content\/uploads\/2022\/04\/CW905-1-293x300.jpg\" alt=\"\" width=\"293\" height=\"300\" srcset=\"https:\/\/cochi.cl\/web\/wp-content\/uploads\/2022\/04\/CW905-1-293x300.jpg 293w, https:\/\/cochi.cl\/web\/wp-content\/uploads\/2022\/04\/CW905-1-768x786.jpg 768w, https:\/\/cochi.cl\/web\/wp-content\/uploads\/2022\/04\/CW905-1-600x614.jpg 600w, https:\/\/cochi.cl\/web\/wp-content\/uploads\/2022\/04\/CW905-1.jpg 844w\" sizes=\"(max-width: 293px) 100vw, 293px\" \/> <img decoding=\"async\" loading=\"lazy\" class=\"alignnone size-medium wp-image-15671\" src=\"http:\/\/cochi.cl\/web\/wp-content\/uploads\/2022\/04\/CW905-2-300x300.jpg\" alt=\"\" width=\"300\" height=\"300\" srcset=\"https:\/\/cochi.cl\/web\/wp-content\/uploads\/2022\/04\/CW905-2-300x300.jpg 300w, https:\/\/cochi.cl\/web\/wp-content\/uploads\/2022\/04\/CW905-2-1024x1024.jpg 1024w, https:\/\/cochi.cl\/web\/wp-content\/uploads\/2022\/04\/CW905-2-150x150.jpg 150w, https:\/\/cochi.cl\/web\/wp-content\/uploads\/2022\/04\/CW905-2-768x768.jpg 768w, https:\/\/cochi.cl\/web\/wp-content\/uploads\/2022\/04\/CW905-2-600x600.jpg 600w, https:\/\/cochi.cl\/web\/wp-content\/uploads\/2022\/04\/CW905-2-100x100.jpg 100w, https:\/\/cochi.cl\/web\/wp-content\/uploads\/2022\/04\/CW905-2.jpg 1500w\" sizes=\"(max-width: 300px) 100vw, 300px\" \/> <img decoding=\"async\" loading=\"lazy\" class=\"alignnone size-medium wp-image-15672\" src=\"http:\/\/cochi.cl\/web\/wp-content\/uploads\/2022\/04\/CW905-3-300x300.jpg\" alt=\"\" width=\"300\" height=\"300\" srcset=\"https:\/\/cochi.cl\/web\/wp-content\/uploads\/2022\/04\/CW905-3-300x300.jpg 300w, https:\/\/cochi.cl\/web\/wp-content\/uploads\/2022\/04\/CW905-3-1024x1024.jpg 1024w, https:\/\/cochi.cl\/web\/wp-content\/uploads\/2022\/04\/CW905-3-150x150.jpg 150w, https:\/\/cochi.cl\/web\/wp-content\/uploads\/2022\/04\/CW905-3-768x768.jpg 768w, https:\/\/cochi.cl\/web\/wp-content\/uploads\/2022\/04\/CW905-3-600x600.jpg 600w, https:\/\/cochi.cl\/web\/wp-content\/uploads\/2022\/04\/CW905-3-100x100.jpg 100w, https:\/\/cochi.cl\/web\/wp-content\/uploads\/2022\/04\/CW905-3.jpg 1500w\" sizes=\"(max-width: 300px) 100vw, 300px\" \/> <img decoding=\"async\" loading=\"lazy\" class=\"alignnone size-medium wp-image-15673\" src=\"http:\/\/cochi.cl\/web\/wp-content\/uploads\/2022\/04\/CW905-4-300x300.jpg\" alt=\"\" width=\"300\" height=\"300\" srcset=\"https:\/\/cochi.cl\/web\/wp-content\/uploads\/2022\/04\/CW905-4-300x300.jpg 300w, https:\/\/cochi.cl\/web\/wp-content\/uploads\/2022\/04\/CW905-4-1024x1024.jpg 1024w, https:\/\/cochi.cl\/web\/wp-content\/uploads\/2022\/04\/CW905-4-150x150.jpg 150w, https:\/\/cochi.cl\/web\/wp-content\/uploads\/2022\/04\/CW905-4-768x768.jpg 768w, https:\/\/cochi.cl\/web\/wp-content\/uploads\/2022\/04\/CW905-4-600x600.jpg 600w, https:\/\/cochi.cl\/web\/wp-content\/uploads\/2022\/04\/CW905-4-100x100.jpg 100w, https:\/\/cochi.cl\/web\/wp-content\/uploads\/2022\/04\/CW905-4.jpg 1500w\" sizes=\"(max-width: 300px) 100vw, 300px\" \/> <img decoding=\"async\" loading=\"lazy\" class=\"alignnone size-medium wp-image-15674\" src=\"http:\/\/cochi.cl\/web\/wp-content\/uploads\/2022\/04\/CW905-5-300x300.jpg\" alt=\"\" width=\"300\" height=\"300\" srcset=\"https:\/\/cochi.cl\/web\/wp-content\/uploads\/2022\/04\/CW905-5-300x300.jpg 300w, https:\/\/cochi.cl\/web\/wp-content\/uploads\/2022\/04\/CW905-5-1024x1024.jpg 1024w, https:\/\/cochi.cl\/web\/wp-content\/uploads\/2022\/04\/CW905-5-150x150.jpg 150w, https:\/\/cochi.cl\/web\/wp-content\/uploads\/2022\/04\/CW905-5-768x768.jpg 768w, https:\/\/cochi.cl\/web\/wp-content\/uploads\/2022\/04\/CW905-5-600x600.jpg 600w, https:\/\/cochi.cl\/web\/wp-content\/uploads\/2022\/04\/CW905-5-100x100.jpg 100w, https:\/\/cochi.cl\/web\/wp-content\/uploads\/2022\/04\/CW905-5.jpg 1500w\" sizes=\"(max-width: 300px) 100vw, 300px\" \/><\/p>\n","protected":false},"excerpt":{"rendered":"<p>ONIKUMA CW905 6400 DPI Rat\u00f3n para juegos con cable Rat\u00f3n para juegos USB 7 Botones Dise\u00f1o Respiraci\u00f3n Colores LED para computadora port\u00e1til PC Gamer.<\/p>\n","protected":false},"featured_media":15670,"template":"","meta":[],"product_cat":[102],"product_tag":[],"_links":{"self":[{"href":"https:\/\/cochi.cl\/web\/wp-json\/wp\/v2\/product\/15669"}],"collection":[{"href":"https:\/\/cochi.cl\/web\/wp-json\/wp\/v2\/product"}],"about":[{"href":"https:\/\/cochi.cl\/web\/wp-json\/wp\/v2\/types\/product"}],"wp:featuredmedia":[{"embeddable":true,"href":"https:\/\/cochi.cl\/web\/wp-json\/wp\/v2\/media\/15670"}],"wp:attachment":[{"href":"https:\/\/cochi.cl\/web\/wp-json\/wp\/v2\/media?parent=15669"}],"wp:term":[{"taxonomy":"product_cat","embeddable":true,"href":"https:\/\/cochi.cl\/web\/wp-json\/wp\/v2\/product_cat?post=15669"},{"taxonomy":"product_tag","embeddable":true,"href":"https:\/\/cochi.cl\/web\/wp-json\/wp\/v2\/product_tag?post=15669"}],"curies":[{"name":"wp","href":"https:\/\/api.w.org\/{rel}","templated":true}]}}