{"id":15675,"date":"2022-04-14T14:03:45","date_gmt":"2022-04-14T14:03:45","guid":{"rendered":"https:\/\/cochi.cl\/web\/?post_type=product&#038;p=15675"},"modified":"2022-04-14T14:03:55","modified_gmt":"2022-04-14T14:03:55","slug":"teclado-g26mouse-cw905-rgb-mecanico","status":"publish","type":"product","link":"https:\/\/cochi.cl\/web\/producto\/teclado-g26mouse-cw905-rgb-mecanico\/","title":{"rendered":"TECLADO G26+MOUSE CW905 RGB MECANICO"},"content":{"rendered":"<h4 style=\"text-align: center\"><strong>TECLADO G26+MOUSE CW905 RGB MECANICO<\/strong><\/h4>\n<p style=\"text-align: center\">1. Luz de respiraci\u00f3n fresca Symphony RGB Efectos de iluminaci\u00f3n geniales ical 20 tipos de ajustables,<br \/>\nUna tecla para apagar los efectos de iluminaci\u00f3n, el dise\u00f1o ergon\u00f3mico de teclas altas y bajas adopta un<br \/>\ndise\u00f1o aerodin\u00e1mico de diferencia de altura, que se adapta a la pista de movimiento del dedo<br \/>\narriba y abajo M\u00e1s ligero y c\u00f3modo<\/p>\n<p style=\"text-align: center\">2. Las 89 teclas son compactas y convenientes, con mayor espacio para el movimiento. el 89<br \/>\nEl teclado le dar\u00e1 al rat\u00f3n de la mano derecha suficiente espacio para moverse. El verde<br \/>\nEl eje es n\u00edtido y sensible, y la sensibilidad es m\u00e1s precisa. Percusi\u00f3n de larga duraci\u00f3n<br \/>\nvida, sensaci\u00f3n n\u00edtida, respuesta sensible, sensaci\u00f3n c\u00f3moda y rendimiento estable. Siente el<br \/>\nlo mismo cada vez que lo usas<\/p>\n<p style=\"text-align: center\">3. Las teclas de alta calidad son resistentes al desgaste y no aceitosas. La sensaci\u00f3n de la mano es m\u00e1s<br \/>\nResistencia al desgaste delicada y a largo plazo, y la resistencia al desgaste es mucho mayor que la<br \/>\nteclas utilizadas en el mercado. No producir\u00e1 una sensaci\u00f3n grasosa despu\u00e9s de un uso prolongado.<br \/>\nLa entrada c\u00f3moda del \u00e1ngulo de golpeteo es m\u00e1s c\u00f3moda. Despu\u00e9s de que el pie del teclado est\u00e9<br \/>\nelevado, forma un \u00e1ngulo de 8 grados con el escritorio. Con el arco generado por los 6<br \/>\nfilas de teclas, es ergon\u00f3mico y m\u00e1s c\u00f3modo para la entrada<\/p>\n<p style=\"text-align: center\">4. La mano n\u00edtida se siente estable, sensible y precisa, la vida \u00fatil de la percusi\u00f3n de larga duraci\u00f3n, la mano n\u00edtida<br \/>\nsensaci\u00f3n, respuesta sensible, sensaci\u00f3n c\u00f3moda de la mano, rendimiento estable, se siente como siempre<br \/>\nT\u00fa lo usas<\/p>\n<p style=\"text-align: center\">5. El genial teclado para juegos puede realizar una programaci\u00f3n de teclas completas y una macro personalizada<br \/>\nConfiguraci\u00f3n a trav\u00e9s del potente controlador personalizado, y el juego y la oficina se pueden cambiar<br \/>\nlibremente. Tenemos en cuenta todos los entornos de uso, y puede manejar el trabajo y<br \/>\njuegos libremente sin importar d\u00f3nde est\u00e9s entretenimiento.<\/p>\n<h3><\/h3>\n<h3 id=\"tw-target-text\" class=\"tw-data-text tw-text-large tw-ta\" style=\"text-align: center\" data-placeholder=\"Traducci\u00f3n\"><strong><span class=\"Y2IQFc\" lang=\"es\">MOUSE CW905: <\/span><\/strong><\/h3>\n<h5 class=\"tw-data-text tw-text-large tw-ta\" style=\"text-align: center\" data-placeholder=\"Traducci\u00f3n\"><span class=\"Y2IQFc\" lang=\"es\">DPI predeterminado: 800 verde\/1600 rosa\/2400 azul\/3200 rojo\/4800 cian\/6400 amarillo <\/span><\/h5>\n<h5 class=\"tw-data-text tw-text-large tw-ta\" style=\"text-align: center\" data-placeholder=\"Traducci\u00f3n\"><span class=\"Y2IQFc\" lang=\"es\">Color de la luz: RGB <\/span><\/h5>\n<h5 class=\"tw-data-text tw-text-large tw-ta\" style=\"text-align: center\" data-placeholder=\"Traducci\u00f3n\"><span class=\"Y2IQFc\" lang=\"es\">Voltaje de trabajo: 5V <\/span><\/h5>\n<h5 class=\"tw-data-text tw-text-large tw-ta\" style=\"text-align: center\" data-placeholder=\"Traducci\u00f3n\"><span class=\"Y2IQFc\" lang=\"es\">Interfaz: USB <\/span><\/h5>\n<h5 class=\"tw-data-text tw-text-large tw-ta\" style=\"text-align: center\" data-placeholder=\"Traducci\u00f3n\"><span class=\"Y2IQFc\" lang=\"es\">Corriente de trabajo: menos de 100MA <\/span><\/h5>\n<h5 class=\"tw-data-text tw-text-large tw-ta\" style=\"text-align: center\" data-placeholder=\"Traducci\u00f3n\"><span class=\"Y2IQFc\" lang=\"es\">Longitud del Cable: alrededor de 1,5 M <\/span><\/h5>\n<h5 class=\"tw-data-text tw-text-large tw-ta\" style=\"text-align: center\" data-placeholder=\"Traducci\u00f3n\"><span class=\"Y2IQFc\" lang=\"es\">Peso: alrededor de 131 g <\/span><\/h5>\n<h5 class=\"tw-data-text tw-text-large tw-ta\" style=\"text-align: center\" data-placeholder=\"Traducci\u00f3n\"><span class=\"Y2IQFc\" lang=\"es\">Dimensi\u00f3n del producto: 125*76*41mm<\/span><\/h5>\n<h5><\/h5>\n<h4 id=\"tw-target-text\" class=\"tw-data-text tw-text-large tw-ta\" style=\"text-align: center\" data-placeholder=\"Traducci\u00f3n\"><strong><span class=\"Y2IQFc\" lang=\"es\">TECLADO G26: <\/span><\/strong><\/h4>\n<h5 class=\"tw-data-text tw-text-large tw-ta\" style=\"text-align: center\" data-placeholder=\"Traducci\u00f3n\"><span class=\"Y2IQFc\" lang=\"es\">Teclado mec\u00e1nico real de 89 teclas <\/span><\/h5>\n<h5 class=\"tw-data-text tw-text-large tw-ta\" style=\"text-align: center\" data-placeholder=\"Traducci\u00f3n\"><span class=\"Y2IQFc\" lang=\"es\">Interfaz: USB con cable <\/span><\/h5>\n<h5 class=\"tw-data-text tw-text-large tw-ta\" style=\"text-align: center\" data-placeholder=\"Traducci\u00f3n\"><span class=\"Y2IQFc\" lang=\"es\">Color: rosa blanco\/blanco rosa <\/span><\/h5>\n<h5 class=\"tw-data-text tw-text-large tw-ta\" style=\"text-align: center\" data-placeholder=\"Traducci\u00f3n\"><span class=\"Y2IQFc\" lang=\"es\">Uso: PC, computadora port\u00e1til, tableta<\/span><\/h5>\n<p>&nbsp;<\/p>\n<p><img decoding=\"async\" loading=\"lazy\" class=\"alignnone size-medium wp-image-15676\" src=\"http:\/\/cochi.cl\/web\/wp-content\/uploads\/2022\/04\/TECLADO-G26CW905-1-300x300.jpg\" alt=\"\" width=\"300\" height=\"300\" srcset=\"https:\/\/cochi.cl\/web\/wp-content\/uploads\/2022\/04\/TECLADO-G26CW905-1-300x300.jpg 300w, https:\/\/cochi.cl\/web\/wp-content\/uploads\/2022\/04\/TECLADO-G26CW905-1-150x150.jpg 150w, https:\/\/cochi.cl\/web\/wp-content\/uploads\/2022\/04\/TECLADO-G26CW905-1-768x768.jpg 768w, https:\/\/cochi.cl\/web\/wp-content\/uploads\/2022\/04\/TECLADO-G26CW905-1-600x600.jpg 600w, https:\/\/cochi.cl\/web\/wp-content\/uploads\/2022\/04\/TECLADO-G26CW905-1-100x100.jpg 100w, https:\/\/cochi.cl\/web\/wp-content\/uploads\/2022\/04\/TECLADO-G26CW905-1.jpg 800w\" sizes=\"(max-width: 300px) 100vw, 300px\" \/> <img decoding=\"async\" loading=\"lazy\" class=\"alignnone size-medium wp-image-15677\" src=\"http:\/\/cochi.cl\/web\/wp-content\/uploads\/2022\/04\/TECLADO-G26CW905-2-300x300.jpg\" alt=\"\" width=\"300\" height=\"300\" srcset=\"https:\/\/cochi.cl\/web\/wp-content\/uploads\/2022\/04\/TECLADO-G26CW905-2-300x300.jpg 300w, https:\/\/cochi.cl\/web\/wp-content\/uploads\/2022\/04\/TECLADO-G26CW905-2-1024x1024.jpg 1024w, https:\/\/cochi.cl\/web\/wp-content\/uploads\/2022\/04\/TECLADO-G26CW905-2-150x150.jpg 150w, https:\/\/cochi.cl\/web\/wp-content\/uploads\/2022\/04\/TECLADO-G26CW905-2-768x768.jpg 768w, https:\/\/cochi.cl\/web\/wp-content\/uploads\/2022\/04\/TECLADO-G26CW905-2-1536x1536.jpg 1536w, https:\/\/cochi.cl\/web\/wp-content\/uploads\/2022\/04\/TECLADO-G26CW905-2-600x600.jpg 600w, https:\/\/cochi.cl\/web\/wp-content\/uploads\/2022\/04\/TECLADO-G26CW905-2-100x100.jpg 100w, https:\/\/cochi.cl\/web\/wp-content\/uploads\/2022\/04\/TECLADO-G26CW905-2.jpg 1600w\" sizes=\"(max-width: 300px) 100vw, 300px\" \/> <img decoding=\"async\" loading=\"lazy\" class=\"alignnone size-medium wp-image-15678\" src=\"http:\/\/cochi.cl\/web\/wp-content\/uploads\/2022\/04\/TECLADO-G26CW905-3-300x300.jpg\" alt=\"\" width=\"300\" height=\"300\" srcset=\"https:\/\/cochi.cl\/web\/wp-content\/uploads\/2022\/04\/TECLADO-G26CW905-3-300x300.jpg 300w, https:\/\/cochi.cl\/web\/wp-content\/uploads\/2022\/04\/TECLADO-G26CW905-3-1024x1024.jpg 1024w, https:\/\/cochi.cl\/web\/wp-content\/uploads\/2022\/04\/TECLADO-G26CW905-3-150x150.jpg 150w, https:\/\/cochi.cl\/web\/wp-content\/uploads\/2022\/04\/TECLADO-G26CW905-3-768x768.jpg 768w, https:\/\/cochi.cl\/web\/wp-content\/uploads\/2022\/04\/TECLADO-G26CW905-3-1536x1536.jpg 1536w, https:\/\/cochi.cl\/web\/wp-content\/uploads\/2022\/04\/TECLADO-G26CW905-3-600x600.jpg 600w, https:\/\/cochi.cl\/web\/wp-content\/uploads\/2022\/04\/TECLADO-G26CW905-3-100x100.jpg 100w, https:\/\/cochi.cl\/web\/wp-content\/uploads\/2022\/04\/TECLADO-G26CW905-3.jpg 1600w\" sizes=\"(max-width: 300px) 100vw, 300px\" \/> <img decoding=\"async\" loading=\"lazy\" class=\"alignnone size-medium wp-image-15679\" src=\"http:\/\/cochi.cl\/web\/wp-content\/uploads\/2022\/04\/TECLADO-G26CW905-4-300x300.jpg\" alt=\"\" width=\"300\" height=\"300\" srcset=\"https:\/\/cochi.cl\/web\/wp-content\/uploads\/2022\/04\/TECLADO-G26CW905-4-300x300.jpg 300w, https:\/\/cochi.cl\/web\/wp-content\/uploads\/2022\/04\/TECLADO-G26CW905-4-1024x1024.jpg 1024w, https:\/\/cochi.cl\/web\/wp-content\/uploads\/2022\/04\/TECLADO-G26CW905-4-150x150.jpg 150w, https:\/\/cochi.cl\/web\/wp-content\/uploads\/2022\/04\/TECLADO-G26CW905-4-768x768.jpg 768w, https:\/\/cochi.cl\/web\/wp-content\/uploads\/2022\/04\/TECLADO-G26CW905-4-1536x1536.jpg 1536w, https:\/\/cochi.cl\/web\/wp-content\/uploads\/2022\/04\/TECLADO-G26CW905-4-600x600.jpg 600w, https:\/\/cochi.cl\/web\/wp-content\/uploads\/2022\/04\/TECLADO-G26CW905-4-100x100.jpg 100w, https:\/\/cochi.cl\/web\/wp-content\/uploads\/2022\/04\/TECLADO-G26CW905-4.jpg 1600w\" sizes=\"(max-width: 300px) 100vw, 300px\" \/><\/p>\n","protected":false},"excerpt":{"rendered":"<p>ONIKUMA G26 + CW905 Juego de teclado y rat\u00f3n para juegos con cable Rosa Blanco G26 Teclado mec\u00e1nico con cable 89 teclas.<\/p>\n","protected":false},"featured_media":15676,"template":"","meta":[],"product_cat":[104],"product_tag":[],"_links":{"self":[{"href":"https:\/\/cochi.cl\/web\/wp-json\/wp\/v2\/product\/15675"}],"collection":[{"href":"https:\/\/cochi.cl\/web\/wp-json\/wp\/v2\/product"}],"about":[{"href":"https:\/\/cochi.cl\/web\/wp-json\/wp\/v2\/types\/product"}],"wp:featuredmedia":[{"embeddable":true,"href":"https:\/\/cochi.cl\/web\/wp-json\/wp\/v2\/media\/15676"}],"wp:attachment":[{"href":"https:\/\/cochi.cl\/web\/wp-json\/wp\/v2\/media?parent=15675"}],"wp:term":[{"taxonomy":"product_cat","embeddable":true,"href":"https:\/\/cochi.cl\/web\/wp-json\/wp\/v2\/product_cat?post=15675"},{"taxonomy":"product_tag","embeddable":true,"href":"https:\/\/cochi.cl\/web\/wp-json\/wp\/v2\/product_tag?post=15675"}],"curies":[{"name":"wp","href":"https:\/\/api.w.org\/{rel}","templated":true}]}}