{"id":15680,"date":"2022-04-14T14:31:29","date_gmt":"2022-04-14T14:31:29","guid":{"rendered":"https:\/\/cochi.cl\/web\/?post_type=product&#038;p=15680"},"modified":"2022-04-14T15:12:11","modified_gmt":"2022-04-14T15:12:11","slug":"teclado-profesional-onikuma-gaming-rgb-g27","status":"publish","type":"product","link":"https:\/\/cochi.cl\/web\/producto\/teclado-profesional-onikuma-gaming-rgb-g27\/","title":{"rendered":"TECLADO PROFESIONAL ONIKUMA GAMING RGB G27"},"content":{"rendered":"<p style=\"text-align: center\"><strong>TECLADO PROFESIONAL ONIKUMA GAMING RGB G27<\/strong><\/p>\n<ul>\n<li>Teclado para juegos profesional. Las teclas recubiertas y el dise\u00f1o de teclas de ABS grabado moldeado por inyecci\u00f3n, los caracteres y las letras no se desvanecen f\u00e1cilmente. A prueba de sudor, evita da\u00f1os en las teclas, mayor durabilidad y respuesta t\u00e1ctil.<\/li>\n<li>Teclado iluminado colorido. 4 tipos de modos de retroiluminaci\u00f3n LED, transpirables (7 colores alternativos). 3 Modo de retroiluminaci\u00f3n de mezcla permanente ajustable, respiraci\u00f3n variable o modo de iluminaci\u00f3n permanente. Incluso si no hay luz, jugar por la noche ser\u00e1 genial. Tambi\u00e9n puede ajustar el brillo de la luz de fondo y la frecuencia respiratoria seg\u00fan sus preferencias.<\/li>\n<li>Teclado est\u00e1ndar de 104 teclas. 13 combinaciones de teclas multimedia, 26 teclas sin conflicto, barra espaciadora mejorada. 13 tipos de combinaciones de teclas multimedia pueden simplificar su trabajo o la operaci\u00f3n del juego y mejorar la eficiencia.<\/li>\n<li>Teclado flotante de alta calidad. Los dos pies en \u00e1ngulo en la parte posterior del teclado pueden ajustar la altura del teclado. El dise\u00f1o integral de triple protecci\u00f3n a prueba de agua \u00abn\u00facleo\u00bb, la interfaz chapada en oro y el cable USB trenzado a prueba de agua garantizan una transmisi\u00f3n de datos estable, y son m\u00e1s duraderos que otros cables de PVC y no son f\u00e1ciles de romper.<\/li>\n<li>\n<h5>Dise\u00f1o ergon\u00f3mico, teclas ergon\u00f3micas, l\u00edneas suaves, sensaci\u00f3n c\u00f3moda y anti fatiga. Teclado para juegos retroiluminado perfecto, adecuado para juegos y oficina.<\/h5>\n<\/li>\n<\/ul>\n<h5 id=\"tw-target-text\" class=\"tw-data-text tw-text-large tw-ta\" style=\"text-align: center\" data-placeholder=\"Traducci\u00f3n\"><span class=\"Y2IQFc\" lang=\"es\"><strong>Tipo<\/strong>: Teclado mec\u00e1nico con cable <\/span><\/h5>\n<h5 class=\"tw-data-text tw-text-large tw-ta\" style=\"text-align: center\" data-placeholder=\"Traducci\u00f3n\"><span class=\"Y2IQFc\" lang=\"es\"><strong>Modelo<\/strong>: ONIKUMA G27 <\/span><\/h5>\n<h5 class=\"tw-data-text tw-text-large tw-ta\" style=\"text-align: center\" data-placeholder=\"Traducci\u00f3n\"><span class=\"Y2IQFc\" lang=\"es\"><strong>Tipo<\/strong>: Teclado mec\u00e1nico <\/span><\/h5>\n<h5 class=\"tw-data-text tw-text-large tw-ta\" style=\"text-align: center\" data-placeholder=\"Traducci\u00f3n\"><span class=\"Y2IQFc\" lang=\"es\"><strong>N\u00famero de llaves<\/strong>: 104 (llaves) <\/span><\/h5>\n<h5 class=\"tw-data-text tw-text-large tw-ta\" style=\"text-align: center\" data-placeholder=\"Traducci\u00f3n\"><span class=\"Y2IQFc\" lang=\"es\"><strong>Interfaz<\/strong>: USB Ya sea para admitir plug and play: soporte <\/span><\/h5>\n<h5 class=\"tw-data-text tw-text-large tw-ta\" style=\"text-align: center\" data-placeholder=\"Traducci\u00f3n\"><span class=\"Y2IQFc\" lang=\"es\"><strong>Conexi\u00f3n con el ordenador:<\/strong> por cable <\/span><\/h5>\n<h5 class=\"tw-data-text tw-text-large tw-ta\" style=\"text-align: center\" data-placeholder=\"Traducci\u00f3n\"><span class=\"Y2IQFc\" lang=\"es\"><strong>Funci\u00f3n de retroiluminaci\u00f3n:<\/strong> retroiluminaci\u00f3n de 7 colores <\/span><\/h5>\n<h5 class=\"tw-data-text tw-text-large tw-ta\" style=\"text-align: center\" data-placeholder=\"Traducci\u00f3n\"><span class=\"Y2IQFc\" lang=\"es\"><strong>Material:<\/strong> ABS <\/span><\/h5>\n<h5 class=\"tw-data-text tw-text-large tw-ta\" style=\"text-align: center\" data-placeholder=\"Traducci\u00f3n\"><span class=\"Y2IQFc\" lang=\"es\"><strong>Color<\/strong>: negro<\/span><\/h5>\n<p>&nbsp;<\/p>\n<p><img decoding=\"async\" loading=\"lazy\" class=\"alignnone size-medium wp-image-15682\" src=\"http:\/\/cochi.cl\/web\/wp-content\/uploads\/2022\/04\/G27-2-300x300.jpg\" alt=\"\" width=\"300\" height=\"300\" srcset=\"https:\/\/cochi.cl\/web\/wp-content\/uploads\/2022\/04\/G27-2-300x300.jpg 300w, https:\/\/cochi.cl\/web\/wp-content\/uploads\/2022\/04\/G27-2-1024x1024.jpg 1024w, https:\/\/cochi.cl\/web\/wp-content\/uploads\/2022\/04\/G27-2-150x150.jpg 150w, https:\/\/cochi.cl\/web\/wp-content\/uploads\/2022\/04\/G27-2-768x768.jpg 768w, https:\/\/cochi.cl\/web\/wp-content\/uploads\/2022\/04\/G27-2-600x600.jpg 600w, https:\/\/cochi.cl\/web\/wp-content\/uploads\/2022\/04\/G27-2-100x100.jpg 100w, https:\/\/cochi.cl\/web\/wp-content\/uploads\/2022\/04\/G27-2.jpg 1500w\" sizes=\"(max-width: 300px) 100vw, 300px\" \/> <img decoding=\"async\" loading=\"lazy\" class=\"alignnone size-medium wp-image-15683\" src=\"http:\/\/cochi.cl\/web\/wp-content\/uploads\/2022\/04\/G27-3-300x300.jpg\" alt=\"\" width=\"300\" height=\"300\" srcset=\"https:\/\/cochi.cl\/web\/wp-content\/uploads\/2022\/04\/G27-3-300x300.jpg 300w, https:\/\/cochi.cl\/web\/wp-content\/uploads\/2022\/04\/G27-3-1024x1024.jpg 1024w, https:\/\/cochi.cl\/web\/wp-content\/uploads\/2022\/04\/G27-3-150x150.jpg 150w, https:\/\/cochi.cl\/web\/wp-content\/uploads\/2022\/04\/G27-3-768x768.jpg 768w, https:\/\/cochi.cl\/web\/wp-content\/uploads\/2022\/04\/G27-3-600x600.jpg 600w, https:\/\/cochi.cl\/web\/wp-content\/uploads\/2022\/04\/G27-3-100x100.jpg 100w, https:\/\/cochi.cl\/web\/wp-content\/uploads\/2022\/04\/G27-3.jpg 1500w\" sizes=\"(max-width: 300px) 100vw, 300px\" \/> <img decoding=\"async\" loading=\"lazy\" class=\"alignnone size-medium wp-image-15684\" src=\"http:\/\/cochi.cl\/web\/wp-content\/uploads\/2022\/04\/G27-4-300x300.jpg\" alt=\"\" width=\"300\" height=\"300\" srcset=\"https:\/\/cochi.cl\/web\/wp-content\/uploads\/2022\/04\/G27-4-300x300.jpg 300w, https:\/\/cochi.cl\/web\/wp-content\/uploads\/2022\/04\/G27-4-1024x1024.jpg 1024w, https:\/\/cochi.cl\/web\/wp-content\/uploads\/2022\/04\/G27-4-150x150.jpg 150w, https:\/\/cochi.cl\/web\/wp-content\/uploads\/2022\/04\/G27-4-768x768.jpg 768w, https:\/\/cochi.cl\/web\/wp-content\/uploads\/2022\/04\/G27-4-600x600.jpg 600w, https:\/\/cochi.cl\/web\/wp-content\/uploads\/2022\/04\/G27-4-100x100.jpg 100w, https:\/\/cochi.cl\/web\/wp-content\/uploads\/2022\/04\/G27-4.jpg 1500w\" sizes=\"(max-width: 300px) 100vw, 300px\" \/> <img decoding=\"async\" loading=\"lazy\" class=\"alignnone size-medium wp-image-15685\" src=\"http:\/\/cochi.cl\/web\/wp-content\/uploads\/2022\/04\/G27-5-300x300.jpg\" alt=\"\" width=\"300\" height=\"300\" srcset=\"https:\/\/cochi.cl\/web\/wp-content\/uploads\/2022\/04\/G27-5-300x300.jpg 300w, https:\/\/cochi.cl\/web\/wp-content\/uploads\/2022\/04\/G27-5-1024x1024.jpg 1024w, https:\/\/cochi.cl\/web\/wp-content\/uploads\/2022\/04\/G27-5-150x150.jpg 150w, https:\/\/cochi.cl\/web\/wp-content\/uploads\/2022\/04\/G27-5-768x768.jpg 768w, https:\/\/cochi.cl\/web\/wp-content\/uploads\/2022\/04\/G27-5-600x600.jpg 600w, https:\/\/cochi.cl\/web\/wp-content\/uploads\/2022\/04\/G27-5-100x100.jpg 100w, https:\/\/cochi.cl\/web\/wp-content\/uploads\/2022\/04\/G27-5.jpg 1500w\" sizes=\"(max-width: 300px) 100vw, 300px\" \/><img decoding=\"async\" loading=\"lazy\" class=\"alignnone size-medium wp-image-15686\" src=\"http:\/\/cochi.cl\/web\/wp-content\/uploads\/2022\/04\/15773880_1-300x300.jpg\" alt=\"\" width=\"300\" height=\"300\" srcset=\"https:\/\/cochi.cl\/web\/wp-content\/uploads\/2022\/04\/15773880_1-300x300.jpg 300w, https:\/\/cochi.cl\/web\/wp-content\/uploads\/2022\/04\/15773880_1-1024x1024.jpg 1024w, https:\/\/cochi.cl\/web\/wp-content\/uploads\/2022\/04\/15773880_1-150x150.jpg 150w, https:\/\/cochi.cl\/web\/wp-content\/uploads\/2022\/04\/15773880_1-768x768.jpg 768w, https:\/\/cochi.cl\/web\/wp-content\/uploads\/2022\/04\/15773880_1-600x600.jpg 600w, https:\/\/cochi.cl\/web\/wp-content\/uploads\/2022\/04\/15773880_1-100x100.jpg 100w, https:\/\/cochi.cl\/web\/wp-content\/uploads\/2022\/04\/15773880_1.jpg 1500w\" sizes=\"(max-width: 300px) 100vw, 300px\" \/><\/p>\n","protected":false},"excerpt":{"rendered":"<p>ONIKUMA G27 Teclado con cable Interfaz USB de 104 teclas Teclado mec\u00e1nico retroiluminado para juegos.<\/p>\n","protected":false},"featured_media":15686,"template":"","meta":[],"product_cat":[104],"product_tag":[],"_links":{"self":[{"href":"https:\/\/cochi.cl\/web\/wp-json\/wp\/v2\/product\/15680"}],"collection":[{"href":"https:\/\/cochi.cl\/web\/wp-json\/wp\/v2\/product"}],"about":[{"href":"https:\/\/cochi.cl\/web\/wp-json\/wp\/v2\/types\/product"}],"wp:featuredmedia":[{"embeddable":true,"href":"https:\/\/cochi.cl\/web\/wp-json\/wp\/v2\/media\/15686"}],"wp:attachment":[{"href":"https:\/\/cochi.cl\/web\/wp-json\/wp\/v2\/media?parent=15680"}],"wp:term":[{"taxonomy":"product_cat","embeddable":true,"href":"https:\/\/cochi.cl\/web\/wp-json\/wp\/v2\/product_cat?post=15680"},{"taxonomy":"product_tag","embeddable":true,"href":"https:\/\/cochi.cl\/web\/wp-json\/wp\/v2\/product_tag?post=15680"}],"curies":[{"name":"wp","href":"https:\/\/api.w.org\/{rel}","templated":true}]}}