{"id":15687,"date":"2022-04-14T15:06:50","date_gmt":"2022-04-14T15:06:50","guid":{"rendered":"https:\/\/cochi.cl\/web\/?post_type=product&#038;p=15687"},"modified":"2022-04-14T15:07:02","modified_gmt":"2022-04-14T15:07:02","slug":"teclado-onikuma-g21mouse-cw902","status":"publish","type":"product","link":"https:\/\/cochi.cl\/web\/producto\/teclado-onikuma-g21mouse-cw902\/","title":{"rendered":"TECLADO ONIKUMA G21+MOUSE CW902"},"content":{"rendered":"<h3 style=\"text-align: center\"><strong>TECLADO ONIKUMA G21+MOUSE CW902<\/strong><\/h3>\n<p style=\"text-align: center\">Textura exfoliante corporal.<\/p>\n<p style=\"text-align: center\">Efecto de iluminaci\u00f3n sinf\u00f3nica.<\/p>\n<p style=\"text-align: center\">Botones de oficina multifuncionales.<\/p>\n<p style=\"text-align: center\">Sensaci\u00f3n tranquila y c\u00f3moda.<\/p>\n<p style=\"text-align: center\">Dise\u00f1o de salpicaduras a prueba de agua.<\/p>\n<h4 style=\"text-align: center\"><strong>Especificaciones del rat\u00f3n:<\/strong><\/h4>\n<p style=\"text-align: center\">Modelo: CW902<\/p>\n<p style=\"text-align: center\">Tensi\u00f3n de trabajo: 5V<\/p>\n<p style=\"text-align: center\">corriente de trabajo: menos de 100MA<\/p>\n<p style=\"text-align: center\">Longitud del cable: 1,5 millones<\/p>\n<p style=\"text-align: center\">Peso: alrededor de 1,24 kg<\/p>\n<p style=\"text-align: center\">Interfaz: USB<\/p>\n<p style=\"text-align: center\">Color claro: RGB<\/p>\n<p style=\"text-align: center\">Tipo: Rat\u00f3n para juegos con cable para PC\/port\u00e1til<\/p>\n<p style=\"text-align: center\">Sistema de apoyo: Windows XP\/7\/8\/10\/MAC o sistema nuevo<\/p>\n<p style=\"text-align: center\">PPP predeterminado: 800 verde\/1600 violeta\/2400 azul\/3200 rojo\/4800 azul\/6400 amarillo.<\/p>\n<h3 data-placeholder=\"Traducci\u00f3n\"><\/h3>\n<h3 id=\"tw-target-text\" class=\"tw-data-text tw-text-large tw-ta\" style=\"text-align: center\" data-placeholder=\"Traducci\u00f3n\"><strong><span class=\"Y2IQFc\" lang=\"es\">Especificaciones del teclado: <\/span><\/strong><\/h3>\n<p style=\"text-align: center\"><span class=\"Y2IQFc\" lang=\"es\">Modelo G21<\/span><\/p>\n<p style=\"text-align: center\">Tipo Juego de teclado y mouse con cable<\/p>\n<p style=\"text-align: center\">Conexi\u00f3n con la computadora teclado con cable<\/p>\n<p style=\"text-align: center\">Interfaz de teclado USB interfaz de rat\u00f3n USB<\/p>\n<p style=\"text-align: center\">M\u00e9todo de trabajo fotoel\u00e9ctrico<\/p>\n<p style=\"text-align: center\">Resoluci\u00f3n fotoel\u00e9ctrica 800-6400<\/p>\n<p style=\"text-align: center\">Longitud de la l\u00ednea 1,5 (metros)<\/p>\n<p style=\"text-align: center\">Color Negro<\/p>\n<p style=\"text-align: center\">Talla 480x220x75mm<\/p>\n<p><img decoding=\"async\" loading=\"lazy\" class=\"alignnone size-medium wp-image-15688\" src=\"http:\/\/cochi.cl\/web\/wp-content\/uploads\/2022\/04\/15579661_1-300x300.jpg\" alt=\"\" width=\"300\" height=\"300\" srcset=\"https:\/\/cochi.cl\/web\/wp-content\/uploads\/2022\/04\/15579661_1-300x300.jpg 300w, https:\/\/cochi.cl\/web\/wp-content\/uploads\/2022\/04\/15579661_1-150x150.jpg 150w, https:\/\/cochi.cl\/web\/wp-content\/uploads\/2022\/04\/15579661_1-768x768.jpg 768w, https:\/\/cochi.cl\/web\/wp-content\/uploads\/2022\/04\/15579661_1-600x600.jpg 600w, https:\/\/cochi.cl\/web\/wp-content\/uploads\/2022\/04\/15579661_1-100x100.jpg 100w, https:\/\/cochi.cl\/web\/wp-content\/uploads\/2022\/04\/15579661_1.jpg 800w\" sizes=\"(max-width: 300px) 100vw, 300px\" \/> <img decoding=\"async\" loading=\"lazy\" class=\"alignnone size-medium wp-image-15689\" src=\"http:\/\/cochi.cl\/web\/wp-content\/uploads\/2022\/04\/G21CW902-1-300x300.jpg\" alt=\"\" width=\"300\" height=\"300\" srcset=\"https:\/\/cochi.cl\/web\/wp-content\/uploads\/2022\/04\/G21CW902-1-300x300.jpg 300w, https:\/\/cochi.cl\/web\/wp-content\/uploads\/2022\/04\/G21CW902-1-1024x1024.jpg 1024w, https:\/\/cochi.cl\/web\/wp-content\/uploads\/2022\/04\/G21CW902-1-150x150.jpg 150w, https:\/\/cochi.cl\/web\/wp-content\/uploads\/2022\/04\/G21CW902-1-768x768.jpg 768w, https:\/\/cochi.cl\/web\/wp-content\/uploads\/2022\/04\/G21CW902-1-600x600.jpg 600w, https:\/\/cochi.cl\/web\/wp-content\/uploads\/2022\/04\/G21CW902-1-100x100.jpg 100w, https:\/\/cochi.cl\/web\/wp-content\/uploads\/2022\/04\/G21CW902-1.jpg 1500w\" sizes=\"(max-width: 300px) 100vw, 300px\" \/> <img decoding=\"async\" loading=\"lazy\" class=\"alignnone size-medium wp-image-15690\" src=\"http:\/\/cochi.cl\/web\/wp-content\/uploads\/2022\/04\/G21CW902-2-300x300.jpg\" alt=\"\" width=\"300\" height=\"300\" srcset=\"https:\/\/cochi.cl\/web\/wp-content\/uploads\/2022\/04\/G21CW902-2-300x300.jpg 300w, https:\/\/cochi.cl\/web\/wp-content\/uploads\/2022\/04\/G21CW902-2-1024x1024.jpg 1024w, https:\/\/cochi.cl\/web\/wp-content\/uploads\/2022\/04\/G21CW902-2-150x150.jpg 150w, https:\/\/cochi.cl\/web\/wp-content\/uploads\/2022\/04\/G21CW902-2-768x768.jpg 768w, https:\/\/cochi.cl\/web\/wp-content\/uploads\/2022\/04\/G21CW902-2-600x600.jpg 600w, https:\/\/cochi.cl\/web\/wp-content\/uploads\/2022\/04\/G21CW902-2-100x100.jpg 100w, https:\/\/cochi.cl\/web\/wp-content\/uploads\/2022\/04\/G21CW902-2.jpg 1500w\" sizes=\"(max-width: 300px) 100vw, 300px\" \/> <img decoding=\"async\" loading=\"lazy\" class=\"alignnone size-medium wp-image-15691\" src=\"http:\/\/cochi.cl\/web\/wp-content\/uploads\/2022\/04\/G21CW902-3-300x300.jpg\" alt=\"\" width=\"300\" height=\"300\" srcset=\"https:\/\/cochi.cl\/web\/wp-content\/uploads\/2022\/04\/G21CW902-3-300x300.jpg 300w, https:\/\/cochi.cl\/web\/wp-content\/uploads\/2022\/04\/G21CW902-3-1024x1024.jpg 1024w, https:\/\/cochi.cl\/web\/wp-content\/uploads\/2022\/04\/G21CW902-3-150x150.jpg 150w, https:\/\/cochi.cl\/web\/wp-content\/uploads\/2022\/04\/G21CW902-3-768x768.jpg 768w, https:\/\/cochi.cl\/web\/wp-content\/uploads\/2022\/04\/G21CW902-3-600x600.jpg 600w, https:\/\/cochi.cl\/web\/wp-content\/uploads\/2022\/04\/G21CW902-3-100x100.jpg 100w, https:\/\/cochi.cl\/web\/wp-content\/uploads\/2022\/04\/G21CW902-3.jpg 1500w\" sizes=\"(max-width: 300px) 100vw, 300px\" \/> <img decoding=\"async\" loading=\"lazy\" class=\"alignnone size-medium wp-image-15692\" src=\"http:\/\/cochi.cl\/web\/wp-content\/uploads\/2022\/04\/G21CW902-4-300x300.jpg\" alt=\"\" width=\"300\" height=\"300\" srcset=\"https:\/\/cochi.cl\/web\/wp-content\/uploads\/2022\/04\/G21CW902-4-300x300.jpg 300w, https:\/\/cochi.cl\/web\/wp-content\/uploads\/2022\/04\/G21CW902-4-1024x1024.jpg 1024w, https:\/\/cochi.cl\/web\/wp-content\/uploads\/2022\/04\/G21CW902-4-150x150.jpg 150w, https:\/\/cochi.cl\/web\/wp-content\/uploads\/2022\/04\/G21CW902-4-768x768.jpg 768w, https:\/\/cochi.cl\/web\/wp-content\/uploads\/2022\/04\/G21CW902-4-600x600.jpg 600w, https:\/\/cochi.cl\/web\/wp-content\/uploads\/2022\/04\/G21CW902-4-100x100.jpg 100w, https:\/\/cochi.cl\/web\/wp-content\/uploads\/2022\/04\/G21CW902-4.jpg 1500w\" sizes=\"(max-width: 300px) 100vw, 300px\" \/><\/p>\n","protected":false},"excerpt":{"rendered":"<p>Juego de teclado y rat\u00f3n para juegos ONIKUMA G21 + CW902, 104 teclas con retroiluminaci\u00f3n RGB, rat\u00f3n ergon\u00f3mico para PC y port\u00e1til.<\/p>\n","protected":false},"featured_media":15688,"template":"","meta":[],"product_cat":[104],"product_tag":[],"_links":{"self":[{"href":"https:\/\/cochi.cl\/web\/wp-json\/wp\/v2\/product\/15687"}],"collection":[{"href":"https:\/\/cochi.cl\/web\/wp-json\/wp\/v2\/product"}],"about":[{"href":"https:\/\/cochi.cl\/web\/wp-json\/wp\/v2\/types\/product"}],"wp:featuredmedia":[{"embeddable":true,"href":"https:\/\/cochi.cl\/web\/wp-json\/wp\/v2\/media\/15688"}],"wp:attachment":[{"href":"https:\/\/cochi.cl\/web\/wp-json\/wp\/v2\/media?parent=15687"}],"wp:term":[{"taxonomy":"product_cat","embeddable":true,"href":"https:\/\/cochi.cl\/web\/wp-json\/wp\/v2\/product_cat?post=15687"},{"taxonomy":"product_tag","embeddable":true,"href":"https:\/\/cochi.cl\/web\/wp-json\/wp\/v2\/product_tag?post=15687"}],"curies":[{"name":"wp","href":"https:\/\/api.w.org\/{rel}","templated":true}]}}