{"id":15695,"date":"2022-04-14T15:49:13","date_gmt":"2022-04-14T15:49:13","guid":{"rendered":"https:\/\/cochi.cl\/web\/?post_type=product&#038;p=15695"},"modified":"2022-04-14T15:49:21","modified_gmt":"2022-04-14T15:49:21","slug":"audifonos-gamer-onikuma-k8-negro-rgb","status":"publish","type":"product","link":"https:\/\/cochi.cl\/web\/producto\/audifonos-gamer-onikuma-k8-negro-rgb\/","title":{"rendered":"AUDIFONOS GAMER ONIKUMA K8 NEGRO RGB"},"content":{"rendered":"<h4 style=\"text-align: center\"><strong>AUDIFONOS GAMER ONIKUMA K8 NEGRO RGB<\/strong><\/h4>\n<h5 id=\"tw-target-text\" class=\"tw-data-text tw-text-large tw-ta\" data-placeholder=\"Traducci\u00f3n\"><span class=\"Y2IQFc\" lang=\"es\">LUZ LED Destaca la atm\u00f3sfera del juego (interfaz USB solo para suministro de energ\u00eda a las luces LED). <\/span><\/h5>\n<h5 class=\"tw-data-text tw-text-large tw-ta\" data-placeholder=\"Traducci\u00f3n\"><span class=\"Y2IQFc\" lang=\"es\">Material respetuoso con el medio ambiente Las orejeras utilizadas con el nuevo material respetuoso con la piel de segunda generaci\u00f3n reducen el sudor t\u00e9rmico y son m\u00e1s adecuadas para un uso prolongado. Sensaci\u00f3n c\u00f3moda TPE port\u00e1til de alto grado, textura suave, tacto delicado y c\u00f3modo, tiene una apariencia elegante. <\/span><\/h5>\n<h5 class=\"tw-data-text tw-text-large tw-ta\" data-placeholder=\"Traducci\u00f3n\"><span class=\"Y2IQFc\" lang=\"es\">El cintur\u00f3n de descompresi\u00f3n de dise\u00f1o pr\u00e1ctico hace que sus auriculares tengan una mejor extensibilidad. Estructura concisa, peso ligero al jugar, material de alta calidad que le permite mantener una gran practicidad El dise\u00f1o suave le dice c\u00f3mo es irrompible. F\u00e1cil instalaci\u00f3n Plug and play, enchufes de 3,5 mm para micr\u00f3fono y auriculares + enchufe USB para luces, aseguran m\u00e1s completamente la estabilidad del sonido.<\/span><\/h5>\n<p style=\"text-align: center\"><strong>ESPECIFICACIONES<\/strong>:<\/p>\n<p style=\"text-align: center\">Modelo ONIKUMA K8<\/p>\n<p style=\"text-align: center\">Impedancia 32 ohmios<\/p>\n<p style=\"text-align: center\">Di\u00e1metro del conductor 50 mm<\/p>\n<p style=\"text-align: center\">Sensibilidad 105\u00b13dB<\/p>\n<p style=\"text-align: center\">Impedancia 32\u03a9\u00b115%<\/p>\n<p style=\"text-align: center\">Rango de frecuencia 20~20000 Hz<\/p>\n<p style=\"text-align: center\">Voltaje de trabajo LED 5 V CC +\/- 5 %<\/p>\n<p style=\"text-align: center\">Interfaz de auriculares USB (enchufe el conector USB, la luz LED est\u00e1 encendida, desench\u00fafelo para apagarlo) + audio est\u00e9reo de 3,5 mm y conector de micr\u00f3fono<\/p>\n<p style=\"text-align: center\">Longitud del cable Aprox. 2,2 m\/7,22 pies<\/p>\n<p style=\"text-align: center\">Dimensi\u00f3n MIC MIC 6,0&#215;2,7 mm<\/p>\n<p style=\"text-align: center\">Sensibilidad del micr\u00f3fono -42\u00b13dB<\/p>\n<p style=\"text-align: center\">Impedancia del micr\u00f3fono 2.2K\u03a9<\/p>\n<p style=\"text-align: center\">Enchufar 3,5 mm (est\u00e1ndar CTIA)<\/p>\n<p style=\"text-align: center\">Tama\u00f1o del producto Aprox. 20,5*18*9 cm\/8,07*7,08*3,54 pulgadas<\/p>\n<p style=\"text-align: center\">Peso del Producto Aprox. 365 g \/ 12,85 oz<\/p>\n<p style=\"text-align: center\">Tama\u00f1o del paquete Aprox. 21,5*18*10 cm\/8,46*7,08*3,93 pulgadas<\/p>\n<p style=\"text-align: center\">peso del paquete Aprox. 478g\/16,89 onzas<\/p>\n<p>&nbsp;<\/p>\n<p><img decoding=\"async\" loading=\"lazy\" class=\"alignnone size-medium wp-image-15696\" src=\"http:\/\/cochi.cl\/web\/wp-content\/uploads\/2022\/04\/01-300x300.jpg\" alt=\"\" width=\"300\" height=\"300\" srcset=\"https:\/\/cochi.cl\/web\/wp-content\/uploads\/2022\/04\/01-300x300.jpg 300w, https:\/\/cochi.cl\/web\/wp-content\/uploads\/2022\/04\/01-1024x1024.jpg 1024w, https:\/\/cochi.cl\/web\/wp-content\/uploads\/2022\/04\/01-150x150.jpg 150w, https:\/\/cochi.cl\/web\/wp-content\/uploads\/2022\/04\/01-768x768.jpg 768w, https:\/\/cochi.cl\/web\/wp-content\/uploads\/2022\/04\/01-600x600.jpg 600w, https:\/\/cochi.cl\/web\/wp-content\/uploads\/2022\/04\/01-100x100.jpg 100w, https:\/\/cochi.cl\/web\/wp-content\/uploads\/2022\/04\/01.jpg 1500w\" sizes=\"(max-width: 300px) 100vw, 300px\" \/> <img decoding=\"async\" loading=\"lazy\" class=\"alignnone size-medium wp-image-15697\" src=\"http:\/\/cochi.cl\/web\/wp-content\/uploads\/2022\/04\/02-300x300.jpg\" alt=\"\" width=\"300\" height=\"300\" srcset=\"https:\/\/cochi.cl\/web\/wp-content\/uploads\/2022\/04\/02-300x300.jpg 300w, https:\/\/cochi.cl\/web\/wp-content\/uploads\/2022\/04\/02-1024x1024.jpg 1024w, https:\/\/cochi.cl\/web\/wp-content\/uploads\/2022\/04\/02-150x150.jpg 150w, https:\/\/cochi.cl\/web\/wp-content\/uploads\/2022\/04\/02-768x768.jpg 768w, https:\/\/cochi.cl\/web\/wp-content\/uploads\/2022\/04\/02-600x600.jpg 600w, https:\/\/cochi.cl\/web\/wp-content\/uploads\/2022\/04\/02-100x100.jpg 100w, https:\/\/cochi.cl\/web\/wp-content\/uploads\/2022\/04\/02.jpg 1500w\" sizes=\"(max-width: 300px) 100vw, 300px\" \/> <img decoding=\"async\" loading=\"lazy\" class=\"alignnone size-medium wp-image-15698\" src=\"http:\/\/cochi.cl\/web\/wp-content\/uploads\/2022\/04\/04-\u62f7\u8d1d-300x300.jpg\" alt=\"\" width=\"300\" height=\"300\" srcset=\"https:\/\/cochi.cl\/web\/wp-content\/uploads\/2022\/04\/04-\u62f7\u8d1d-300x300.jpg 300w, https:\/\/cochi.cl\/web\/wp-content\/uploads\/2022\/04\/04-\u62f7\u8d1d-1024x1024.jpg 1024w, https:\/\/cochi.cl\/web\/wp-content\/uploads\/2022\/04\/04-\u62f7\u8d1d-150x150.jpg 150w, https:\/\/cochi.cl\/web\/wp-content\/uploads\/2022\/04\/04-\u62f7\u8d1d-768x768.jpg 768w, https:\/\/cochi.cl\/web\/wp-content\/uploads\/2022\/04\/04-\u62f7\u8d1d-600x600.jpg 600w, https:\/\/cochi.cl\/web\/wp-content\/uploads\/2022\/04\/04-\u62f7\u8d1d-100x100.jpg 100w, https:\/\/cochi.cl\/web\/wp-content\/uploads\/2022\/04\/04-\u62f7\u8d1d.jpg 1500w\" sizes=\"(max-width: 300px) 100vw, 300px\" \/> <img decoding=\"async\" loading=\"lazy\" class=\"alignnone size-medium wp-image-15699\" src=\"http:\/\/cochi.cl\/web\/wp-content\/uploads\/2022\/04\/06-\u62f7\u8d1d-300x300.jpg\" alt=\"\" width=\"300\" height=\"300\" srcset=\"https:\/\/cochi.cl\/web\/wp-content\/uploads\/2022\/04\/06-\u62f7\u8d1d-300x300.jpg 300w, https:\/\/cochi.cl\/web\/wp-content\/uploads\/2022\/04\/06-\u62f7\u8d1d-1024x1024.jpg 1024w, https:\/\/cochi.cl\/web\/wp-content\/uploads\/2022\/04\/06-\u62f7\u8d1d-150x150.jpg 150w, https:\/\/cochi.cl\/web\/wp-content\/uploads\/2022\/04\/06-\u62f7\u8d1d-768x768.jpg 768w, https:\/\/cochi.cl\/web\/wp-content\/uploads\/2022\/04\/06-\u62f7\u8d1d-600x600.jpg 600w, https:\/\/cochi.cl\/web\/wp-content\/uploads\/2022\/04\/06-\u62f7\u8d1d-100x100.jpg 100w, https:\/\/cochi.cl\/web\/wp-content\/uploads\/2022\/04\/06-\u62f7\u8d1d.jpg 1500w\" sizes=\"(max-width: 300px) 100vw, 300px\" \/> <img decoding=\"async\" loading=\"lazy\" class=\"alignnone size-medium wp-image-15700\" src=\"http:\/\/cochi.cl\/web\/wp-content\/uploads\/2022\/04\/08-300x300.jpg\" alt=\"\" width=\"300\" height=\"300\" srcset=\"https:\/\/cochi.cl\/web\/wp-content\/uploads\/2022\/04\/08-300x300.jpg 300w, https:\/\/cochi.cl\/web\/wp-content\/uploads\/2022\/04\/08-1024x1024.jpg 1024w, https:\/\/cochi.cl\/web\/wp-content\/uploads\/2022\/04\/08-150x150.jpg 150w, https:\/\/cochi.cl\/web\/wp-content\/uploads\/2022\/04\/08-768x768.jpg 768w, https:\/\/cochi.cl\/web\/wp-content\/uploads\/2022\/04\/08-600x600.jpg 600w, https:\/\/cochi.cl\/web\/wp-content\/uploads\/2022\/04\/08-100x100.jpg 100w, https:\/\/cochi.cl\/web\/wp-content\/uploads\/2022\/04\/08.jpg 1500w\" sizes=\"(max-width: 300px) 100vw, 300px\" \/> <img decoding=\"async\" loading=\"lazy\" class=\"alignnone size-medium wp-image-15701\" src=\"http:\/\/cochi.cl\/web\/wp-content\/uploads\/2022\/04\/RGB-300x300.jpg\" alt=\"\" width=\"300\" height=\"300\" srcset=\"https:\/\/cochi.cl\/web\/wp-content\/uploads\/2022\/04\/RGB-300x300.jpg 300w, https:\/\/cochi.cl\/web\/wp-content\/uploads\/2022\/04\/RGB-1024x1024.jpg 1024w, https:\/\/cochi.cl\/web\/wp-content\/uploads\/2022\/04\/RGB-150x150.jpg 150w, https:\/\/cochi.cl\/web\/wp-content\/uploads\/2022\/04\/RGB-768x768.jpg 768w, https:\/\/cochi.cl\/web\/wp-content\/uploads\/2022\/04\/RGB-600x600.jpg 600w, https:\/\/cochi.cl\/web\/wp-content\/uploads\/2022\/04\/RGB-100x100.jpg 100w, https:\/\/cochi.cl\/web\/wp-content\/uploads\/2022\/04\/RGB.jpg 1500w\" sizes=\"(max-width: 300px) 100vw, 300px\" \/><\/p>\n","protected":false},"excerpt":{"rendered":"<h5 id=\"tw-target-text\" class=\"tw-data-text tw-text-large tw-ta\" data-placeholder=\"Traducci\u00f3n\"><span class=\"Y2IQFc\" lang=\"es\">ONIKUMA K8 Auriculares para juegos Auriculares est\u00e9reo con cable. Cancelaci\u00f3n de ruido con micr\u00f3fono. Luces LED. Auriculares para PS4, XBox One, PC, Laptop, Tablet.<\/span><\/h5>\n","protected":false},"featured_media":15696,"template":"","meta":[],"product_cat":[105],"product_tag":[],"_links":{"self":[{"href":"https:\/\/cochi.cl\/web\/wp-json\/wp\/v2\/product\/15695"}],"collection":[{"href":"https:\/\/cochi.cl\/web\/wp-json\/wp\/v2\/product"}],"about":[{"href":"https:\/\/cochi.cl\/web\/wp-json\/wp\/v2\/types\/product"}],"wp:featuredmedia":[{"embeddable":true,"href":"https:\/\/cochi.cl\/web\/wp-json\/wp\/v2\/media\/15696"}],"wp:attachment":[{"href":"https:\/\/cochi.cl\/web\/wp-json\/wp\/v2\/media?parent=15695"}],"wp:term":[{"taxonomy":"product_cat","embeddable":true,"href":"https:\/\/cochi.cl\/web\/wp-json\/wp\/v2\/product_cat?post=15695"},{"taxonomy":"product_tag","embeddable":true,"href":"https:\/\/cochi.cl\/web\/wp-json\/wp\/v2\/product_tag?post=15695"}],"curies":[{"name":"wp","href":"https:\/\/api.w.org\/{rel}","templated":true}]}}