{"id":15702,"date":"2022-04-14T16:07:59","date_gmt":"2022-04-14T16:07:59","guid":{"rendered":"https:\/\/cochi.cl\/web\/?post_type=product&#038;p=15702"},"modified":"2022-04-14T16:08:12","modified_gmt":"2022-04-14T16:08:12","slug":"audifono-gaming-onikuma-x8-negro","status":"publish","type":"product","link":"https:\/\/cochi.cl\/web\/producto\/audifono-gaming-onikuma-x8-negro\/","title":{"rendered":"AUDIFONO GAMING ONIKUMA X8 NEGRO"},"content":{"rendered":"<p style=\"text-align: center\"><strong>AUDIFONO GAMING ONIKUMA X8 NEGRO<\/strong><\/p>\n<h5 id=\"tw-target-text\" class=\"tw-data-text tw-text-large tw-ta\" data-placeholder=\"Traducci\u00f3n\"><span class=\"Y2IQFc\" lang=\"es\">Experiencia de juego inmersiva mejorada: con un controlador de 50 mm de alta precisi\u00f3n, brinda un sonido v\u00edvido y una sensaci\u00f3n de impacto. <\/span><span class=\"Y2IQFc\" lang=\"es\">Perfecto para todos los juegos y m\u00fasica, puedes distinguir f\u00e1cilmente el sonido de los enemigos, como pasos, etc. <\/span><\/h5>\n<h5 class=\"tw-data-text tw-text-large tw-ta\" data-placeholder=\"Traducci\u00f3n\"><span class=\"Y2IQFc\" lang=\"es\">Auriculares para juegos c\u00f3modos y a la moda: materiales livianos y dise\u00f1ados con diadema ajustable y orejeras que cubren todo con espuma viscoel\u00e1stica suave, le brindan una experiencia de uso superior y c\u00f3moda y garantizan sesiones de juego a largo plazo sin estr\u00e9s. <\/span><\/h5>\n<h5 class=\"tw-data-text tw-text-large tw-ta\" data-placeholder=\"Traducci\u00f3n\"><span class=\"Y2IQFc\" lang=\"es\">Compatibilidad universal: los auriculares para juegos ONIKUMA X8 con un cable de interfaz 2 en 1 de 3,5 mm + USB son compatibles con PC, para el controlador PS4, etc. Tecnolog\u00eda de cancelaci\u00f3n de ruido alto: este auricular est\u00e1 equipado con un micr\u00f3fono sensible y tecnolog\u00eda de cancelaci\u00f3n de ruido adaptada. Puede cortar el ruido de manera efectiva y brindarle un chat limpio y claro con sus amigos. Geniales efectos de iluminaci\u00f3n RGB: Ilumina la atm\u00f3sfera de tu juego y te permite sumergirte por completo en el juego.<\/span><\/h5>\n<p>&nbsp;<\/p>\n<p style=\"text-align: center\"><strong>ESPECIFICACIONES<\/strong>:<\/p>\n<p style=\"text-align: center\">Modelo: ONIKUMA X8<\/p>\n<p style=\"text-align: center\">Sensibilidad: 116\u00b13dB<\/p>\n<p style=\"text-align: center\">Frecuencia: 20-20000Hz<\/p>\n<p style=\"text-align: center\">Interfaz: USB + 3,5 mm<\/p>\n<p style=\"text-align: center\">Di\u00e1metro del conductor: 50 mm<\/p>\n<p style=\"text-align: center\">Impedancia: 20ohm +\/- 15%<\/p>\n<p style=\"text-align: center\">Longitud del cable: 2,2 m<\/p>\n<p style=\"text-align: center\">color negro<\/p>\n<p style=\"text-align: center\">Material: ABS<\/p>\n<p>&nbsp;<\/p>\n<p><img decoding=\"async\" loading=\"lazy\" class=\"alignnone size-medium wp-image-15703\" src=\"http:\/\/cochi.cl\/web\/wp-content\/uploads\/2022\/04\/1-2-300x300.jpg\" alt=\"\" width=\"300\" height=\"300\" srcset=\"https:\/\/cochi.cl\/web\/wp-content\/uploads\/2022\/04\/1-2-300x300.jpg 300w, https:\/\/cochi.cl\/web\/wp-content\/uploads\/2022\/04\/1-2-1024x1024.jpg 1024w, https:\/\/cochi.cl\/web\/wp-content\/uploads\/2022\/04\/1-2-150x150.jpg 150w, https:\/\/cochi.cl\/web\/wp-content\/uploads\/2022\/04\/1-2-768x768.jpg 768w, https:\/\/cochi.cl\/web\/wp-content\/uploads\/2022\/04\/1-2-1536x1536.jpg 1536w, https:\/\/cochi.cl\/web\/wp-content\/uploads\/2022\/04\/1-2-600x600.jpg 600w, https:\/\/cochi.cl\/web\/wp-content\/uploads\/2022\/04\/1-2-100x100.jpg 100w, https:\/\/cochi.cl\/web\/wp-content\/uploads\/2022\/04\/1-2.jpg 1600w\" sizes=\"(max-width: 300px) 100vw, 300px\" \/> <img decoding=\"async\" loading=\"lazy\" class=\"alignnone size-medium wp-image-15704\" src=\"http:\/\/cochi.cl\/web\/wp-content\/uploads\/2022\/04\/2-1-300x300.jpg\" alt=\"\" width=\"300\" height=\"300\" srcset=\"https:\/\/cochi.cl\/web\/wp-content\/uploads\/2022\/04\/2-1-300x300.jpg 300w, https:\/\/cochi.cl\/web\/wp-content\/uploads\/2022\/04\/2-1-1024x1024.jpg 1024w, https:\/\/cochi.cl\/web\/wp-content\/uploads\/2022\/04\/2-1-150x150.jpg 150w, https:\/\/cochi.cl\/web\/wp-content\/uploads\/2022\/04\/2-1-768x768.jpg 768w, https:\/\/cochi.cl\/web\/wp-content\/uploads\/2022\/04\/2-1-1536x1536.jpg 1536w, https:\/\/cochi.cl\/web\/wp-content\/uploads\/2022\/04\/2-1-600x600.jpg 600w, https:\/\/cochi.cl\/web\/wp-content\/uploads\/2022\/04\/2-1-100x100.jpg 100w, https:\/\/cochi.cl\/web\/wp-content\/uploads\/2022\/04\/2-1.jpg 1600w\" sizes=\"(max-width: 300px) 100vw, 300px\" \/> <img decoding=\"async\" loading=\"lazy\" class=\"alignnone size-medium wp-image-15705\" src=\"http:\/\/cochi.cl\/web\/wp-content\/uploads\/2022\/04\/4-1-300x300.jpg\" alt=\"\" width=\"300\" height=\"300\" srcset=\"https:\/\/cochi.cl\/web\/wp-content\/uploads\/2022\/04\/4-1-300x300.jpg 300w, https:\/\/cochi.cl\/web\/wp-content\/uploads\/2022\/04\/4-1-1024x1024.jpg 1024w, https:\/\/cochi.cl\/web\/wp-content\/uploads\/2022\/04\/4-1-150x150.jpg 150w, https:\/\/cochi.cl\/web\/wp-content\/uploads\/2022\/04\/4-1-768x768.jpg 768w, https:\/\/cochi.cl\/web\/wp-content\/uploads\/2022\/04\/4-1-1536x1536.jpg 1536w, https:\/\/cochi.cl\/web\/wp-content\/uploads\/2022\/04\/4-1-600x600.jpg 600w, https:\/\/cochi.cl\/web\/wp-content\/uploads\/2022\/04\/4-1-100x100.jpg 100w, https:\/\/cochi.cl\/web\/wp-content\/uploads\/2022\/04\/4-1.jpg 1600w\" sizes=\"(max-width: 300px) 100vw, 300px\" \/> <img decoding=\"async\" loading=\"lazy\" class=\"alignnone size-medium wp-image-15706\" src=\"http:\/\/cochi.cl\/web\/wp-content\/uploads\/2022\/04\/\u4e3b\u56fe1-3-300x300.jpg\" alt=\"\" width=\"300\" height=\"300\" srcset=\"https:\/\/cochi.cl\/web\/wp-content\/uploads\/2022\/04\/\u4e3b\u56fe1-3-300x300.jpg 300w, https:\/\/cochi.cl\/web\/wp-content\/uploads\/2022\/04\/\u4e3b\u56fe1-3-1024x1024.jpg 1024w, https:\/\/cochi.cl\/web\/wp-content\/uploads\/2022\/04\/\u4e3b\u56fe1-3-150x150.jpg 150w, https:\/\/cochi.cl\/web\/wp-content\/uploads\/2022\/04\/\u4e3b\u56fe1-3-768x768.jpg 768w, https:\/\/cochi.cl\/web\/wp-content\/uploads\/2022\/04\/\u4e3b\u56fe1-3-1536x1536.jpg 1536w, https:\/\/cochi.cl\/web\/wp-content\/uploads\/2022\/04\/\u4e3b\u56fe1-3-600x600.jpg 600w, https:\/\/cochi.cl\/web\/wp-content\/uploads\/2022\/04\/\u4e3b\u56fe1-3-100x100.jpg 100w, https:\/\/cochi.cl\/web\/wp-content\/uploads\/2022\/04\/\u4e3b\u56fe1-3.jpg 1600w\" sizes=\"(max-width: 300px) 100vw, 300px\" \/> <img decoding=\"async\" loading=\"lazy\" class=\"alignnone size-medium wp-image-15707\" src=\"http:\/\/cochi.cl\/web\/wp-content\/uploads\/2022\/04\/\u5fae\u4fe1\u56fe\u7247_20210805165420-232x300.jpg\" alt=\"\" width=\"232\" height=\"300\" srcset=\"https:\/\/cochi.cl\/web\/wp-content\/uploads\/2022\/04\/\u5fae\u4fe1\u56fe\u7247_20210805165420-232x300.jpg 232w, https:\/\/cochi.cl\/web\/wp-content\/uploads\/2022\/04\/\u5fae\u4fe1\u56fe\u7247_20210805165420-791x1024.jpg 791w, https:\/\/cochi.cl\/web\/wp-content\/uploads\/2022\/04\/\u5fae\u4fe1\u56fe\u7247_20210805165420-768x994.jpg 768w, https:\/\/cochi.cl\/web\/wp-content\/uploads\/2022\/04\/\u5fae\u4fe1\u56fe\u7247_20210805165420-1187x1536.jpg 1187w, https:\/\/cochi.cl\/web\/wp-content\/uploads\/2022\/04\/\u5fae\u4fe1\u56fe\u7247_20210805165420-1582x2048.jpg 1582w, https:\/\/cochi.cl\/web\/wp-content\/uploads\/2022\/04\/\u5fae\u4fe1\u56fe\u7247_20210805165420-600x777.jpg 600w, https:\/\/cochi.cl\/web\/wp-content\/uploads\/2022\/04\/\u5fae\u4fe1\u56fe\u7247_20210805165420.jpg 1648w\" sizes=\"(max-width: 232px) 100vw, 232px\" \/> <img decoding=\"async\" loading=\"lazy\" class=\"alignnone size-medium wp-image-15708\" src=\"http:\/\/cochi.cl\/web\/wp-content\/uploads\/2022\/04\/\u5fae\u4fe1\u56fe\u7247_202106170939321-275x300.jpg\" alt=\"\" width=\"275\" height=\"300\" srcset=\"https:\/\/cochi.cl\/web\/wp-content\/uploads\/2022\/04\/\u5fae\u4fe1\u56fe\u7247_202106170939321-275x300.jpg 275w, https:\/\/cochi.cl\/web\/wp-content\/uploads\/2022\/04\/\u5fae\u4fe1\u56fe\u7247_202106170939321-938x1024.jpg 938w, https:\/\/cochi.cl\/web\/wp-content\/uploads\/2022\/04\/\u5fae\u4fe1\u56fe\u7247_202106170939321-768x838.jpg 768w, https:\/\/cochi.cl\/web\/wp-content\/uploads\/2022\/04\/\u5fae\u4fe1\u56fe\u7247_202106170939321-1408x1536.jpg 1408w, https:\/\/cochi.cl\/web\/wp-content\/uploads\/2022\/04\/\u5fae\u4fe1\u56fe\u7247_202106170939321-1877x2048.jpg 1877w, https:\/\/cochi.cl\/web\/wp-content\/uploads\/2022\/04\/\u5fae\u4fe1\u56fe\u7247_202106170939321-600x655.jpg 600w\" sizes=\"(max-width: 275px) 100vw, 275px\" \/><\/p>\n","protected":false},"excerpt":{"rendered":"<h5 id=\"tw-target-text\" class=\"tw-data-text tw-text-large tw-ta\" data-placeholder=\"Traducci\u00f3n\"><span class=\"Y2IQFc\" lang=\"es\">Auriculares para juegos ONIKUMA X8 de 3,5mm con cable est\u00e9reo de graves con cancelaci\u00f3n de ruido y micr\u00f3fono con luces LED RGB para PS4, PC Gamer.<\/span><\/h5>\n","protected":false},"featured_media":15703,"template":"","meta":[],"product_cat":[105],"product_tag":[],"_links":{"self":[{"href":"https:\/\/cochi.cl\/web\/wp-json\/wp\/v2\/product\/15702"}],"collection":[{"href":"https:\/\/cochi.cl\/web\/wp-json\/wp\/v2\/product"}],"about":[{"href":"https:\/\/cochi.cl\/web\/wp-json\/wp\/v2\/types\/product"}],"wp:featuredmedia":[{"embeddable":true,"href":"https:\/\/cochi.cl\/web\/wp-json\/wp\/v2\/media\/15703"}],"wp:attachment":[{"href":"https:\/\/cochi.cl\/web\/wp-json\/wp\/v2\/media?parent=15702"}],"wp:term":[{"taxonomy":"product_cat","embeddable":true,"href":"https:\/\/cochi.cl\/web\/wp-json\/wp\/v2\/product_cat?post=15702"},{"taxonomy":"product_tag","embeddable":true,"href":"https:\/\/cochi.cl\/web\/wp-json\/wp\/v2\/product_tag?post=15702"}],"curies":[{"name":"wp","href":"https:\/\/api.w.org\/{rel}","templated":true}]}}