{"id":15709,"date":"2022-04-14T17:04:00","date_gmt":"2022-04-14T17:04:00","guid":{"rendered":"https:\/\/cochi.cl\/web\/?post_type=product&#038;p=15709"},"modified":"2022-04-14T17:04:12","modified_gmt":"2022-04-14T17:04:12","slug":"audifono-gaming-onikuma-x10","status":"publish","type":"product","link":"https:\/\/cochi.cl\/web\/producto\/audifono-gaming-onikuma-x10\/","title":{"rendered":"AUDIFONO GAMING ONIKUMA X10"},"content":{"rendered":"<h3 style=\"text-align: center\"><strong>AUDIFONO GAMING ONIKUMA X10\u00a0<\/strong><\/h3>\n<h5 id=\"tw-target-text\" class=\"tw-data-text tw-text-large tw-ta\" style=\"text-align: center\" data-placeholder=\"Traducci\u00f3n\"><span class=\"Y2IQFc\" lang=\"es\">Micr\u00f3fono desmontable, micr\u00f3fono totalmente desmontable optimizado para alta claridad de carb\u00f3n y ruido ambiental reducido. <\/span><\/h5>\n<h5 class=\"tw-data-text tw-text-large tw-ta\" style=\"text-align: center\" data-placeholder=\"Traducci\u00f3n\"><span class=\"Y2IQFc\" lang=\"es\">La unidad de producci\u00f3n de sonido de alta calidad ofrece una experiencia de audio alta, media y baja. Orejera de prote\u00edna tipo piel, ambiental, resistente al agua y c\u00f3moda de llevar. <\/span><\/h5>\n<h5 class=\"tw-data-text tw-text-large tw-ta\" style=\"text-align: center\" data-placeholder=\"Traducci\u00f3n\"><span class=\"Y2IQFc\" lang=\"es\">Dise\u00f1o liviano, dise\u00f1o de haz de cabeza autoajustable, la mejor experiencia de juego. <\/span><\/h5>\n<h5 class=\"tw-data-text tw-text-large tw-ta\" style=\"text-align: center\" data-placeholder=\"Traducci\u00f3n\"><span class=\"Y2IQFc\" lang=\"es\">El micr\u00f3fono de alta sensibilidad ofrece una voz m\u00e1s precisa, clara y suave. <\/span><\/h5>\n<h5 class=\"tw-data-text tw-text-large tw-ta\" style=\"text-align: center\" data-placeholder=\"Traducci\u00f3n\"><span class=\"Y2IQFc\" lang=\"es\">Bot\u00f3n de control de volumen. Bot\u00f3n de encendido y apagado del micr\u00f3fono. <\/span><\/h5>\n<h5 class=\"tw-data-text tw-text-large tw-ta\" style=\"text-align: center\" data-placeholder=\"Traducci\u00f3n\"><span class=\"Y2IQFc\" lang=\"es\">Interfaz de dispositivo est\u00e1ndar internacional de 3,5 mm. Interfaz USB para alimentaci\u00f3n de la luz LED.<\/span><\/h5>\n<p>&nbsp;<\/p>\n<h4 style=\"text-align: center\"><strong>ESPECIFICACIONES:<\/strong><\/h4>\n<p style=\"text-align: center\">Modelo: ONIKUMA X10<br \/>\nColor: Negro y plata \/ Negro y rojo \/ Blanco y rosa<br \/>\nTipo de uso: Sobre la oreja<br \/>\nCon Micr\u00f3fono: Si<br \/>\nControl de volumen: S\u00ed<br \/>\nTama\u00f1o del altavoz: 50 mm<br \/>\nImpedancia: 32\u03a9<br \/>\nRespuesta de frecuencia: 20-20kHz<br \/>\nTama\u00f1o del micr\u00f3fono: 6,0X2,7mm<br \/>\nSensibilidad del micr\u00f3fono: -42\u00b13dB<br \/>\nLongitud del Cable: 2,1 M\u00b10,15<br \/>\nVoltaje de funcionamiento del LED: 5 V CC.<br \/>\nCorriente de trabajo: \u2264200mA<br \/>\nTipo de interfaz: USB + 3.5Jack.<\/p>\n<p>&nbsp;<\/p>\n<p><img decoding=\"async\" loading=\"lazy\" class=\"alignnone size-medium wp-image-15710\" src=\"http:\/\/cochi.cl\/web\/wp-content\/uploads\/2022\/04\/7112fNOtCoL._AC_SL1500_-296x300.jpg\" alt=\"\" width=\"296\" height=\"300\" srcset=\"https:\/\/cochi.cl\/web\/wp-content\/uploads\/2022\/04\/7112fNOtCoL._AC_SL1500_-296x300.jpg 296w, https:\/\/cochi.cl\/web\/wp-content\/uploads\/2022\/04\/7112fNOtCoL._AC_SL1500_-1009x1024.jpg 1009w, https:\/\/cochi.cl\/web\/wp-content\/uploads\/2022\/04\/7112fNOtCoL._AC_SL1500_-768x779.jpg 768w, https:\/\/cochi.cl\/web\/wp-content\/uploads\/2022\/04\/7112fNOtCoL._AC_SL1500_-600x609.jpg 600w, https:\/\/cochi.cl\/web\/wp-content\/uploads\/2022\/04\/7112fNOtCoL._AC_SL1500_-100x100.jpg 100w, https:\/\/cochi.cl\/web\/wp-content\/uploads\/2022\/04\/7112fNOtCoL._AC_SL1500_.jpg 1478w\" sizes=\"(max-width: 296px) 100vw, 296px\" \/> <img decoding=\"async\" loading=\"lazy\" class=\"alignnone size-medium wp-image-15711\" src=\"http:\/\/cochi.cl\/web\/wp-content\/uploads\/2022\/04\/X11-300x300.jpg\" alt=\"\" width=\"300\" height=\"300\" srcset=\"https:\/\/cochi.cl\/web\/wp-content\/uploads\/2022\/04\/X11-300x300.jpg 300w, https:\/\/cochi.cl\/web\/wp-content\/uploads\/2022\/04\/X11-1024x1024.jpg 1024w, https:\/\/cochi.cl\/web\/wp-content\/uploads\/2022\/04\/X11-150x150.jpg 150w, https:\/\/cochi.cl\/web\/wp-content\/uploads\/2022\/04\/X11-768x768.jpg 768w, https:\/\/cochi.cl\/web\/wp-content\/uploads\/2022\/04\/X11-600x600.jpg 600w, https:\/\/cochi.cl\/web\/wp-content\/uploads\/2022\/04\/X11-100x100.jpg 100w, https:\/\/cochi.cl\/web\/wp-content\/uploads\/2022\/04\/X11.jpg 1500w\" sizes=\"(max-width: 300px) 100vw, 300px\" \/> <img decoding=\"async\" loading=\"lazy\" class=\"alignnone size-medium wp-image-15712\" src=\"http:\/\/cochi.cl\/web\/wp-content\/uploads\/2022\/04\/\u753b\u677f-2-300x300.jpg\" alt=\"\" width=\"300\" height=\"300\" srcset=\"https:\/\/cochi.cl\/web\/wp-content\/uploads\/2022\/04\/\u753b\u677f-2-300x300.jpg 300w, https:\/\/cochi.cl\/web\/wp-content\/uploads\/2022\/04\/\u753b\u677f-2-1024x1024.jpg 1024w, https:\/\/cochi.cl\/web\/wp-content\/uploads\/2022\/04\/\u753b\u677f-2-150x150.jpg 150w, https:\/\/cochi.cl\/web\/wp-content\/uploads\/2022\/04\/\u753b\u677f-2-768x768.jpg 768w, https:\/\/cochi.cl\/web\/wp-content\/uploads\/2022\/04\/\u753b\u677f-2-600x600.jpg 600w, https:\/\/cochi.cl\/web\/wp-content\/uploads\/2022\/04\/\u753b\u677f-2-100x100.jpg 100w, https:\/\/cochi.cl\/web\/wp-content\/uploads\/2022\/04\/\u753b\u677f-2.jpg 1500w\" sizes=\"(max-width: 300px) 100vw, 300px\" \/> <img decoding=\"async\" loading=\"lazy\" class=\"alignnone size-medium wp-image-15713\" src=\"http:\/\/cochi.cl\/web\/wp-content\/uploads\/2022\/04\/\u753b\u677f-3-300x300.jpg\" alt=\"\" width=\"300\" height=\"300\" srcset=\"https:\/\/cochi.cl\/web\/wp-content\/uploads\/2022\/04\/\u753b\u677f-3-300x300.jpg 300w, https:\/\/cochi.cl\/web\/wp-content\/uploads\/2022\/04\/\u753b\u677f-3-1024x1024.jpg 1024w, https:\/\/cochi.cl\/web\/wp-content\/uploads\/2022\/04\/\u753b\u677f-3-150x150.jpg 150w, https:\/\/cochi.cl\/web\/wp-content\/uploads\/2022\/04\/\u753b\u677f-3-768x768.jpg 768w, https:\/\/cochi.cl\/web\/wp-content\/uploads\/2022\/04\/\u753b\u677f-3-600x600.jpg 600w, https:\/\/cochi.cl\/web\/wp-content\/uploads\/2022\/04\/\u753b\u677f-3-100x100.jpg 100w, https:\/\/cochi.cl\/web\/wp-content\/uploads\/2022\/04\/\u753b\u677f-3.jpg 1500w\" sizes=\"(max-width: 300px) 100vw, 300px\" \/> <img decoding=\"async\" loading=\"lazy\" class=\"alignnone size-medium wp-image-15714\" src=\"http:\/\/cochi.cl\/web\/wp-content\/uploads\/2022\/04\/\u753b\u677f-8-300x300.jpg\" alt=\"\" width=\"300\" height=\"300\" srcset=\"https:\/\/cochi.cl\/web\/wp-content\/uploads\/2022\/04\/\u753b\u677f-8-300x300.jpg 300w, https:\/\/cochi.cl\/web\/wp-content\/uploads\/2022\/04\/\u753b\u677f-8-1024x1024.jpg 1024w, https:\/\/cochi.cl\/web\/wp-content\/uploads\/2022\/04\/\u753b\u677f-8-150x150.jpg 150w, https:\/\/cochi.cl\/web\/wp-content\/uploads\/2022\/04\/\u753b\u677f-8-768x768.jpg 768w, https:\/\/cochi.cl\/web\/wp-content\/uploads\/2022\/04\/\u753b\u677f-8-600x600.jpg 600w, https:\/\/cochi.cl\/web\/wp-content\/uploads\/2022\/04\/\u753b\u677f-8-100x100.jpg 100w, https:\/\/cochi.cl\/web\/wp-content\/uploads\/2022\/04\/\u753b\u677f-8.jpg 1500w\" sizes=\"(max-width: 300px) 100vw, 300px\" \/><\/p>\n","protected":false},"excerpt":{"rendered":"<p>ONIKUMA X10 Auriculares para juegos con cable con micr\u00f3fono desmontable Est\u00e9reo 50MM Reducci\u00f3n din\u00e1mica de ruido RGB Luminoso 3.5MM Auriculares para jugadores.<\/p>\n","protected":false},"featured_media":15711,"template":"","meta":[],"product_cat":[105],"product_tag":[],"_links":{"self":[{"href":"https:\/\/cochi.cl\/web\/wp-json\/wp\/v2\/product\/15709"}],"collection":[{"href":"https:\/\/cochi.cl\/web\/wp-json\/wp\/v2\/product"}],"about":[{"href":"https:\/\/cochi.cl\/web\/wp-json\/wp\/v2\/types\/product"}],"wp:featuredmedia":[{"embeddable":true,"href":"https:\/\/cochi.cl\/web\/wp-json\/wp\/v2\/media\/15711"}],"wp:attachment":[{"href":"https:\/\/cochi.cl\/web\/wp-json\/wp\/v2\/media?parent=15709"}],"wp:term":[{"taxonomy":"product_cat","embeddable":true,"href":"https:\/\/cochi.cl\/web\/wp-json\/wp\/v2\/product_cat?post=15709"},{"taxonomy":"product_tag","embeddable":true,"href":"https:\/\/cochi.cl\/web\/wp-json\/wp\/v2\/product_tag?post=15709"}],"curies":[{"name":"wp","href":"https:\/\/api.w.org\/{rel}","templated":true}]}}