{"id":15722,"date":"2022-04-14T19:16:15","date_gmt":"2022-04-14T19:16:15","guid":{"rendered":"https:\/\/cochi.cl\/web\/?post_type=product&#038;p=15722"},"modified":"2022-04-14T19:21:56","modified_gmt":"2022-04-14T19:21:56","slug":"audifonos-gaming-onikuma-k9-rgb-con-orejas-rosado","status":"publish","type":"product","link":"https:\/\/cochi.cl\/web\/producto\/audifonos-gaming-onikuma-k9-rgb-con-orejas-rosado\/","title":{"rendered":"AUDIFONOS GAMING ONIKUMA k9 RGB CON OREJAS (ROSADO)"},"content":{"rendered":"<h3 style=\"text-align: center\"><strong>AUDIFONOS GAMING ONIKUMA k9 RGB CON OREJAS (ROSADO)<\/strong><\/h3>\n<h5 id=\"tw-target-text\" class=\"tw-data-text tw-text-large tw-ta\" style=\"text-align: center\" data-placeholder=\"Traducci\u00f3n\"><span class=\"Y2IQFc\" lang=\"es\">Dise\u00f1o del haz de cabeza de esponja gruesa tipo coj\u00edn de u\u00f1a de gato \u00b7 Stereo Game Sound que ayuda a mejorar el efecto de sonido auditivo <\/span><\/h5>\n<h5 class=\"tw-data-text tw-text-large tw-ta\" style=\"text-align: center\" data-placeholder=\"Traducci\u00f3n\"><span class=\"Y2IQFc\" lang=\"es\">El micr\u00f3fono con cancelaci\u00f3n de ruido se comunica de manera eficiente para disfrutar del \u00abtiempo para m\u00ed\u00bb durante el juego\u00a0 <\/span><\/h5>\n<h5 class=\"tw-data-text tw-text-large tw-ta\" style=\"text-align: center\" data-placeholder=\"Traducci\u00f3n\"><span class=\"Y2IQFc\" lang=\"es\">Se combina f\u00e1cilmente con PS4, PS Vita, computadora port\u00e1til, PC, tabletas, tel\u00e9fonos inteligentes, Nintendo y varios otros modelos.<\/span><\/h5>\n<p>&nbsp;<\/p>\n<h4 style=\"text-align: center\"><strong>ESPECIFICACIONES:\u00a0<\/strong><\/h4>\n<p style=\"text-align: center\">Auricular K9 OREJAS DE GATO<br \/>\nDi\u00e1metro del conductor: 50 mm<br \/>\nImpedancia: 32 ohmios +\/- 15 %<br \/>\nSensibilidad: 116dB +\/- 3dB<br \/>\nRango de frecuencia: 20-20KHz<br \/>\nDimensiones del micr\u00f3fono: 6,0*5,0mm<br \/>\nSensibilidad del micr\u00f3fono: -56dB +\/- 2dB<br \/>\nImpedancia del micr\u00f3fono: 2,2 kohm<br \/>\nDirectividad: Omnidireccional<br \/>\nVoltaje de funcionamiento del LED: DC5V +\/- 5%<\/p>\n<p>&nbsp;<\/p>\n<p><img decoding=\"async\" loading=\"lazy\" class=\"alignnone size-medium wp-image-15723\" src=\"http:\/\/cochi.cl\/web\/wp-content\/uploads\/2022\/04\/711PXI8t9dL._AC_SL1500_-300x300.jpg\" alt=\"\" width=\"300\" height=\"300\" srcset=\"https:\/\/cochi.cl\/web\/wp-content\/uploads\/2022\/04\/711PXI8t9dL._AC_SL1500_-300x300.jpg 300w, https:\/\/cochi.cl\/web\/wp-content\/uploads\/2022\/04\/711PXI8t9dL._AC_SL1500_-1024x1024.jpg 1024w, https:\/\/cochi.cl\/web\/wp-content\/uploads\/2022\/04\/711PXI8t9dL._AC_SL1500_-150x150.jpg 150w, https:\/\/cochi.cl\/web\/wp-content\/uploads\/2022\/04\/711PXI8t9dL._AC_SL1500_-768x768.jpg 768w, https:\/\/cochi.cl\/web\/wp-content\/uploads\/2022\/04\/711PXI8t9dL._AC_SL1500_-600x600.jpg 600w, https:\/\/cochi.cl\/web\/wp-content\/uploads\/2022\/04\/711PXI8t9dL._AC_SL1500_-100x100.jpg 100w, https:\/\/cochi.cl\/web\/wp-content\/uploads\/2022\/04\/711PXI8t9dL._AC_SL1500_.jpg 1500w\" sizes=\"(max-width: 300px) 100vw, 300px\" \/> <img decoding=\"async\" loading=\"lazy\" class=\"alignnone size-medium wp-image-15724\" src=\"http:\/\/cochi.cl\/web\/wp-content\/uploads\/2022\/04\/K9PINK-300x300.jpg\" alt=\"\" width=\"300\" height=\"300\" srcset=\"https:\/\/cochi.cl\/web\/wp-content\/uploads\/2022\/04\/K9PINK-300x300.jpg 300w, https:\/\/cochi.cl\/web\/wp-content\/uploads\/2022\/04\/K9PINK-1024x1024.jpg 1024w, https:\/\/cochi.cl\/web\/wp-content\/uploads\/2022\/04\/K9PINK-150x150.jpg 150w, https:\/\/cochi.cl\/web\/wp-content\/uploads\/2022\/04\/K9PINK-768x768.jpg 768w, https:\/\/cochi.cl\/web\/wp-content\/uploads\/2022\/04\/K9PINK-600x600.jpg 600w, https:\/\/cochi.cl\/web\/wp-content\/uploads\/2022\/04\/K9PINK-100x100.jpg 100w, https:\/\/cochi.cl\/web\/wp-content\/uploads\/2022\/04\/K9PINK.jpg 1500w\" sizes=\"(max-width: 300px) 100vw, 300px\" \/> <img decoding=\"async\" loading=\"lazy\" class=\"alignnone size-medium wp-image-15725\" src=\"http:\/\/cochi.cl\/web\/wp-content\/uploads\/2022\/04\/lADPF8laANnz4zrNBdzNBdw_1500_1500.jpg_720x720q90g-300x300.jpg\" alt=\"\" width=\"300\" height=\"300\" srcset=\"https:\/\/cochi.cl\/web\/wp-content\/uploads\/2022\/04\/lADPF8laANnz4zrNBdzNBdw_1500_1500.jpg_720x720q90g-300x300.jpg 300w, https:\/\/cochi.cl\/web\/wp-content\/uploads\/2022\/04\/lADPF8laANnz4zrNBdzNBdw_1500_1500.jpg_720x720q90g-150x150.jpg 150w, https:\/\/cochi.cl\/web\/wp-content\/uploads\/2022\/04\/lADPF8laANnz4zrNBdzNBdw_1500_1500.jpg_720x720q90g-600x600.jpg 600w, https:\/\/cochi.cl\/web\/wp-content\/uploads\/2022\/04\/lADPF8laANnz4zrNBdzNBdw_1500_1500.jpg_720x720q90g-100x100.jpg 100w, https:\/\/cochi.cl\/web\/wp-content\/uploads\/2022\/04\/lADPF8laANnz4zrNBdzNBdw_1500_1500.jpg_720x720q90g.jpg 720w\" sizes=\"(max-width: 300px) 100vw, 300px\" \/> <img decoding=\"async\" loading=\"lazy\" class=\"alignnone size-medium wp-image-15726\" src=\"http:\/\/cochi.cl\/web\/wp-content\/uploads\/2022\/04\/lADPGTO6dpJanjXNBdzNBdw_1500_1500.jpg_720x720q90g-300x300.jpg\" alt=\"\" width=\"300\" height=\"300\" srcset=\"https:\/\/cochi.cl\/web\/wp-content\/uploads\/2022\/04\/lADPGTO6dpJanjXNBdzNBdw_1500_1500.jpg_720x720q90g-300x300.jpg 300w, https:\/\/cochi.cl\/web\/wp-content\/uploads\/2022\/04\/lADPGTO6dpJanjXNBdzNBdw_1500_1500.jpg_720x720q90g-150x150.jpg 150w, https:\/\/cochi.cl\/web\/wp-content\/uploads\/2022\/04\/lADPGTO6dpJanjXNBdzNBdw_1500_1500.jpg_720x720q90g-600x600.jpg 600w, https:\/\/cochi.cl\/web\/wp-content\/uploads\/2022\/04\/lADPGTO6dpJanjXNBdzNBdw_1500_1500.jpg_720x720q90g-100x100.jpg 100w, https:\/\/cochi.cl\/web\/wp-content\/uploads\/2022\/04\/lADPGTO6dpJanjXNBdzNBdw_1500_1500.jpg_720x720q90g.jpg 720w\" sizes=\"(max-width: 300px) 100vw, 300px\" \/> <img decoding=\"async\" loading=\"lazy\" class=\"alignnone size-medium wp-image-15727\" src=\"http:\/\/cochi.cl\/web\/wp-content\/uploads\/2022\/04\/\u753b\u677f-4-300x300.jpg\" alt=\"\" width=\"300\" height=\"300\" srcset=\"https:\/\/cochi.cl\/web\/wp-content\/uploads\/2022\/04\/\u753b\u677f-4-300x300.jpg 300w, https:\/\/cochi.cl\/web\/wp-content\/uploads\/2022\/04\/\u753b\u677f-4-1024x1024.jpg 1024w, https:\/\/cochi.cl\/web\/wp-content\/uploads\/2022\/04\/\u753b\u677f-4-150x150.jpg 150w, https:\/\/cochi.cl\/web\/wp-content\/uploads\/2022\/04\/\u753b\u677f-4-768x768.jpg 768w, https:\/\/cochi.cl\/web\/wp-content\/uploads\/2022\/04\/\u753b\u677f-4-600x600.jpg 600w, https:\/\/cochi.cl\/web\/wp-content\/uploads\/2022\/04\/\u753b\u677f-4-100x100.jpg 100w, https:\/\/cochi.cl\/web\/wp-content\/uploads\/2022\/04\/\u753b\u677f-4.jpg 1500w\" sizes=\"(max-width: 300px) 100vw, 300px\" \/> <img decoding=\"async\" loading=\"lazy\" class=\"alignnone size-medium wp-image-15728\" src=\"http:\/\/cochi.cl\/web\/wp-content\/uploads\/2022\/04\/\u753b\u677f-7-300x300.jpg\" alt=\"\" width=\"300\" height=\"300\" srcset=\"https:\/\/cochi.cl\/web\/wp-content\/uploads\/2022\/04\/\u753b\u677f-7-300x300.jpg 300w, https:\/\/cochi.cl\/web\/wp-content\/uploads\/2022\/04\/\u753b\u677f-7-1024x1024.jpg 1024w, https:\/\/cochi.cl\/web\/wp-content\/uploads\/2022\/04\/\u753b\u677f-7-150x150.jpg 150w, https:\/\/cochi.cl\/web\/wp-content\/uploads\/2022\/04\/\u753b\u677f-7-768x768.jpg 768w, https:\/\/cochi.cl\/web\/wp-content\/uploads\/2022\/04\/\u753b\u677f-7-600x600.jpg 600w, https:\/\/cochi.cl\/web\/wp-content\/uploads\/2022\/04\/\u753b\u677f-7-100x100.jpg 100w, https:\/\/cochi.cl\/web\/wp-content\/uploads\/2022\/04\/\u753b\u677f-7.jpg 1500w\" sizes=\"(max-width: 300px) 100vw, 300px\" \/><\/p>\n","protected":false},"excerpt":{"rendered":"<p>AUDIFONOS GAMING ONIKUMA k9 RGB CON OREJAS (ROSADO) Dise\u00f1o del haz de cabeza de esponja gruesa tipo coj\u00edn de u\u00f1a de gato \u00b7 Stereo Game Sound que ayuda a mejorar el efecto de sonido auditivo El micr\u00f3fono con cancelaci\u00f3n de ruido se comunica de manera eficiente para disfrutar del \u00abtiempo para m\u00ed\u00bb durante el juego\u00a0 [&hellip;]<\/p>\n","protected":false},"featured_media":15724,"template":"","meta":[],"product_cat":[17,105],"product_tag":[],"_links":{"self":[{"href":"https:\/\/cochi.cl\/web\/wp-json\/wp\/v2\/product\/15722"}],"collection":[{"href":"https:\/\/cochi.cl\/web\/wp-json\/wp\/v2\/product"}],"about":[{"href":"https:\/\/cochi.cl\/web\/wp-json\/wp\/v2\/types\/product"}],"wp:featuredmedia":[{"embeddable":true,"href":"https:\/\/cochi.cl\/web\/wp-json\/wp\/v2\/media\/15724"}],"wp:attachment":[{"href":"https:\/\/cochi.cl\/web\/wp-json\/wp\/v2\/media?parent=15722"}],"wp:term":[{"taxonomy":"product_cat","embeddable":true,"href":"https:\/\/cochi.cl\/web\/wp-json\/wp\/v2\/product_cat?post=15722"},{"taxonomy":"product_tag","embeddable":true,"href":"https:\/\/cochi.cl\/web\/wp-json\/wp\/v2\/product_tag?post=15722"}],"curies":[{"name":"wp","href":"https:\/\/api.w.org\/{rel}","templated":true}]}}