{"id":15737,"date":"2022-04-14T19:53:07","date_gmt":"2022-04-14T19:53:07","guid":{"rendered":"https:\/\/cochi.cl\/web\/?post_type=product&#038;p=15737"},"modified":"2022-04-14T19:53:18","modified_gmt":"2022-04-14T19:53:18","slug":"audifonos-gaming-onikuma-x11-rgb-con-orejas-rosado","status":"publish","type":"product","link":"https:\/\/cochi.cl\/web\/producto\/audifonos-gaming-onikuma-x11-rgb-con-orejas-rosado\/","title":{"rendered":"AUDIFONOS GAMING ONIKUMA X11 RGB CON OREJAS (ROSADO)"},"content":{"rendered":"<h3 style=\"text-align: center\"><strong>AUDIFONOS GAMING ONIKUMA X11 RGB CON OREJAS (ROSADO)<\/strong><\/h3>\n<h5 id=\"tw-target-text\" class=\"tw-data-text tw-text-large tw-ta\" style=\"text-align: center\" data-placeholder=\"Traducci\u00f3n\"><span class=\"Y2IQFc\" lang=\"es\">Nuevo auricular con orejas de gato para ni\u00f1a, divertido auricular para juegos. <\/span><\/h5>\n<h5 class=\"tw-data-text tw-text-large tw-ta\" style=\"text-align: center\" data-placeholder=\"Traducci\u00f3n\"><span class=\"Y2IQFc\" lang=\"es\">Una nueva generaci\u00f3n de unidad de sonido de 50 mm con mayor resoluci\u00f3n de audio. <\/span><\/h5>\n<h5 class=\"tw-data-text tw-text-large tw-ta\" style=\"text-align: center\" data-placeholder=\"Traducci\u00f3n\"><span class=\"Y2IQFc\" lang=\"es\">C\u00f3modas de usar, orejeras envolventes de cuero grueso y agradable para la piel.<\/span><\/h5>\n<h5 class=\"tw-data-text tw-text-large tw-ta\" style=\"text-align: center\" data-placeholder=\"Traducci\u00f3n\"><span class=\"Y2IQFc\" lang=\"es\">Dise\u00f1o ergon\u00f3mico, viga de cabeza ajustable. <\/span><\/h5>\n<h5 class=\"tw-data-text tw-text-large tw-ta\" style=\"text-align: center\" data-placeholder=\"Traducci\u00f3n\"><span class=\"Y2IQFc\" lang=\"es\">La l\u00e1mpara de ambiente de serpentina gradual es brillante y colorida. <\/span><\/h5>\n<h5 class=\"tw-data-text tw-text-large tw-ta\" style=\"text-align: center\" data-placeholder=\"Traducci\u00f3n\"><span class=\"Y2IQFc\" lang=\"es\">Decoraci\u00f3n de silicona para gatos, segura e inodoro, duradera.<\/span><\/h5>\n<h5 data-placeholder=\"Traducci\u00f3n\"><\/h5>\n<h4 style=\"text-align: center\" data-placeholder=\"Traducci\u00f3n\"><strong>ESPECIFICACIONES:<\/strong><\/h4>\n<h5 id=\"tw-target-text\" class=\"tw-data-text tw-text-large tw-ta\" style=\"text-align: center\" data-placeholder=\"Traducci\u00f3n\"><span class=\"Y2IQFc\" lang=\"es\">Auricular X11 OREJAS DE GATO <\/span><\/h5>\n<h5 class=\"tw-data-text tw-text-large tw-ta\" style=\"text-align: center\" data-placeholder=\"Traducci\u00f3n\"><span class=\"Y2IQFc\" lang=\"es\">Di\u00e1metro del altavoz: 50 mm <\/span><\/h5>\n<h5 class=\"tw-data-text tw-text-large tw-ta\" style=\"text-align: center\" data-placeholder=\"Traducci\u00f3n\"><span class=\"Y2IQFc\" lang=\"es\">Impedancia: 32ohm+\/-15% <\/span><\/h5>\n<h5 class=\"tw-data-text tw-text-large tw-ta\" style=\"text-align: center\" data-placeholder=\"Traducci\u00f3n\"><span class=\"Y2IQFc\" lang=\"es\">Sensibilidad: 105db+\/-3db <\/span><\/h5>\n<h5 class=\"tw-data-text tw-text-large tw-ta\" style=\"text-align: center\" data-placeholder=\"Traducci\u00f3n\"><span class=\"Y2IQFc\" lang=\"es\">Rango de frecuencia: 20-20KHz <\/span><\/h5>\n<h5 class=\"tw-data-text tw-text-large tw-ta\" style=\"text-align: center\" data-placeholder=\"Traducci\u00f3n\"><span class=\"Y2IQFc\" lang=\"es\">Impedancia del micr\u00f3fono: 2,2 kohm <\/span><\/h5>\n<h5 class=\"tw-data-text tw-text-large tw-ta\" style=\"text-align: center\" data-placeholder=\"Traducci\u00f3n\"><span class=\"Y2IQFc\" lang=\"es\">Sensibilidad del micr\u00f3fono: 42db-b+\/-3db <\/span><\/h5>\n<h5 class=\"tw-data-text tw-text-large tw-ta\" style=\"text-align: center\" data-placeholder=\"Traducci\u00f3n\"><span class=\"Y2IQFc\" lang=\"es\">Longitud del Cable: 2,1 m +\/0,15 M <\/span><\/h5>\n<h5 class=\"tw-data-text tw-text-large tw-ta\" style=\"text-align: center\" data-placeholder=\"Traducci\u00f3n\"><span class=\"Y2IQFc\" lang=\"es\">Directividad: Omnidireccional <\/span><\/h5>\n<h5 class=\"tw-data-text tw-text-large tw-ta\" style=\"text-align: center\" data-placeholder=\"Traducci\u00f3n\"><span class=\"Y2IQFc\" lang=\"es\">Interfaz de auriculares: USB + 1 conector X3.5mm<\/span><\/h5>\n<p>&nbsp;<\/p>\n<p><img decoding=\"async\" loading=\"lazy\" class=\"alignnone size-medium wp-image-15738\" src=\"http:\/\/cochi.cl\/web\/wp-content\/uploads\/2022\/04\/1-4-300x300.jpg\" alt=\"\" width=\"300\" height=\"300\" srcset=\"https:\/\/cochi.cl\/web\/wp-content\/uploads\/2022\/04\/1-4-300x300.jpg 300w, https:\/\/cochi.cl\/web\/wp-content\/uploads\/2022\/04\/1-4-1024x1024.jpg 1024w, https:\/\/cochi.cl\/web\/wp-content\/uploads\/2022\/04\/1-4-150x150.jpg 150w, https:\/\/cochi.cl\/web\/wp-content\/uploads\/2022\/04\/1-4-768x768.jpg 768w, https:\/\/cochi.cl\/web\/wp-content\/uploads\/2022\/04\/1-4-1536x1536.jpg 1536w, https:\/\/cochi.cl\/web\/wp-content\/uploads\/2022\/04\/1-4-600x600.jpg 600w, https:\/\/cochi.cl\/web\/wp-content\/uploads\/2022\/04\/1-4-100x100.jpg 100w, https:\/\/cochi.cl\/web\/wp-content\/uploads\/2022\/04\/1-4.jpg 1601w\" sizes=\"(max-width: 300px) 100vw, 300px\" \/> <img decoding=\"async\" loading=\"lazy\" class=\"alignnone size-medium wp-image-15739\" src=\"http:\/\/cochi.cl\/web\/wp-content\/uploads\/2022\/04\/2-3-300x300.jpg\" alt=\"\" width=\"300\" height=\"300\" srcset=\"https:\/\/cochi.cl\/web\/wp-content\/uploads\/2022\/04\/2-3-300x300.jpg 300w, https:\/\/cochi.cl\/web\/wp-content\/uploads\/2022\/04\/2-3-1024x1024.jpg 1024w, https:\/\/cochi.cl\/web\/wp-content\/uploads\/2022\/04\/2-3-150x150.jpg 150w, https:\/\/cochi.cl\/web\/wp-content\/uploads\/2022\/04\/2-3-768x768.jpg 768w, https:\/\/cochi.cl\/web\/wp-content\/uploads\/2022\/04\/2-3-1536x1536.jpg 1536w, https:\/\/cochi.cl\/web\/wp-content\/uploads\/2022\/04\/2-3-600x600.jpg 600w, https:\/\/cochi.cl\/web\/wp-content\/uploads\/2022\/04\/2-3-100x100.jpg 100w, https:\/\/cochi.cl\/web\/wp-content\/uploads\/2022\/04\/2-3.jpg 1601w\" sizes=\"(max-width: 300px) 100vw, 300px\" \/> <img decoding=\"async\" loading=\"lazy\" class=\"alignnone size-medium wp-image-15740\" src=\"http:\/\/cochi.cl\/web\/wp-content\/uploads\/2022\/04\/3-2-300x300.jpg\" alt=\"\" width=\"300\" height=\"300\" srcset=\"https:\/\/cochi.cl\/web\/wp-content\/uploads\/2022\/04\/3-2-300x300.jpg 300w, https:\/\/cochi.cl\/web\/wp-content\/uploads\/2022\/04\/3-2-1024x1024.jpg 1024w, https:\/\/cochi.cl\/web\/wp-content\/uploads\/2022\/04\/3-2-150x150.jpg 150w, https:\/\/cochi.cl\/web\/wp-content\/uploads\/2022\/04\/3-2-768x768.jpg 768w, https:\/\/cochi.cl\/web\/wp-content\/uploads\/2022\/04\/3-2-1536x1536.jpg 1536w, https:\/\/cochi.cl\/web\/wp-content\/uploads\/2022\/04\/3-2-600x600.jpg 600w, https:\/\/cochi.cl\/web\/wp-content\/uploads\/2022\/04\/3-2-100x100.jpg 100w, https:\/\/cochi.cl\/web\/wp-content\/uploads\/2022\/04\/3-2.jpg 1601w\" sizes=\"(max-width: 300px) 100vw, 300px\" \/> <img decoding=\"async\" loading=\"lazy\" class=\"alignnone size-medium wp-image-15741\" src=\"http:\/\/cochi.cl\/web\/wp-content\/uploads\/2022\/04\/5-1-300x300.jpg\" alt=\"\" width=\"300\" height=\"300\" srcset=\"https:\/\/cochi.cl\/web\/wp-content\/uploads\/2022\/04\/5-1-300x300.jpg 300w, https:\/\/cochi.cl\/web\/wp-content\/uploads\/2022\/04\/5-1-1024x1024.jpg 1024w, https:\/\/cochi.cl\/web\/wp-content\/uploads\/2022\/04\/5-1-150x150.jpg 150w, https:\/\/cochi.cl\/web\/wp-content\/uploads\/2022\/04\/5-1-768x768.jpg 768w, https:\/\/cochi.cl\/web\/wp-content\/uploads\/2022\/04\/5-1-1536x1536.jpg 1536w, https:\/\/cochi.cl\/web\/wp-content\/uploads\/2022\/04\/5-1-600x600.jpg 600w, https:\/\/cochi.cl\/web\/wp-content\/uploads\/2022\/04\/5-1-100x100.jpg 100w, https:\/\/cochi.cl\/web\/wp-content\/uploads\/2022\/04\/5-1.jpg 1601w\" sizes=\"(max-width: 300px) 100vw, 300px\" \/> <img decoding=\"async\" loading=\"lazy\" class=\"alignnone size-medium wp-image-15742\" src=\"http:\/\/cochi.cl\/web\/wp-content\/uploads\/2022\/04\/6-1-300x300.jpg\" alt=\"\" width=\"300\" height=\"300\" srcset=\"https:\/\/cochi.cl\/web\/wp-content\/uploads\/2022\/04\/6-1-300x300.jpg 300w, https:\/\/cochi.cl\/web\/wp-content\/uploads\/2022\/04\/6-1-1024x1024.jpg 1024w, https:\/\/cochi.cl\/web\/wp-content\/uploads\/2022\/04\/6-1-150x150.jpg 150w, https:\/\/cochi.cl\/web\/wp-content\/uploads\/2022\/04\/6-1-768x768.jpg 768w, https:\/\/cochi.cl\/web\/wp-content\/uploads\/2022\/04\/6-1-1536x1536.jpg 1536w, https:\/\/cochi.cl\/web\/wp-content\/uploads\/2022\/04\/6-1-600x600.jpg 600w, https:\/\/cochi.cl\/web\/wp-content\/uploads\/2022\/04\/6-1-100x100.jpg 100w, https:\/\/cochi.cl\/web\/wp-content\/uploads\/2022\/04\/6-1.jpg 1601w\" sizes=\"(max-width: 300px) 100vw, 300px\" \/> <img decoding=\"async\" loading=\"lazy\" class=\"alignnone size-medium wp-image-15743\" src=\"http:\/\/cochi.cl\/web\/wp-content\/uploads\/2022\/04\/7-300x300.jpg\" alt=\"\" width=\"300\" height=\"300\" srcset=\"https:\/\/cochi.cl\/web\/wp-content\/uploads\/2022\/04\/7-300x300.jpg 300w, https:\/\/cochi.cl\/web\/wp-content\/uploads\/2022\/04\/7-1024x1024.jpg 1024w, https:\/\/cochi.cl\/web\/wp-content\/uploads\/2022\/04\/7-150x150.jpg 150w, https:\/\/cochi.cl\/web\/wp-content\/uploads\/2022\/04\/7-768x768.jpg 768w, https:\/\/cochi.cl\/web\/wp-content\/uploads\/2022\/04\/7-1536x1536.jpg 1536w, https:\/\/cochi.cl\/web\/wp-content\/uploads\/2022\/04\/7-600x600.jpg 600w, https:\/\/cochi.cl\/web\/wp-content\/uploads\/2022\/04\/7-100x100.jpg 100w, https:\/\/cochi.cl\/web\/wp-content\/uploads\/2022\/04\/7.jpg 1601w\" sizes=\"(max-width: 300px) 100vw, 300px\" \/><\/p>\n","protected":false},"excerpt":{"rendered":"<p>AUDIFONOS GAMING ONIKUMA X11 RGB CON OREJAS (ROSADO) Nuevo auricular con orejas de gato para ni\u00f1a, divertido auricular para juegos. Una nueva generaci\u00f3n de unidad de sonido de 50 mm con mayor resoluci\u00f3n de audio. C\u00f3modas de usar, orejeras envolventes de cuero grueso y agradable para la piel. Dise\u00f1o ergon\u00f3mico, viga de cabeza ajustable. La [&hellip;]<\/p>\n","protected":false},"featured_media":15738,"template":"","meta":[],"product_cat":[105],"product_tag":[],"_links":{"self":[{"href":"https:\/\/cochi.cl\/web\/wp-json\/wp\/v2\/product\/15737"}],"collection":[{"href":"https:\/\/cochi.cl\/web\/wp-json\/wp\/v2\/product"}],"about":[{"href":"https:\/\/cochi.cl\/web\/wp-json\/wp\/v2\/types\/product"}],"wp:featuredmedia":[{"embeddable":true,"href":"https:\/\/cochi.cl\/web\/wp-json\/wp\/v2\/media\/15738"}],"wp:attachment":[{"href":"https:\/\/cochi.cl\/web\/wp-json\/wp\/v2\/media?parent=15737"}],"wp:term":[{"taxonomy":"product_cat","embeddable":true,"href":"https:\/\/cochi.cl\/web\/wp-json\/wp\/v2\/product_cat?post=15737"},{"taxonomy":"product_tag","embeddable":true,"href":"https:\/\/cochi.cl\/web\/wp-json\/wp\/v2\/product_tag?post=15737"}],"curies":[{"name":"wp","href":"https:\/\/api.w.org\/{rel}","templated":true}]}}