{"id":15744,"date":"2022-04-14T20:06:58","date_gmt":"2022-04-14T20:06:58","guid":{"rendered":"https:\/\/cochi.cl\/web\/?post_type=product&#038;p=15744"},"modified":"2022-04-14T20:07:11","modified_gmt":"2022-04-14T20:07:11","slug":"audifonos-gaming-onikuma-rgb-k10-negro","status":"publish","type":"product","link":"https:\/\/cochi.cl\/web\/producto\/audifonos-gaming-onikuma-rgb-k10-negro\/","title":{"rendered":"AUDIFONOS GAMING ONIKUMA RGB K10 NEGRO"},"content":{"rendered":"<h3 style=\"text-align: center\"><strong>AUDIFONOS GAMING ONIKUMA RGB K10 NEGRO<\/strong><\/h3>\n<h5 id=\"tw-target-text\" class=\"tw-data-text tw-text-large tw-ta\" style=\"text-align: center\" data-placeholder=\"Traducci\u00f3n\"><span class=\"Y2IQFc\" lang=\"es\">\u00bfPasas muchas horas buscando unos auriculares para juegos de alta calidad? \u00bfEst\u00e1 cansado de usar sus viejos auriculares para juegos que tienen un sonido de audio de baja calidad que no durar\u00e1 toda la vida? El ONIKUMA K10 es un auricular para juegos liviano que brinda una satisfacci\u00f3n completa durante su sesi\u00f3n de juego. Estos auriculares para juegos son \u00fanicos porque minimizan los ruidos de fondo y las distorsiones al jugar, lo que ayuda a brindar un sonido claro y de alta frecuencia.<\/span><\/h5>\n<p>&nbsp;<\/p>\n<h4 style=\"text-align: center\"><strong>ESPECIFICACIONES<\/strong><\/h4>\n<h5 style=\"text-align: center\">Di\u00e1metro del altavoz: 50 mm<br \/>\nImpedancia: 16-20 ohmios \u00b115%<br \/>\nSensibilidad: 105, \u00b13dB<br \/>\nFrecuencia: 20-20,000Hz<br \/>\nDimensiones del micr\u00f3fono: 6,0 * 2,7 mm<br \/>\nSensibilidad del micr\u00f3fono: -42\u00b11dB<br \/>\nImpedancia del micr\u00f3fono: 2,2 K ohmios<br \/>\nDirectividad: Omnidireccional<br \/>\nCorriente de trabajo: por debajo de 100mA<br \/>\nLongitud del cable: aproximadamente 2,2 m\/7,22 pies<br \/>\nTama\u00f1o de los auriculares: aproximadamente 22*9*20 cm\/8,66*3,54*7,87 pulgadas<br \/>\nPeso de los auriculares: 380 g\/13,4 oz<br \/>\nTama\u00f1o del embalaje: 23,2*10,3*21\/9,13*4,06*8cm<br \/>\nPeso del embalaje: 519 g\/1,14 lb<br \/>\nVoltaje de funcionamiento LED RGB: CC 5 V +\/- 5 %<\/h5>\n<p>&nbsp;<\/p>\n<p><img decoding=\"async\" loading=\"lazy\" class=\"alignnone size-medium wp-image-15745\" src=\"http:\/\/cochi.cl\/web\/wp-content\/uploads\/2022\/04\/7-\u62f7\u8d1d-300x300.jpg\" alt=\"\" width=\"300\" height=\"300\" srcset=\"https:\/\/cochi.cl\/web\/wp-content\/uploads\/2022\/04\/7-\u62f7\u8d1d-300x300.jpg 300w, https:\/\/cochi.cl\/web\/wp-content\/uploads\/2022\/04\/7-\u62f7\u8d1d-1024x1024.jpg 1024w, https:\/\/cochi.cl\/web\/wp-content\/uploads\/2022\/04\/7-\u62f7\u8d1d-150x150.jpg 150w, https:\/\/cochi.cl\/web\/wp-content\/uploads\/2022\/04\/7-\u62f7\u8d1d-768x768.jpg 768w, https:\/\/cochi.cl\/web\/wp-content\/uploads\/2022\/04\/7-\u62f7\u8d1d-600x600.jpg 600w, https:\/\/cochi.cl\/web\/wp-content\/uploads\/2022\/04\/7-\u62f7\u8d1d-100x100.jpg 100w, https:\/\/cochi.cl\/web\/wp-content\/uploads\/2022\/04\/7-\u62f7\u8d1d.jpg 1500w\" sizes=\"(max-width: 300px) 100vw, 300px\" \/> <img decoding=\"async\" loading=\"lazy\" class=\"alignnone size-medium wp-image-15746\" src=\"http:\/\/cochi.cl\/web\/wp-content\/uploads\/2022\/04\/K10-Black-300x300.jpg\" alt=\"\" width=\"300\" height=\"300\" srcset=\"https:\/\/cochi.cl\/web\/wp-content\/uploads\/2022\/04\/K10-Black-300x300.jpg 300w, https:\/\/cochi.cl\/web\/wp-content\/uploads\/2022\/04\/K10-Black-1024x1024.jpg 1024w, https:\/\/cochi.cl\/web\/wp-content\/uploads\/2022\/04\/K10-Black-150x150.jpg 150w, https:\/\/cochi.cl\/web\/wp-content\/uploads\/2022\/04\/K10-Black-768x768.jpg 768w, https:\/\/cochi.cl\/web\/wp-content\/uploads\/2022\/04\/K10-Black-600x600.jpg 600w, https:\/\/cochi.cl\/web\/wp-content\/uploads\/2022\/04\/K10-Black-100x100.jpg 100w, https:\/\/cochi.cl\/web\/wp-content\/uploads\/2022\/04\/K10-Black.jpg 1500w\" sizes=\"(max-width: 300px) 100vw, 300px\" \/> <img decoding=\"async\" loading=\"lazy\" class=\"alignnone size-medium wp-image-15747\" src=\"http:\/\/cochi.cl\/web\/wp-content\/uploads\/2022\/04\/\u753b\u677f-2-1-300x300.jpg\" alt=\"\" width=\"300\" height=\"300\" srcset=\"https:\/\/cochi.cl\/web\/wp-content\/uploads\/2022\/04\/\u753b\u677f-2-1-300x300.jpg 300w, https:\/\/cochi.cl\/web\/wp-content\/uploads\/2022\/04\/\u753b\u677f-2-1-1024x1024.jpg 1024w, https:\/\/cochi.cl\/web\/wp-content\/uploads\/2022\/04\/\u753b\u677f-2-1-150x150.jpg 150w, https:\/\/cochi.cl\/web\/wp-content\/uploads\/2022\/04\/\u753b\u677f-2-1-768x768.jpg 768w, https:\/\/cochi.cl\/web\/wp-content\/uploads\/2022\/04\/\u753b\u677f-2-1-600x600.jpg 600w, https:\/\/cochi.cl\/web\/wp-content\/uploads\/2022\/04\/\u753b\u677f-2-1-100x100.jpg 100w, https:\/\/cochi.cl\/web\/wp-content\/uploads\/2022\/04\/\u753b\u677f-2-1.jpg 1500w\" sizes=\"(max-width: 300px) 100vw, 300px\" \/> <img decoding=\"async\" loading=\"lazy\" class=\"alignnone size-medium wp-image-15748\" src=\"http:\/\/cochi.cl\/web\/wp-content\/uploads\/2022\/04\/\u753b\u677f-3-1-300x300.jpg\" alt=\"\" width=\"300\" height=\"300\" srcset=\"https:\/\/cochi.cl\/web\/wp-content\/uploads\/2022\/04\/\u753b\u677f-3-1-300x300.jpg 300w, https:\/\/cochi.cl\/web\/wp-content\/uploads\/2022\/04\/\u753b\u677f-3-1-1024x1024.jpg 1024w, https:\/\/cochi.cl\/web\/wp-content\/uploads\/2022\/04\/\u753b\u677f-3-1-150x150.jpg 150w, https:\/\/cochi.cl\/web\/wp-content\/uploads\/2022\/04\/\u753b\u677f-3-1-768x768.jpg 768w, https:\/\/cochi.cl\/web\/wp-content\/uploads\/2022\/04\/\u753b\u677f-3-1-600x600.jpg 600w, https:\/\/cochi.cl\/web\/wp-content\/uploads\/2022\/04\/\u753b\u677f-3-1-100x100.jpg 100w, https:\/\/cochi.cl\/web\/wp-content\/uploads\/2022\/04\/\u753b\u677f-3-1.jpg 1500w\" sizes=\"(max-width: 300px) 100vw, 300px\" \/> <img decoding=\"async\" loading=\"lazy\" class=\"alignnone size-medium wp-image-15749\" src=\"http:\/\/cochi.cl\/web\/wp-content\/uploads\/2022\/04\/\u753b\u677f-4-1-300x300.jpg\" alt=\"\" width=\"300\" height=\"300\" srcset=\"https:\/\/cochi.cl\/web\/wp-content\/uploads\/2022\/04\/\u753b\u677f-4-1-300x300.jpg 300w, https:\/\/cochi.cl\/web\/wp-content\/uploads\/2022\/04\/\u753b\u677f-4-1-1024x1024.jpg 1024w, https:\/\/cochi.cl\/web\/wp-content\/uploads\/2022\/04\/\u753b\u677f-4-1-150x150.jpg 150w, https:\/\/cochi.cl\/web\/wp-content\/uploads\/2022\/04\/\u753b\u677f-4-1-768x768.jpg 768w, https:\/\/cochi.cl\/web\/wp-content\/uploads\/2022\/04\/\u753b\u677f-4-1-600x600.jpg 600w, https:\/\/cochi.cl\/web\/wp-content\/uploads\/2022\/04\/\u753b\u677f-4-1-100x100.jpg 100w, https:\/\/cochi.cl\/web\/wp-content\/uploads\/2022\/04\/\u753b\u677f-4-1.jpg 1500w\" sizes=\"(max-width: 300px) 100vw, 300px\" \/> <img decoding=\"async\" loading=\"lazy\" class=\"alignnone size-medium wp-image-15750\" src=\"http:\/\/cochi.cl\/web\/wp-content\/uploads\/2022\/04\/\u753b\u677f-6-300x300.jpg\" alt=\"\" width=\"300\" height=\"300\" srcset=\"https:\/\/cochi.cl\/web\/wp-content\/uploads\/2022\/04\/\u753b\u677f-6-300x300.jpg 300w, https:\/\/cochi.cl\/web\/wp-content\/uploads\/2022\/04\/\u753b\u677f-6-1024x1024.jpg 1024w, https:\/\/cochi.cl\/web\/wp-content\/uploads\/2022\/04\/\u753b\u677f-6-150x150.jpg 150w, https:\/\/cochi.cl\/web\/wp-content\/uploads\/2022\/04\/\u753b\u677f-6-768x768.jpg 768w, https:\/\/cochi.cl\/web\/wp-content\/uploads\/2022\/04\/\u753b\u677f-6-600x600.jpg 600w, https:\/\/cochi.cl\/web\/wp-content\/uploads\/2022\/04\/\u753b\u677f-6-100x100.jpg 100w, https:\/\/cochi.cl\/web\/wp-content\/uploads\/2022\/04\/\u753b\u677f-6.jpg 1500w\" sizes=\"(max-width: 300px) 100vw, 300px\" \/><\/p>\n","protected":false},"excerpt":{"rendered":"<h5 id=\"tw-target-text\" class=\"tw-data-text tw-text-large tw-ta\" data-placeholder=\"Traducci\u00f3n\"><span class=\"Y2IQFc\" lang=\"es\">ONIKUMA K10 Juegos profesionales Auriculares RGB Iluminaci\u00f3n colorida Mic PC Tel\u00e9fono PS4 XBOX Switch Gamer Auriculares con cable.<\/span><\/h5>\n","protected":false},"featured_media":15746,"template":"","meta":[],"product_cat":[105],"product_tag":[],"_links":{"self":[{"href":"https:\/\/cochi.cl\/web\/wp-json\/wp\/v2\/product\/15744"}],"collection":[{"href":"https:\/\/cochi.cl\/web\/wp-json\/wp\/v2\/product"}],"about":[{"href":"https:\/\/cochi.cl\/web\/wp-json\/wp\/v2\/types\/product"}],"wp:featuredmedia":[{"embeddable":true,"href":"https:\/\/cochi.cl\/web\/wp-json\/wp\/v2\/media\/15746"}],"wp:attachment":[{"href":"https:\/\/cochi.cl\/web\/wp-json\/wp\/v2\/media?parent=15744"}],"wp:term":[{"taxonomy":"product_cat","embeddable":true,"href":"https:\/\/cochi.cl\/web\/wp-json\/wp\/v2\/product_cat?post=15744"},{"taxonomy":"product_tag","embeddable":true,"href":"https:\/\/cochi.cl\/web\/wp-json\/wp\/v2\/product_tag?post=15744"}],"curies":[{"name":"wp","href":"https:\/\/api.w.org\/{rel}","templated":true}]}}