{"id":15793,"date":"2022-04-14T21:32:16","date_gmt":"2022-04-14T21:32:16","guid":{"rendered":"https:\/\/cochi.cl\/web\/?post_type=product&#038;p=15793"},"modified":"2022-04-14T21:32:32","modified_gmt":"2022-04-14T21:32:32","slug":"audifono-gaming-onikuma-rgb-k20-negro","status":"publish","type":"product","link":"https:\/\/cochi.cl\/web\/producto\/audifono-gaming-onikuma-rgb-k20-negro\/","title":{"rendered":"AUDIFONO GAMING ONIKUMA RGB K20 NEGRO"},"content":{"rendered":"<h3 style=\"text-align: center\" data-placeholder=\"Traducci\u00f3n\"><strong>AUDIFONO GAMING ONIKUMA RGB K20 NEGRO<\/strong><\/h3>\n<h5 id=\"tw-target-text\" class=\"tw-data-text tw-text-large tw-ta\" style=\"text-align: center\" data-placeholder=\"Traducci\u00f3n\"><span class=\"Y2IQFc\" lang=\"es\">1. El micr\u00f3fono omnidireccional ajustable elimina el eco, reduce ruido de fondo, y proporciona una voz de conversaci\u00f3n suave, clara y s\u00faper s\u00f3lida para mejores chats en el juego. <\/span><\/h5>\n<h5 class=\"tw-data-text tw-text-large tw-ta\" style=\"text-align: center\" data-placeholder=\"Traducci\u00f3n\"><span class=\"Y2IQFc\" lang=\"es\">2. Los controladores de neodimio magn\u00e9tico de 40 mm que tienen graves impactantes y permiten escuchar la posici\u00f3n y los pasos con precisi\u00f3n pueden brindarle un campo de sonido v\u00edvido. capaz de varios juegos. <\/span><\/h5>\n<h5 class=\"tw-data-text tw-text-large tw-ta\" style=\"text-align: center\" data-placeholder=\"Traducci\u00f3n\"><span class=\"Y2IQFc\" lang=\"es\">3. Las orejeras suaves para la piel son c\u00f3modas y transpirables para un uso prolongado y tienen buen aislamiento ac\u00fastico para cortar los sonidos externos. Soporte de esponja engrosada y El haz de cabeza ajustable es adecuado para cabezas de todos los tama\u00f1os. <\/span><\/h5>\n<h5 class=\"tw-data-text tw-text-large tw-ta\" style=\"text-align: center\" data-placeholder=\"Traducci\u00f3n\"><span class=\"Y2IQFc\" lang=\"es\">4. Las luces LED que cambian de color est\u00e1n dise\u00f1adas en los auriculares para resaltar la atm\u00f3sfera del juego. Te ver\u00e1s s\u00faper elegante con un bonito dise\u00f1o. <\/span><\/h5>\n<h5 class=\"tw-data-text tw-text-large tw-ta\" style=\"text-align: center\" data-placeholder=\"Traducci\u00f3n\"><span class=\"Y2IQFc\" lang=\"es\">5. Adecuado para tel\u00e9fonos inteligentes, computadoras port\u00e1tiles, PS4 y otros dispositivos de audio con puerto de 3,5 mm.<\/span><\/h5>\n<p>&nbsp;<\/p>\n<h4 style=\"text-align: center\"><strong>ESPECIFICACIONES:<\/strong><\/h4>\n<h5 id=\"tw-target-text\" class=\"tw-data-text tw-text-large tw-ta\" style=\"text-align: center\" data-placeholder=\"Traducci\u00f3n\"><span class=\"Y2IQFc\" lang=\"es\">Modelo: ONIKUMA K20 <\/span><\/h5>\n<h5 class=\"tw-data-text tw-text-large tw-ta\" style=\"text-align: center\" data-placeholder=\"Traducci\u00f3n\"><span class=\"Y2IQFc\" lang=\"es\">Color: negro, blanco camuflaje, gris camuflaje <\/span><\/h5>\n<h5 class=\"tw-data-text tw-text-large tw-ta\" style=\"text-align: center\" data-placeholder=\"Traducci\u00f3n\"><span class=\"Y2IQFc\" lang=\"es\">Di\u00e1metro del altavoz: 40 mm\/1,57&#8243; <\/span><\/h5>\n<h5 class=\"tw-data-text tw-text-large tw-ta\" style=\"text-align: center\" data-placeholder=\"Traducci\u00f3n\"><span class=\"Y2IQFc\" lang=\"es\">Rango de frecuencia: 20-20 KHz <\/span><\/h5>\n<h5 class=\"tw-data-text tw-text-large tw-ta\" style=\"text-align: center\" data-placeholder=\"Traducci\u00f3n\"><span class=\"Y2IQFc\" lang=\"es\">Sensibilidad: 118\u00b13dB <\/span><\/h5>\n<h5 class=\"tw-data-text tw-text-large tw-ta\" style=\"text-align: center\" data-placeholder=\"Traducci\u00f3n\"><span class=\"Y2IQFc\" lang=\"es\">Impedancia: 32\u03a9\u00b115% <\/span><\/h5>\n<h5 class=\"tw-data-text tw-text-large tw-ta\" style=\"text-align: center\" data-placeholder=\"Traducci\u00f3n\"><span class=\"Y2IQFc\" lang=\"es\">Di\u00e1metro del micr\u00f3fono: 6,0 X 5,0 mm\/0,24 X 0,2&#8243; <\/span><\/h5>\n<h5 class=\"tw-data-text tw-text-large tw-ta\" style=\"text-align: center\" data-placeholder=\"Traducci\u00f3n\"><span class=\"Y2IQFc\" lang=\"es\">Sensibilidad del micr\u00f3fono: -38\u00b13dB <\/span><\/h5>\n<h5 class=\"tw-data-text tw-text-large tw-ta\" style=\"text-align: center\" data-placeholder=\"Traducci\u00f3n\"><span class=\"Y2IQFc\" lang=\"es\">Impedancia del micr\u00f3fono: 2,2 K\u03a9 <\/span><\/h5>\n<h5 class=\"tw-data-text tw-text-large tw-ta\" style=\"text-align: center\" data-placeholder=\"Traducci\u00f3n\"><span class=\"Y2IQFc\" lang=\"es\">Direccionalidad: Omnidireccional <\/span><\/h5>\n<h5 class=\"tw-data-text tw-text-large tw-ta\" style=\"text-align: center\" data-placeholder=\"Traducci\u00f3n\"><span class=\"Y2IQFc\" lang=\"es\">Corriente de trabajo: \u2264100mA <\/span><\/h5>\n<h5 class=\"tw-data-text tw-text-large tw-ta\" style=\"text-align: center\" data-placeholder=\"Traducci\u00f3n\"><span class=\"Y2IQFc\" lang=\"es\">Enchufe de entrada: 3,5 mm 4 pines + USB (para LED)<\/span><\/h5>\n<p>&nbsp;<\/p>\n<p><img decoding=\"async\" loading=\"lazy\" class=\"alignnone size-medium wp-image-15794\" src=\"http:\/\/cochi.cl\/web\/wp-content\/uploads\/2022\/04\/5-3-300x300.jpg\" alt=\"\" width=\"300\" height=\"300\" srcset=\"https:\/\/cochi.cl\/web\/wp-content\/uploads\/2022\/04\/5-3-300x300.jpg 300w, https:\/\/cochi.cl\/web\/wp-content\/uploads\/2022\/04\/5-3-1024x1024.jpg 1024w, https:\/\/cochi.cl\/web\/wp-content\/uploads\/2022\/04\/5-3-150x150.jpg 150w, https:\/\/cochi.cl\/web\/wp-content\/uploads\/2022\/04\/5-3-768x768.jpg 768w, https:\/\/cochi.cl\/web\/wp-content\/uploads\/2022\/04\/5-3-600x600.jpg 600w, https:\/\/cochi.cl\/web\/wp-content\/uploads\/2022\/04\/5-3-100x100.jpg 100w, https:\/\/cochi.cl\/web\/wp-content\/uploads\/2022\/04\/5-3.jpg 1500w\" sizes=\"(max-width: 300px) 100vw, 300px\" \/> <img decoding=\"async\" loading=\"lazy\" class=\"alignnone size-medium wp-image-15796\" src=\"http:\/\/cochi.cl\/web\/wp-content\/uploads\/2022\/04\/gaming-headphones-4-300x300.jpg\" alt=\"\" width=\"300\" height=\"300\" srcset=\"https:\/\/cochi.cl\/web\/wp-content\/uploads\/2022\/04\/gaming-headphones-4-300x300.jpg 300w, https:\/\/cochi.cl\/web\/wp-content\/uploads\/2022\/04\/gaming-headphones-4-1024x1024.jpg 1024w, https:\/\/cochi.cl\/web\/wp-content\/uploads\/2022\/04\/gaming-headphones-4-150x150.jpg 150w, https:\/\/cochi.cl\/web\/wp-content\/uploads\/2022\/04\/gaming-headphones-4-768x768.jpg 768w, https:\/\/cochi.cl\/web\/wp-content\/uploads\/2022\/04\/gaming-headphones-4-600x600.jpg 600w, https:\/\/cochi.cl\/web\/wp-content\/uploads\/2022\/04\/gaming-headphones-4-100x100.jpg 100w, https:\/\/cochi.cl\/web\/wp-content\/uploads\/2022\/04\/gaming-headphones-4.jpg 1500w\" sizes=\"(max-width: 300px) 100vw, 300px\" \/> <img decoding=\"async\" loading=\"lazy\" class=\"alignnone size-medium wp-image-15797\" src=\"http:\/\/cochi.cl\/web\/wp-content\/uploads\/2022\/04\/gaming-headphones-6-300x300.jpg\" alt=\"\" width=\"300\" height=\"300\" srcset=\"https:\/\/cochi.cl\/web\/wp-content\/uploads\/2022\/04\/gaming-headphones-6-300x300.jpg 300w, https:\/\/cochi.cl\/web\/wp-content\/uploads\/2022\/04\/gaming-headphones-6-1024x1024.jpg 1024w, https:\/\/cochi.cl\/web\/wp-content\/uploads\/2022\/04\/gaming-headphones-6-150x150.jpg 150w, https:\/\/cochi.cl\/web\/wp-content\/uploads\/2022\/04\/gaming-headphones-6-768x768.jpg 768w, https:\/\/cochi.cl\/web\/wp-content\/uploads\/2022\/04\/gaming-headphones-6-600x600.jpg 600w, https:\/\/cochi.cl\/web\/wp-content\/uploads\/2022\/04\/gaming-headphones-6-100x100.jpg 100w, https:\/\/cochi.cl\/web\/wp-content\/uploads\/2022\/04\/gaming-headphones-6.jpg 1500w\" sizes=\"(max-width: 300px) 100vw, 300px\" \/> <img decoding=\"async\" loading=\"lazy\" class=\"alignnone size-medium wp-image-15798\" src=\"http:\/\/cochi.cl\/web\/wp-content\/uploads\/2022\/04\/gaming-headphones-300x300.jpg\" alt=\"\" width=\"300\" height=\"300\" srcset=\"https:\/\/cochi.cl\/web\/wp-content\/uploads\/2022\/04\/gaming-headphones-300x300.jpg 300w, https:\/\/cochi.cl\/web\/wp-content\/uploads\/2022\/04\/gaming-headphones-1024x1024.jpg 1024w, https:\/\/cochi.cl\/web\/wp-content\/uploads\/2022\/04\/gaming-headphones-150x150.jpg 150w, https:\/\/cochi.cl\/web\/wp-content\/uploads\/2022\/04\/gaming-headphones-768x768.jpg 768w, https:\/\/cochi.cl\/web\/wp-content\/uploads\/2022\/04\/gaming-headphones-600x600.jpg 600w, https:\/\/cochi.cl\/web\/wp-content\/uploads\/2022\/04\/gaming-headphones-100x100.jpg 100w, https:\/\/cochi.cl\/web\/wp-content\/uploads\/2022\/04\/gaming-headphones.jpg 1500w\" sizes=\"(max-width: 300px) 100vw, 300px\" \/> <img decoding=\"async\" loading=\"lazy\" class=\"alignnone size-medium wp-image-15799\" src=\"http:\/\/cochi.cl\/web\/wp-content\/uploads\/2022\/04\/\u4e3b\u56fe2-4-300x300.jpg\" alt=\"\" width=\"300\" height=\"300\" srcset=\"https:\/\/cochi.cl\/web\/wp-content\/uploads\/2022\/04\/\u4e3b\u56fe2-4-300x300.jpg 300w, https:\/\/cochi.cl\/web\/wp-content\/uploads\/2022\/04\/\u4e3b\u56fe2-4-1024x1024.jpg 1024w, https:\/\/cochi.cl\/web\/wp-content\/uploads\/2022\/04\/\u4e3b\u56fe2-4-150x150.jpg 150w, https:\/\/cochi.cl\/web\/wp-content\/uploads\/2022\/04\/\u4e3b\u56fe2-4-768x768.jpg 768w, https:\/\/cochi.cl\/web\/wp-content\/uploads\/2022\/04\/\u4e3b\u56fe2-4-600x600.jpg 600w, https:\/\/cochi.cl\/web\/wp-content\/uploads\/2022\/04\/\u4e3b\u56fe2-4-100x100.jpg 100w, https:\/\/cochi.cl\/web\/wp-content\/uploads\/2022\/04\/\u4e3b\u56fe2-4.jpg 1500w\" sizes=\"(max-width: 300px) 100vw, 300px\" \/><\/p>\n","protected":false},"excerpt":{"rendered":"<h5 id=\"tw-target-text\" class=\"tw-data-text tw-text-large tw-ta\" data-placeholder=\"Traducci\u00f3n\"><span class=\"Y2IQFc\" lang=\"es\">ONIKUMA K20 Auriculares para juegos por cable con micr\u00f3fono RGB Auriculares con cancelaci\u00f3n de ruido para PS4 Xbox One Auriculares Gamer.<\/span><\/h5>\n","protected":false},"featured_media":15799,"template":"","meta":[],"product_cat":[105],"product_tag":[],"_links":{"self":[{"href":"https:\/\/cochi.cl\/web\/wp-json\/wp\/v2\/product\/15793"}],"collection":[{"href":"https:\/\/cochi.cl\/web\/wp-json\/wp\/v2\/product"}],"about":[{"href":"https:\/\/cochi.cl\/web\/wp-json\/wp\/v2\/types\/product"}],"wp:featuredmedia":[{"embeddable":true,"href":"https:\/\/cochi.cl\/web\/wp-json\/wp\/v2\/media\/15799"}],"wp:attachment":[{"href":"https:\/\/cochi.cl\/web\/wp-json\/wp\/v2\/media?parent=15793"}],"wp:term":[{"taxonomy":"product_cat","embeddable":true,"href":"https:\/\/cochi.cl\/web\/wp-json\/wp\/v2\/product_cat?post=15793"},{"taxonomy":"product_tag","embeddable":true,"href":"https:\/\/cochi.cl\/web\/wp-json\/wp\/v2\/product_tag?post=15793"}],"curies":[{"name":"wp","href":"https:\/\/api.w.org\/{rel}","templated":true}]}}